{"id":18579,"date":"2022-04-06T06:07:14","date_gmt":"2022-04-06T04:07:14","guid":{"rendered":"https:\/\/www.benevolenti.com\/?post_type=product&#038;p=18579"},"modified":"2024-10-14T13:45:04","modified_gmt":"2024-10-14T11:45:04","slug":"armkette-marienkaeferli","status":"publish","type":"product","link":"https:\/\/www.benevolenti.com\/de\/produkt\/armkette-marienkaeferli\/","title":{"rendered":"ARMKETTE Marienk\u00e4ferli"},"content":{"rendered":"<p>Ob f\u00fcr ein Neugeborenes oder f\u00fcr ein ABC-Sch\u00fctze: dieses Armband passt immer, auch wegen dem verstellbaren Verschluss.<\/p>\n<p>Bernstein (braun): Gesundheit und Fr\u00f6hlichkeit<br \/>\nAventurin (gr\u00fcn): Mut und Gelassenheit<br \/>\nAmethyst (violett): Konzentration und Friede<br \/>\nRosenquarz (rosa): Leidenschaft und Herzenskraft<\/p>\n<p>Bitte beim Auschecken Vorname des Kindes angeben, dann kann ich das K\u00e4rtchen pers\u00f6nlich gestalten. Merci!<\/p>\n<p>&nbsp;<\/p>\n","protected":false},"excerpt":{"rendered":"<p>Ob f\u00fcr ein Neugeborenes oder f\u00fcr ein ABC-Sch\u00fctze: dieses Armband passt immer, auch wegen dem verstellbaren Verschluss. Bernstein (braun): Gesundheit und Fr\u00f6hlichkeit Aventurin (gr\u00fcn): Mut und Gelassenheit Amethyst (violett): Konzentration und Friede Rosenquarz (rosa): Leidenschaft und Herzenskraft Bitte beim Auschecken Vorname des Kindes angeben, dann kann ich das K\u00e4rtchen pers\u00f6nlich&#8230; <a class=\"more-link\" href=\"https:\/\/www.benevolenti.com\/de\/produkt\/armkette-marienkaeferli\/\">Mehr<\/a><\/p>\n","protected":false},"featured_media":18583,"comment_status":"open","ping_status":"closed","template":"","meta":[],"product_brand":[],"product_cat":[741,138,650],"product_tag":[600,448,639,610],"class_list":{"0":"post-18579","1":"product","2":"type-product","3":"status-publish","4":"has-post-thumbnail","6":"product_cat-kinderarm","7":"product_cat-geburt-taufe","8":"product_cat-geburt-taufe-konf","9":"product_tag-amazonit","10":"product_tag-amethyst","11":"product_tag-bernstein","12":"product_tag-rosenquarz","14":"first","15":"instock","16":"shipping-taxable","17":"purchasable","18":"product-type-variable","19":"has-default-attributes"},"jetpack_sharing_enabled":true,"_links":{"self":[{"href":"https:\/\/www.benevolenti.com\/de\/wp-json\/wp\/v2\/product\/18579","targetHints":{"allow":["GET"]}}],"collection":[{"href":"https:\/\/www.benevolenti.com\/de\/wp-json\/wp\/v2\/product"}],"about":[{"href":"https:\/\/www.benevolenti.com\/de\/wp-json\/wp\/v2\/types\/product"}],"replies":[{"embeddable":true,"href":"https:\/\/www.benevolenti.com\/de\/wp-json\/wp\/v2\/comments?post=18579"}],"wp:featuredmedia":[{"embeddable":true,"href":"https:\/\/www.benevolenti.com\/de\/wp-json\/wp\/v2\/media\/18583"}],"wp:attachment":[{"href":"https:\/\/www.benevolenti.com\/de\/wp-json\/wp\/v2\/media?parent=18579"}],"wp:term":[{"taxonomy":"product_brand","embeddable":true,"href":"https:\/\/www.benevolenti.com\/de\/wp-json\/wp\/v2\/product_brand?post=18579"},{"taxonomy":"product_cat","embeddable":true,"href":"https:\/\/www.benevolenti.com\/de\/wp-json\/wp\/v2\/product_cat?post=18579"},{"taxonomy":"product_tag","embeddable":true,"href":"https:\/\/www.benevolenti.com\/de\/wp-json\/wp\/v2\/product_tag?post=18579"}],"curies":[{"name":"wp","href":"https:\/\/api.w.org\/{rel}","templated":true}]}}