{"id":18576,"date":"2022-04-06T08:01:15","date_gmt":"2022-04-06T06:01:15","guid":{"rendered":"https:\/\/www.benevolenti.com\/?post_type=product&#038;p=18576"},"modified":"2026-01-22T10:55:40","modified_gmt":"2026-01-22T09:55:40","slug":"halsband-fuchs","status":"publish","type":"product","link":"https:\/\/www.benevolenti.com\/de\/produkt\/halsband-fuchs\/","title":{"rendered":"HALSBAND Fuchs"},"content":{"rendered":"<p>Das Halsband Fuchs tr\u00e4gt einen treuen Begleiter, sorgf\u00e4ltig von Meisterhand aus einem Tigerauge herausgearbeitet.<\/p>\n<p><em>Tigerauge gibt dir Mut, Optimismus und raschen Durchblick in schwierigen Situationen. Er beruhigt deine Nerven und l\u00e4sst dich l\u00e4nger an einer Sache dranbleiben.<\/em><\/p>\n<p>L\u00e4nge 40cm oder nach Wunsch.<br \/>\nIn Baumwollsachet.<br \/>\nMit Steinbeschreibung und Wunsch &#8222;Ganz viel Gl\u00fcck!&#8220;.<\/p>\n","protected":false},"excerpt":{"rendered":"<p>Das Halsband Fuchs tr\u00e4gt einen treuen Begleiter, sorgf\u00e4ltig von Meisterhand aus einem Tigerauge herausgearbeitet. Tigerauge gibt dir Mut, Optimismus und raschen Durchblick in schwierigen Situationen. Er beruhigt deine Nerven und l\u00e4sst dich l\u00e4nger an einer Sache dranbleiben. L\u00e4nge 40cm oder nach Wunsch. In Baumwollsachet. Mit Steinbeschreibung und Wunsch &#8222;Ganz viel&#8230; <a class=\"more-link\" href=\"https:\/\/www.benevolenti.com\/de\/produkt\/halsband-fuchs\/\">Mehr<\/a><\/p>\n","protected":false},"featured_media":18578,"comment_status":"open","ping_status":"closed","template":"","meta":[],"product_brand":[],"product_cat":[645,742],"product_tag":[699],"class_list":{"0":"post-18576","1":"product","2":"type-product","3":"status-publish","4":"has-post-thumbnail","6":"product_cat-geschenke-fuer-kinder","7":"product_cat-kinderhals-2","8":"product_tag-tigerauge","10":"first","11":"instock","12":"shipping-taxable","13":"purchasable","14":"product-type-simple"},"jetpack_sharing_enabled":true,"_links":{"self":[{"href":"https:\/\/www.benevolenti.com\/de\/wp-json\/wp\/v2\/product\/18576","targetHints":{"allow":["GET"]}}],"collection":[{"href":"https:\/\/www.benevolenti.com\/de\/wp-json\/wp\/v2\/product"}],"about":[{"href":"https:\/\/www.benevolenti.com\/de\/wp-json\/wp\/v2\/types\/product"}],"replies":[{"embeddable":true,"href":"https:\/\/www.benevolenti.com\/de\/wp-json\/wp\/v2\/comments?post=18576"}],"wp:featuredmedia":[{"embeddable":true,"href":"https:\/\/www.benevolenti.com\/de\/wp-json\/wp\/v2\/media\/18578"}],"wp:attachment":[{"href":"https:\/\/www.benevolenti.com\/de\/wp-json\/wp\/v2\/media?parent=18576"}],"wp:term":[{"taxonomy":"product_brand","embeddable":true,"href":"https:\/\/www.benevolenti.com\/de\/wp-json\/wp\/v2\/product_brand?post=18576"},{"taxonomy":"product_cat","embeddable":true,"href":"https:\/\/www.benevolenti.com\/de\/wp-json\/wp\/v2\/product_cat?post=18576"},{"taxonomy":"product_tag","embeddable":true,"href":"https:\/\/www.benevolenti.com\/de\/wp-json\/wp\/v2\/product_tag?post=18576"}],"curies":[{"name":"wp","href":"https:\/\/api.w.org\/{rel}","templated":true}]}}