{"id":18549,"date":"2022-04-05T09:36:54","date_gmt":"2022-04-05T07:36:54","guid":{"rendered":"https:\/\/www.benevolenti.com\/?post_type=product&#038;p=18549"},"modified":"2025-06-15T20:25:49","modified_gmt":"2025-06-15T18:25:49","slug":"troepfchenkette-prehnit","status":"publish","type":"product","link":"https:\/\/www.benevolenti.com\/de\/produkt\/troepfchenkette-prehnit\/","title":{"rendered":"TR\u00d6PFCHEN KETTE Prehnit"},"content":{"rendered":"<p>Lindengr\u00fcne Prehnite von mir auf eine filigrane Kette gesetzt &#8211; wunderbar leicht und doch stark.<\/p>\n<p><em>Prehnit st\u00e4rkt die eigene Identit\u00e4t, indem er Vermeidungs- und Verdr\u00e4ngungsmechanismen aufl\u00f6st. Er f\u00f6rdert den analytischen Verstand und steigert die Aufnahmef\u00e4higkeit. <\/em><em>K\u00f6rperlich regt Prehnit den Fettstoffwechsel an und beschleunigt die Entfernung der im Fett eingelagerten Giftstoffe. Prehnit stimuliert alle Erneuerungsprozesse im K\u00f6rper.<\/em><\/p>\n<p>Gerne auch mit einem pers\u00f6nlichen Wunsch, ich schreibe die Karten von Hand.<\/p>\n<p>Halskette 40cm, (vergoldetes) 925 Silber.<\/p>\n","protected":false},"excerpt":{"rendered":"<p>Lindengr\u00fcne Prehnite von mir auf eine filigrane Kette gesetzt &#8211; wunderbar leicht und doch stark. Prehnit st\u00e4rkt die eigene Identit\u00e4t, indem er Vermeidungs- und Verdr\u00e4ngungsmechanismen aufl\u00f6st. Er f\u00f6rdert den analytischen Verstand und steigert die Aufnahmef\u00e4higkeit. K\u00f6rperlich regt Prehnit den Fettstoffwechsel an und beschleunigt die Entfernung der im Fett eingelagerten Giftstoffe&#8230;. <a class=\"more-link\" href=\"https:\/\/www.benevolenti.com\/de\/produkt\/troepfchenkette-prehnit\/\">Mehr<\/a><\/p>\n","protected":false},"featured_media":18554,"comment_status":"open","ping_status":"closed","template":"","meta":[],"product_brand":[],"product_cat":[707,727],"product_tag":[662],"class_list":{"0":"post-18549","1":"product","2":"type-product","3":"status-publish","4":"has-post-thumbnail","6":"product_cat-freude-zufriedenheit","7":"product_cat-tropfenketten","8":"product_tag-prehnit","10":"first","11":"instock","12":"shipping-taxable","13":"purchasable","14":"product-type-variable"},"jetpack_sharing_enabled":true,"_links":{"self":[{"href":"https:\/\/www.benevolenti.com\/de\/wp-json\/wp\/v2\/product\/18549","targetHints":{"allow":["GET"]}}],"collection":[{"href":"https:\/\/www.benevolenti.com\/de\/wp-json\/wp\/v2\/product"}],"about":[{"href":"https:\/\/www.benevolenti.com\/de\/wp-json\/wp\/v2\/types\/product"}],"replies":[{"embeddable":true,"href":"https:\/\/www.benevolenti.com\/de\/wp-json\/wp\/v2\/comments?post=18549"}],"wp:featuredmedia":[{"embeddable":true,"href":"https:\/\/www.benevolenti.com\/de\/wp-json\/wp\/v2\/media\/18554"}],"wp:attachment":[{"href":"https:\/\/www.benevolenti.com\/de\/wp-json\/wp\/v2\/media?parent=18549"}],"wp:term":[{"taxonomy":"product_brand","embeddable":true,"href":"https:\/\/www.benevolenti.com\/de\/wp-json\/wp\/v2\/product_brand?post=18549"},{"taxonomy":"product_cat","embeddable":true,"href":"https:\/\/www.benevolenti.com\/de\/wp-json\/wp\/v2\/product_cat?post=18549"},{"taxonomy":"product_tag","embeddable":true,"href":"https:\/\/www.benevolenti.com\/de\/wp-json\/wp\/v2\/product_tag?post=18549"}],"curies":[{"name":"wp","href":"https:\/\/api.w.org\/{rel}","templated":true}]}}