{"id":18487,"date":"2022-04-04T08:05:21","date_gmt":"2022-04-04T06:05:21","guid":{"rendered":"https:\/\/www.benevolenti.com\/?post_type=product&#038;p=18487"},"modified":"2024-10-15T18:38:36","modified_gmt":"2024-10-15T16:38:36","slug":"anhaenger-aaa-rhodochrosit","status":"publish","type":"product","link":"https:\/\/www.benevolenti.com\/de\/produkt\/anhaenger-aaa-rhodochrosit\/","title":{"rendered":"ANH\u00c4NGER AAA Rhodochrosit"},"content":{"rendered":"<p>Von Meisterhand perfekt geschliffene Rhodochrosite in bester Qualit\u00e4t. Ein unglaublicher Fund, der mich sehr happy macht.<\/p>\n<p>Anh\u00e4nger aus Rhodochrosit, Gr\u00f6sse ca. 4 cm.<\/p>\n<p>Versandkostenfrei geliefert auf handgeschriebener Karte, auf Wunsch auch in einer BENEVOLENTI Geschenkschachtel. Perfekt f\u00fcr Ketten der L\u00e4nge 70 oder 90cm, bitte separat bestellen: <a href=\"https:\/\/www.benevolenti.com\/de\/produkt\/kugelketten-925-silber-vergoldet\/\">Kugelketten<\/a> und <a href=\"https:\/\/www.benevolenti.com\/de\/produkt\/silver-rolo-chain-necklace\/\">Roloketten<\/a><\/p>\n<p>&nbsp;<\/p>\n","protected":false},"excerpt":{"rendered":"<p>Von Meisterhand perfekt geschliffene Rhodochrosite in bester Qualit\u00e4t. Ein unglaublicher Fund, der mich sehr happy macht. Anh\u00e4nger aus Rhodochrosit, Gr\u00f6sse ca. 4 cm. Versandkostenfrei geliefert auf handgeschriebener Karte, auf Wunsch auch in einer BENEVOLENTI Geschenkschachtel. Perfekt f\u00fcr Ketten der L\u00e4nge 70 oder 90cm, bitte separat bestellen: Kugelketten und Roloketten &nbsp;<\/p>\n","protected":false},"featured_media":18821,"comment_status":"open","ping_status":"closed","template":"","meta":[],"product_brand":[],"product_cat":[334,591],"product_tag":[688],"class_list":{"0":"post-18487","1":"product","2":"type-product","3":"status-publish","4":"has-post-thumbnail","6":"product_cat-anhanger","7":"product_cat-gesundheit-vitalitaet","8":"product_tag-rhodochrosit","10":"first","11":"instock","12":"shipping-taxable","13":"purchasable","14":"product-type-variable"},"jetpack_sharing_enabled":true,"_links":{"self":[{"href":"https:\/\/www.benevolenti.com\/de\/wp-json\/wp\/v2\/product\/18487","targetHints":{"allow":["GET"]}}],"collection":[{"href":"https:\/\/www.benevolenti.com\/de\/wp-json\/wp\/v2\/product"}],"about":[{"href":"https:\/\/www.benevolenti.com\/de\/wp-json\/wp\/v2\/types\/product"}],"replies":[{"embeddable":true,"href":"https:\/\/www.benevolenti.com\/de\/wp-json\/wp\/v2\/comments?post=18487"}],"wp:featuredmedia":[{"embeddable":true,"href":"https:\/\/www.benevolenti.com\/de\/wp-json\/wp\/v2\/media\/18821"}],"wp:attachment":[{"href":"https:\/\/www.benevolenti.com\/de\/wp-json\/wp\/v2\/media?parent=18487"}],"wp:term":[{"taxonomy":"product_brand","embeddable":true,"href":"https:\/\/www.benevolenti.com\/de\/wp-json\/wp\/v2\/product_brand?post=18487"},{"taxonomy":"product_cat","embeddable":true,"href":"https:\/\/www.benevolenti.com\/de\/wp-json\/wp\/v2\/product_cat?post=18487"},{"taxonomy":"product_tag","embeddable":true,"href":"https:\/\/www.benevolenti.com\/de\/wp-json\/wp\/v2\/product_tag?post=18487"}],"curies":[{"name":"wp","href":"https:\/\/api.w.org\/{rel}","templated":true}]}}