{"id":18468,"date":"2022-04-01T16:27:11","date_gmt":"2022-04-01T14:27:11","guid":{"rendered":"https:\/\/www.benevolenti.com\/?post_type=product&#038;p=18468"},"modified":"2024-11-10T12:33:27","modified_gmt":"2024-11-10T11:33:27","slug":"halskette-onyx-stern","status":"publish","type":"product","link":"https:\/\/www.benevolenti.com\/de\/produkt\/halskette-onyx-stern\/","title":{"rendered":"HALSKETTE Onyx Stern"},"content":{"rendered":"<p>Ein starker Hingucker und Begleiter.<\/p>\n<p>Onyx f\u00f6rdert die Selbstverwirklichung. Er hilft, die eigenen Ziele unabl\u00e4ssig zu verfolgen und eignet sich damit besonders f\u00fcr Menschen, die sich zu leicht beeinflussen lassen.\u00a0Er st\u00e4rkt Selbstbewusstsein und Verantwortungsgef\u00fchl, f\u00f6rdert einen gesunden Egoismus und die Bereitschaft, sich notfalls auch auf Auseinandersetzungen einzulassen.<\/p>\n<p>Onyx verbessert das Durchsetzungsverm\u00f6gen, das analytische Denken, die Konzentrationsf\u00e4higkeit und hilft, schl\u00fcssig und bestimmt zu argumentieren.<\/p>\n<p>K\u00f6rperlich f\u00f6rdert Onyx die Reinigung und Entschlackung des Bindegewebes und st\u00e4rkt das Immunsystem gegen Infektionsanf\u00e4lligkeit.<\/p>\n<p>Sternf\u00f6rmiger Onyx.<br \/>\nL\u00e4nge 40cm.<br \/>\n925 Silber und 925 Silber (ros\u00e9) vergoldet.<\/p>\n<p>&nbsp;<\/p>\n<p>&nbsp;<\/p>\n","protected":false},"excerpt":{"rendered":"<p>Ein starker Hingucker und Begleiter. Onyx f\u00f6rdert die Selbstverwirklichung. Er hilft, die eigenen Ziele unabl\u00e4ssig zu verfolgen und eignet sich damit besonders f\u00fcr Menschen, die sich zu leicht beeinflussen lassen.\u00a0Er st\u00e4rkt Selbstbewusstsein und Verantwortungsgef\u00fchl, f\u00f6rdert einen gesunden Egoismus und die Bereitschaft, sich notfalls auch auf Auseinandersetzungen einzulassen. Onyx verbessert das&#8230; <a class=\"more-link\" href=\"https:\/\/www.benevolenti.com\/de\/produkt\/halskette-onyx-stern\/\">Mehr<\/a><\/p>\n","protected":false},"featured_media":18473,"comment_status":"open","ping_status":"closed","template":"","meta":[],"product_brand":[],"product_cat":[595,643,742,332,650],"product_tag":[611],"class_list":{"0":"post-18468","1":"product","2":"type-product","3":"status-publish","4":"has-post-thumbnail","6":"product_cat-kraft-energie","7":"product_cat-geschenke-fuer-sie","8":"product_cat-kinderhals-2","9":"product_cat-ketten","10":"product_cat-geburt-taufe-konf","11":"product_tag-onyx","13":"first","14":"instock","15":"shipping-taxable","16":"purchasable","17":"product-type-variable","18":"has-default-attributes"},"jetpack_sharing_enabled":true,"_links":{"self":[{"href":"https:\/\/www.benevolenti.com\/de\/wp-json\/wp\/v2\/product\/18468","targetHints":{"allow":["GET"]}}],"collection":[{"href":"https:\/\/www.benevolenti.com\/de\/wp-json\/wp\/v2\/product"}],"about":[{"href":"https:\/\/www.benevolenti.com\/de\/wp-json\/wp\/v2\/types\/product"}],"replies":[{"embeddable":true,"href":"https:\/\/www.benevolenti.com\/de\/wp-json\/wp\/v2\/comments?post=18468"}],"wp:featuredmedia":[{"embeddable":true,"href":"https:\/\/www.benevolenti.com\/de\/wp-json\/wp\/v2\/media\/18473"}],"wp:attachment":[{"href":"https:\/\/www.benevolenti.com\/de\/wp-json\/wp\/v2\/media?parent=18468"}],"wp:term":[{"taxonomy":"product_brand","embeddable":true,"href":"https:\/\/www.benevolenti.com\/de\/wp-json\/wp\/v2\/product_brand?post=18468"},{"taxonomy":"product_cat","embeddable":true,"href":"https:\/\/www.benevolenti.com\/de\/wp-json\/wp\/v2\/product_cat?post=18468"},{"taxonomy":"product_tag","embeddable":true,"href":"https:\/\/www.benevolenti.com\/de\/wp-json\/wp\/v2\/product_tag?post=18468"}],"curies":[{"name":"wp","href":"https:\/\/api.w.org\/{rel}","templated":true}]}}