{"id":18372,"date":"2022-02-16T13:11:56","date_gmt":"2022-02-16T12:11:56","guid":{"rendered":"https:\/\/www.benevolenti.com\/?post_type=product&#038;p=18372"},"modified":"2024-09-18T03:57:03","modified_gmt":"2024-09-18T01:57:03","slug":"armkette-wolke-7","status":"publish","type":"product","link":"https:\/\/www.benevolenti.com\/de\/produkt\/armkette-wolke-7\/","title":{"rendered":"ARMKETTE Wolke 7"},"content":{"rendered":"<div class=\"list-item-right\">\n<p>Wolke 7 ist die Adresse des h\u00f6chsten Gl\u00fccks. Sie steht f\u00fcr eine aussergew\u00f6hnliche Hochstimmung &#8211; f\u00fcr Verliebtheit, Euphorie, Beschwingtsein.<\/p>\n<\/div>\n<div class=\"list-item-right\">\n<p>Der Ametrin ist halb Amethyst, halb Citrin und hilft so scheinbare Gegens\u00e4tze zu verbinden. Er f\u00fchrt zu wohlbedachtem, sicherem Handeln, f\u00f6rdert Erfolg, Optimismus, Lebensfreude, Kreativit\u00e4t und inneres Wohlbefinden.<\/p>\n<\/div>\n<p>Ametrin Wolke auf (vergoldeter) 925 Silberkette.<\/p>\n","protected":false},"excerpt":{"rendered":"<p>Wolke 7 ist die Adresse des h\u00f6chsten Gl\u00fccks. Sie steht f\u00fcr eine aussergew\u00f6hnliche Hochstimmung &#8211; f\u00fcr Verliebtheit, Euphorie, Beschwingtsein. Der Ametrin ist halb Amethyst, halb Citrin und hilft so scheinbare Gegens\u00e4tze zu verbinden. Er f\u00fchrt zu wohlbedachtem, sicherem Handeln, f\u00f6rdert Erfolg, Optimismus, Lebensfreude, Kreativit\u00e4t und inneres Wohlbefinden. Ametrin Wolke auf&#8230; <a class=\"more-link\" href=\"https:\/\/www.benevolenti.com\/de\/produkt\/armkette-wolke-7\/\">Mehr<\/a><\/p>\n","protected":false},"featured_media":18376,"comment_status":"open","ping_status":"closed","template":"","meta":[],"product_brand":[],"product_cat":[594,338],"product_tag":[],"class_list":{"0":"post-18372","1":"product","2":"type-product","3":"status-publish","4":"has-post-thumbnail","6":"product_cat-erfolg-selbstvertrauen","7":"product_cat-silber","9":"first","10":"instock","11":"shipping-taxable","12":"purchasable","13":"product-type-variable","14":"has-default-attributes"},"jetpack_sharing_enabled":true,"_links":{"self":[{"href":"https:\/\/www.benevolenti.com\/de\/wp-json\/wp\/v2\/product\/18372","targetHints":{"allow":["GET"]}}],"collection":[{"href":"https:\/\/www.benevolenti.com\/de\/wp-json\/wp\/v2\/product"}],"about":[{"href":"https:\/\/www.benevolenti.com\/de\/wp-json\/wp\/v2\/types\/product"}],"replies":[{"embeddable":true,"href":"https:\/\/www.benevolenti.com\/de\/wp-json\/wp\/v2\/comments?post=18372"}],"wp:featuredmedia":[{"embeddable":true,"href":"https:\/\/www.benevolenti.com\/de\/wp-json\/wp\/v2\/media\/18376"}],"wp:attachment":[{"href":"https:\/\/www.benevolenti.com\/de\/wp-json\/wp\/v2\/media?parent=18372"}],"wp:term":[{"taxonomy":"product_brand","embeddable":true,"href":"https:\/\/www.benevolenti.com\/de\/wp-json\/wp\/v2\/product_brand?post=18372"},{"taxonomy":"product_cat","embeddable":true,"href":"https:\/\/www.benevolenti.com\/de\/wp-json\/wp\/v2\/product_cat?post=18372"},{"taxonomy":"product_tag","embeddable":true,"href":"https:\/\/www.benevolenti.com\/de\/wp-json\/wp\/v2\/product_tag?post=18372"}],"curies":[{"name":"wp","href":"https:\/\/api.w.org\/{rel}","templated":true}]}}