{"id":18332,"date":"2022-02-03T16:11:06","date_gmt":"2022-02-03T15:11:06","guid":{"rendered":"https:\/\/www.benevolenti.com\/?post_type=product&#038;p=18332"},"modified":"2024-10-14T13:51:54","modified_gmt":"2024-10-14T11:51:54","slug":"halskette-lernen","status":"publish","type":"product","link":"https:\/\/www.benevolenti.com\/de\/produkt\/halskette-lernen\/","title":{"rendered":"HALSKETTE Lernen"},"content":{"rendered":"<p>Die Eule als Symbol der Weisheit kombiniert mit einem facettierten Fluorit in strahlend funkelnder Qualit\u00e4t.<\/p>\n<p><span>Fluorit wirkt emotional stabilisierend und gibt Selbstvertrauen. Er hilft einschr\u00e4nkende Denk- und Verhaltensmuster aufzul\u00f6sen, Ordnung zu halten und aufgenommene Informationen schnell zu verarbeiten. Das macht ihn zu einem hervorragenden Lernstein \u2013 inklusive raschem Auffassungsverm\u00f6gen und schnellem Denken.<\/span><\/p>\n<p>Halskette 40cm, Eule 925 (vergoldetem) Silber, facettierter Fluorit. Inklusive Versand.<\/p>\n<p>Sehr gerne personalisiere ich die handgeschriebene Karte, einfach beim Checkout oder per Mail Wunsch und Name angeben.<\/p>\n","protected":false},"excerpt":{"rendered":"<p>Die Eule als Symbol der Weisheit kombiniert mit einem facettierten Fluorit in strahlend funkelnder Qualit\u00e4t. Fluorit wirkt emotional stabilisierend und gibt Selbstvertrauen. Er hilft einschr\u00e4nkende Denk- und Verhaltensmuster aufzul\u00f6sen, Ordnung zu halten und aufgenommene Informationen schnell zu verarbeiten. Das macht ihn zu einem hervorragenden Lernstein \u2013 inklusive raschem Auffassungsverm\u00f6gen und&#8230; <a class=\"more-link\" href=\"https:\/\/www.benevolenti.com\/de\/produkt\/halskette-lernen\/\">Mehr<\/a><\/p>\n","protected":false},"featured_media":18333,"comment_status":"open","ping_status":"closed","template":"","meta":[],"product_brand":[],"product_cat":[742,593,728],"product_tag":[637],"class_list":{"0":"post-18332","1":"product","2":"type-product","3":"status-publish","4":"has-post-thumbnail","6":"product_cat-kinderhals-2","7":"product_cat-lernen-konzentration","8":"product_cat-symbolketten","9":"product_tag-fluorit","11":"first","12":"instock","13":"shipping-taxable","14":"purchasable","15":"product-type-variable","16":"has-default-attributes"},"jetpack_sharing_enabled":true,"_links":{"self":[{"href":"https:\/\/www.benevolenti.com\/de\/wp-json\/wp\/v2\/product\/18332","targetHints":{"allow":["GET"]}}],"collection":[{"href":"https:\/\/www.benevolenti.com\/de\/wp-json\/wp\/v2\/product"}],"about":[{"href":"https:\/\/www.benevolenti.com\/de\/wp-json\/wp\/v2\/types\/product"}],"replies":[{"embeddable":true,"href":"https:\/\/www.benevolenti.com\/de\/wp-json\/wp\/v2\/comments?post=18332"}],"wp:featuredmedia":[{"embeddable":true,"href":"https:\/\/www.benevolenti.com\/de\/wp-json\/wp\/v2\/media\/18333"}],"wp:attachment":[{"href":"https:\/\/www.benevolenti.com\/de\/wp-json\/wp\/v2\/media?parent=18332"}],"wp:term":[{"taxonomy":"product_brand","embeddable":true,"href":"https:\/\/www.benevolenti.com\/de\/wp-json\/wp\/v2\/product_brand?post=18332"},{"taxonomy":"product_cat","embeddable":true,"href":"https:\/\/www.benevolenti.com\/de\/wp-json\/wp\/v2\/product_cat?post=18332"},{"taxonomy":"product_tag","embeddable":true,"href":"https:\/\/www.benevolenti.com\/de\/wp-json\/wp\/v2\/product_tag?post=18332"}],"curies":[{"name":"wp","href":"https:\/\/api.w.org\/{rel}","templated":true}]}}