{"id":18205,"date":"2021-11-28T22:48:39","date_gmt":"2021-11-28T21:48:39","guid":{"rendered":"https:\/\/www.benevolenti.com\/?post_type=product&#038;p=18205"},"modified":"2024-09-18T03:13:39","modified_gmt":"2024-09-18T01:13:39","slug":"kreolen-diamant","status":"publish","type":"product","link":"https:\/\/www.benevolenti.com\/de\/produkt\/kreolen-diamant\/","title":{"rendered":"KREOLEN Diamant"},"content":{"rendered":"<p>Zwei schwarze, klitzekleine Diamanten an klassischen BENEVOLENTI Kreolen.<\/p>\n<p><span>Diamant bringt Klarheit und Struktur ins Leben. Neue Eindr\u00fccke und Erlebnisse werden mit bereits Bekanntem gebracht werden, so dass wir in der Lage sind, Entscheidungen zu treffen und Dinge loszulassen. Mit seiner Hilfe k\u00f6nnen wir gr\u00f6ssere Zusammenh\u00e4nge erkennen, die Ursachen von Problemen ergr\u00fcnden und die Folgen unseres Handelns absch\u00e4tzen. <\/span><\/p>\n<p>Kreolen in 925 Silber und vergoldetem 925 Silber, in Italien f\u00fcr BENEVOLENTI produziert. Sie haben eine tolle Qualit\u00e4t und sind gleichzeitig sehr leicht. Dazu lassen sie sich sehr einfach an- und ausziehen und eignen sich daher f\u00fcr fr\u00f6hliches, t\u00e4gliches Mix&#8217;n&#8217;Match.<\/p>\n<p>Durchmesser 1.5cm, 2.5cm, 4cm<br \/>\n925 Silber, 925 Silber vergoldet und 925 Silber ros\u00e9-vergoldet<br \/>\nBaumwollbeutel und Steinbeschreibung.<\/p>\n","protected":false},"excerpt":{"rendered":"<p>Zwei schwarze, klitzekleine Diamanten an klassischen BENEVOLENTI Kreolen. Diamant bringt Klarheit und Struktur ins Leben. Neue Eindr\u00fccke und Erlebnisse werden mit bereits Bekanntem gebracht werden, so dass wir in der Lage sind, Entscheidungen zu treffen und Dinge loszulassen. Mit seiner Hilfe k\u00f6nnen wir gr\u00f6ssere Zusammenh\u00e4nge erkennen, die Ursachen von Problemen&#8230; <a class=\"more-link\" href=\"https:\/\/www.benevolenti.com\/de\/produkt\/kreolen-diamant\/\">Mehr<\/a><\/p>\n","protected":false},"featured_media":18226,"comment_status":"open","ping_status":"closed","template":"","meta":[],"product_brand":[],"product_cat":[590,720,220,642,679],"product_tag":[],"class_list":{"0":"post-18205","1":"product","2":"type-product","3":"status-publish","4":"has-post-thumbnail","6":"product_cat-hoffnungzuversicht","7":"product_cat-kreolen","8":"product_cat-ohrschmuck","9":"product_cat-mitbringsel","10":"product_cat-hochzeit","12":"first","13":"instock","14":"shipping-taxable","15":"purchasable","16":"product-type-variable","17":"has-default-attributes"},"jetpack_sharing_enabled":true,"_links":{"self":[{"href":"https:\/\/www.benevolenti.com\/de\/wp-json\/wp\/v2\/product\/18205","targetHints":{"allow":["GET"]}}],"collection":[{"href":"https:\/\/www.benevolenti.com\/de\/wp-json\/wp\/v2\/product"}],"about":[{"href":"https:\/\/www.benevolenti.com\/de\/wp-json\/wp\/v2\/types\/product"}],"replies":[{"embeddable":true,"href":"https:\/\/www.benevolenti.com\/de\/wp-json\/wp\/v2\/comments?post=18205"}],"wp:featuredmedia":[{"embeddable":true,"href":"https:\/\/www.benevolenti.com\/de\/wp-json\/wp\/v2\/media\/18226"}],"wp:attachment":[{"href":"https:\/\/www.benevolenti.com\/de\/wp-json\/wp\/v2\/media?parent=18205"}],"wp:term":[{"taxonomy":"product_brand","embeddable":true,"href":"https:\/\/www.benevolenti.com\/de\/wp-json\/wp\/v2\/product_brand?post=18205"},{"taxonomy":"product_cat","embeddable":true,"href":"https:\/\/www.benevolenti.com\/de\/wp-json\/wp\/v2\/product_cat?post=18205"},{"taxonomy":"product_tag","embeddable":true,"href":"https:\/\/www.benevolenti.com\/de\/wp-json\/wp\/v2\/product_tag?post=18205"}],"curies":[{"name":"wp","href":"https:\/\/api.w.org\/{rel}","templated":true}]}}