{"id":18143,"date":"2021-11-11T17:06:57","date_gmt":"2021-11-11T16:06:57","guid":{"rendered":"https:\/\/www.benevolenti.com\/?post_type=product&#038;p=18143"},"modified":"2022-11-03T09:43:16","modified_gmt":"2022-11-03T08:43:16","slug":"charm-zwiebelchen","status":"publish","type":"product","link":"https:\/\/www.benevolenti.com\/de\/produkt\/charm-zwiebelchen\/","title":{"rendered":"CHARM Zwiebelchen"},"content":{"rendered":"<p><span>Facettierte Zwiebelchen von h\u00f6chster AAA Qualit\u00e4t. Ich bin ganz aus dem H\u00e4uschen. Von jedem Stein habe ich nur ein P\u00e4rchen. Ein ganz spezieller Begleiter f\u00fcr ein bestehendes Symbol oder zwei als Kreolen-Anh\u00e4nger.\u00a0<\/span><\/p>\n<p>Dieser Anh\u00e4nger, l\u00e4sst sich in bestehenden Schmuck einf\u00e4deln, in Verschl\u00fcsse h\u00e4ngen oder auf ein Band ziehen &#8211; so dass er perfekt mit Lieblingsst\u00fccken kombiniert werden kann.<\/p>\n<p>Gr\u00f6sse ca. 7mm. Passend zu BENEVOLENTI Kreolen.<br \/>\n925 Silber\u00f6se, vergoldet.<\/p>\n","protected":false},"excerpt":{"rendered":"<p>Facettierte Zwiebelchen von h\u00f6chster AAA Qualit\u00e4t. Ich bin ganz aus dem H\u00e4uschen. Von jedem Stein habe ich nur ein P\u00e4rchen. Ein ganz spezieller Begleiter f\u00fcr ein bestehendes Symbol oder zwei als Kreolen-Anh\u00e4nger.\u00a0 Dieser Anh\u00e4nger, l\u00e4sst sich in bestehenden Schmuck einf\u00e4deln, in Verschl\u00fcsse h\u00e4ngen oder auf ein Band ziehen &#8211; so&#8230; <a class=\"more-link\" href=\"https:\/\/www.benevolenti.com\/de\/produkt\/charm-zwiebelchen\/\">Mehr<\/a><\/p>\n","protected":false},"featured_media":18155,"comment_status":"open","ping_status":"closed","template":"","meta":[],"product_brand":[],"product_cat":[220],"product_tag":[448,601,599,596,217],"class_list":{"0":"post-18143","1":"product","2":"type-product","3":"status-publish","4":"has-post-thumbnail","6":"product_cat-ohrschmuck","7":"product_tag-amethyst","8":"product_tag-citrin","9":"product_tag-granat","10":"product_tag-karneol","11":"product_tag-mondstein","13":"first","14":"instock","15":"shipping-taxable","16":"purchasable","17":"product-type-variable","18":"has-default-attributes"},"jetpack_sharing_enabled":true,"_links":{"self":[{"href":"https:\/\/www.benevolenti.com\/de\/wp-json\/wp\/v2\/product\/18143","targetHints":{"allow":["GET"]}}],"collection":[{"href":"https:\/\/www.benevolenti.com\/de\/wp-json\/wp\/v2\/product"}],"about":[{"href":"https:\/\/www.benevolenti.com\/de\/wp-json\/wp\/v2\/types\/product"}],"replies":[{"embeddable":true,"href":"https:\/\/www.benevolenti.com\/de\/wp-json\/wp\/v2\/comments?post=18143"}],"wp:featuredmedia":[{"embeddable":true,"href":"https:\/\/www.benevolenti.com\/de\/wp-json\/wp\/v2\/media\/18155"}],"wp:attachment":[{"href":"https:\/\/www.benevolenti.com\/de\/wp-json\/wp\/v2\/media?parent=18143"}],"wp:term":[{"taxonomy":"product_brand","embeddable":true,"href":"https:\/\/www.benevolenti.com\/de\/wp-json\/wp\/v2\/product_brand?post=18143"},{"taxonomy":"product_cat","embeddable":true,"href":"https:\/\/www.benevolenti.com\/de\/wp-json\/wp\/v2\/product_cat?post=18143"},{"taxonomy":"product_tag","embeddable":true,"href":"https:\/\/www.benevolenti.com\/de\/wp-json\/wp\/v2\/product_tag?post=18143"}],"curies":[{"name":"wp","href":"https:\/\/api.w.org\/{rel}","templated":true}]}}