{"id":18137,"date":"2021-11-11T16:24:42","date_gmt":"2021-11-11T15:24:42","guid":{"rendered":"https:\/\/www.benevolenti.com\/?post_type=product&#038;p=18137"},"modified":"2025-01-14T16:37:03","modified_gmt":"2025-01-14T15:37:03","slug":"halskette-perlmutt-stern","status":"publish","type":"product","link":"https:\/\/www.benevolenti.com\/de\/produkt\/halskette-perlmutt-stern\/","title":{"rendered":"HALSKETTE Perlmutt-Stern"},"content":{"rendered":"<p style=\"text-align: left;\">Ein Stern aus Perlmutt an einer filigranen Silberkette. F\u00fcr dich selbst, deine Tochter oder einen wichtigen Fixstern in deinem Leben. Als Geburtstagsgeschenk, zur bestandenen Pr\u00fcfung oder als Talisman f\u00fcr mehr Selbstvertrauen.<\/p>\n<p>Perlmutt<b>\u00a0<\/b>hat eine kr\u00e4ftigende und stabilisierende Wirkung auf die Gef\u00fchle, hebt das Selbstwertgef\u00fchl, gibt Selbstvertrauen, Leichtigkeit und Lachen.<\/p>\n<p><em>Halskette in 925 Silber, 925 Silber vergoldet oder 925 Silber ros\u00e9-vergoldet, in der L\u00e4nge 40 cm mit Perlmutt Stern.<br \/>\n<\/em><em>Gerne auch personalisiert \u2013 einfach beim Checkout Vornamen und Wunsch angeben.<\/em><\/p>\n<p>&nbsp;<\/p>\n","protected":false},"excerpt":{"rendered":"<p>Ein Stern aus Perlmutt an einer filigranen Silberkette. F\u00fcr dich selbst, deine Tochter oder einen wichtigen Fixstern in deinem Leben. Als Geburtstagsgeschenk, zur bestandenen Pr\u00fcfung oder als Talisman f\u00fcr mehr Selbstvertrauen. Perlmutt\u00a0hat eine kr\u00e4ftigende und stabilisierende Wirkung auf die Gef\u00fchle, hebt das Selbstwertgef\u00fchl, gibt Selbstvertrauen, Leichtigkeit und Lachen. Halskette in&#8230; <a class=\"more-link\" href=\"https:\/\/www.benevolenti.com\/de\/produkt\/halskette-perlmutt-stern\/\">Mehr<\/a><\/p>\n","protected":false},"featured_media":18142,"comment_status":"open","ping_status":"closed","template":"","meta":[],"product_brand":[],"product_cat":[332],"product_tag":[],"class_list":{"0":"post-18137","1":"product","2":"type-product","3":"status-publish","4":"has-post-thumbnail","6":"product_cat-ketten","8":"first","9":"instock","10":"shipping-taxable","11":"purchasable","12":"product-type-variable","13":"has-default-attributes"},"jetpack_sharing_enabled":true,"_links":{"self":[{"href":"https:\/\/www.benevolenti.com\/de\/wp-json\/wp\/v2\/product\/18137","targetHints":{"allow":["GET"]}}],"collection":[{"href":"https:\/\/www.benevolenti.com\/de\/wp-json\/wp\/v2\/product"}],"about":[{"href":"https:\/\/www.benevolenti.com\/de\/wp-json\/wp\/v2\/types\/product"}],"replies":[{"embeddable":true,"href":"https:\/\/www.benevolenti.com\/de\/wp-json\/wp\/v2\/comments?post=18137"}],"wp:featuredmedia":[{"embeddable":true,"href":"https:\/\/www.benevolenti.com\/de\/wp-json\/wp\/v2\/media\/18142"}],"wp:attachment":[{"href":"https:\/\/www.benevolenti.com\/de\/wp-json\/wp\/v2\/media?parent=18137"}],"wp:term":[{"taxonomy":"product_brand","embeddable":true,"href":"https:\/\/www.benevolenti.com\/de\/wp-json\/wp\/v2\/product_brand?post=18137"},{"taxonomy":"product_cat","embeddable":true,"href":"https:\/\/www.benevolenti.com\/de\/wp-json\/wp\/v2\/product_cat?post=18137"},{"taxonomy":"product_tag","embeddable":true,"href":"https:\/\/www.benevolenti.com\/de\/wp-json\/wp\/v2\/product_tag?post=18137"}],"curies":[{"name":"wp","href":"https:\/\/api.w.org\/{rel}","templated":true}]}}