{"id":18095,"date":"2021-11-11T08:08:09","date_gmt":"2021-11-11T07:08:09","guid":{"rendered":"https:\/\/www.benevolenti.com\/?post_type=product&#038;p=18095"},"modified":"2026-04-03T20:14:50","modified_gmt":"2026-04-03T18:14:50","slug":"ring-mixnmatch","status":"publish","type":"product","link":"https:\/\/www.benevolenti.com\/de\/produkt\/ring-mixnmatch\/","title":{"rendered":"RING &#8211; mix&#8217;N&#8217;match"},"content":{"rendered":"<p>Pimp your Ehering mit diesen Fingerringen im mix&#8217;N&#8217;match Stil oder kombiniere diese feinen, sorgf\u00e4ltig von Hand aufgef\u00e4delten Edelstein-Ringe passend zum Outfit miteinander.<\/p>\n<p>Als Erg\u00e4nzung feine silber, gold und ros\u00e9 Ringe aus 925 Silber und einer hochwertigen Vergoldung.<\/p>\n<p>Schwarz: Onyx &#8211; Selbstbewusstsein, Durchsetzungskraft, Logik<br \/>\nSchwarzbraun: Obsidian &#8211; Aufbruch, Spontaneit\u00e4t, W\u00e4rme<br \/>\nDunkelblau: Saphir &#8211; Konzentration, Gradlinigkeit, Zielausrichtung<br \/>\nBlau: Iolith &#8211; Kraft, Durchhalteverm\u00f6gen, Selbstsicherheit<br \/>\nHellblau: Aquamarin &#8211; Ausdauer, Weilblick, Gelassenheit<br \/>\nGold: Pyrit &#8211; Selbsterkenntnis, Offenheit, Ver\u00e4nderung<br \/>\nRos\u00e9: Mondstein &#8211; Intuition, Harmonie, Gef\u00fchlstiefe<\/p>\n<p>925 Silber.<br \/>\nVergoldet mit 2 micron Vergoldung.<br \/>\nAuf handgeschriebener Karte.<br \/>\nVerpackung und Versand \u00fcbernimmt BENEVOLENTI.<\/p>\n","protected":false},"excerpt":{"rendered":"<p>Pimp your Ehering mit diesen Fingerringen im mix&#8217;N&#8217;match Stil oder kombiniere diese feinen, sorgf\u00e4ltig von Hand aufgef\u00e4delten Edelstein-Ringe passend zum Outfit miteinander. Als Erg\u00e4nzung feine silber, gold und ros\u00e9 Ringe aus 925 Silber und einer hochwertigen Vergoldung. Schwarz: Onyx &#8211; Selbstbewusstsein, Durchsetzungskraft, Logik Schwarzbraun: Obsidian &#8211; Aufbruch, Spontaneit\u00e4t, W\u00e4rme Dunkelblau:&#8230; <a class=\"more-link\" href=\"https:\/\/www.benevolenti.com\/de\/produkt\/ring-mixnmatch\/\">Mehr<\/a><\/p>\n","protected":false},"featured_media":18120,"comment_status":"open","ping_status":"closed","template":"","meta":[],"product_brand":[],"product_cat":[726],"product_tag":[609,627,217,706,611,242,716],"class_list":{"0":"post-18095","1":"product","2":"type-product","3":"status-publish","4":"has-post-thumbnail","6":"product_cat-fingerringe","7":"product_tag-aquamarin","8":"product_tag-iolith","9":"product_tag-mondstein","10":"product_tag-obsidian","11":"product_tag-onyx","12":"product_tag-pyrit","13":"product_tag-saphir","15":"first","16":"instock","17":"shipping-taxable","18":"purchasable","19":"product-type-variable","20":"has-default-attributes"},"jetpack_sharing_enabled":true,"_links":{"self":[{"href":"https:\/\/www.benevolenti.com\/de\/wp-json\/wp\/v2\/product\/18095","targetHints":{"allow":["GET"]}}],"collection":[{"href":"https:\/\/www.benevolenti.com\/de\/wp-json\/wp\/v2\/product"}],"about":[{"href":"https:\/\/www.benevolenti.com\/de\/wp-json\/wp\/v2\/types\/product"}],"replies":[{"embeddable":true,"href":"https:\/\/www.benevolenti.com\/de\/wp-json\/wp\/v2\/comments?post=18095"}],"wp:featuredmedia":[{"embeddable":true,"href":"https:\/\/www.benevolenti.com\/de\/wp-json\/wp\/v2\/media\/18120"}],"wp:attachment":[{"href":"https:\/\/www.benevolenti.com\/de\/wp-json\/wp\/v2\/media?parent=18095"}],"wp:term":[{"taxonomy":"product_brand","embeddable":true,"href":"https:\/\/www.benevolenti.com\/de\/wp-json\/wp\/v2\/product_brand?post=18095"},{"taxonomy":"product_cat","embeddable":true,"href":"https:\/\/www.benevolenti.com\/de\/wp-json\/wp\/v2\/product_cat?post=18095"},{"taxonomy":"product_tag","embeddable":true,"href":"https:\/\/www.benevolenti.com\/de\/wp-json\/wp\/v2\/product_tag?post=18095"}],"curies":[{"name":"wp","href":"https:\/\/api.w.org\/{rel}","templated":true}]}}