{"id":18060,"date":"2021-11-11T17:30:33","date_gmt":"2021-11-11T16:30:33","guid":{"rendered":"https:\/\/www.benevolenti.com\/?post_type=product&#038;p=18060"},"modified":"2025-06-15T22:11:34","modified_gmt":"2025-06-15T20:11:34","slug":"armkette-infinity","status":"publish","type":"product","link":"https:\/\/www.benevolenti.com\/de\/produkt\/armkette-infinity\/","title":{"rendered":"ARMKETTE Infinity"},"content":{"rendered":"<p>Das Infinity Zeichen, die liegende Acht ist das Zeichen f\u00fcr Unendlichkeit, und ein edler Stein sind die Ingredienzien f\u00fcr dieses aktuelle Schmuckst\u00fcck &#8211; mit der Message ZUSAMMEN sind wir besser.<\/p>\n<p>Gerne kann ich dieses Armband auch mit<br \/>\n&#8211; Jade<br \/>\n&#8211; Kunzit<br \/>\n&#8211; Aquamarin<br \/>\n&#8211; Chrysopras<\/p>\n<p>oder anderen Steinen anfertigen. Einfach im Kommentarfeld beim Checkout den gew\u00fcnschten Stein vermerken und ich melde mich, ob ich den Stein habe in der richtigen Gr\u00f6sse.<\/p>\n<p>L\u00e4nge 18cm, Sterlingsilber 925 (vergoldet).<\/p>\n","protected":false},"excerpt":{"rendered":"<p>Das Infinity Zeichen, die liegende Acht ist das Zeichen f\u00fcr Unendlichkeit, und ein edler Stein sind die Ingredienzien f\u00fcr dieses aktuelle Schmuckst\u00fcck &#8211; mit der Message ZUSAMMEN sind wir besser. Gerne kann ich dieses Armband auch mit &#8211; Jade &#8211; Kunzit &#8211; Aquamarin &#8211; Chrysopras oder anderen Steinen anfertigen. Einfach&#8230; <a class=\"more-link\" href=\"https:\/\/www.benevolenti.com\/de\/produkt\/armkette-infinity\/\">Mehr<\/a><\/p>\n","protected":false},"featured_media":18156,"comment_status":"open","ping_status":"closed","template":"","meta":[],"product_brand":[],"product_cat":[338,592],"product_tag":[609,245,629],"class_list":{"0":"post-18060","1":"product","2":"type-product","3":"status-publish","4":"has-post-thumbnail","6":"product_cat-silber","7":"product_cat-meditation-yoga","8":"product_tag-aquamarin","9":"product_tag-jade-de","10":"product_tag-kunzit","12":"first","13":"instock","14":"shipping-taxable","15":"purchasable","16":"product-type-variable"},"jetpack_sharing_enabled":true,"_links":{"self":[{"href":"https:\/\/www.benevolenti.com\/de\/wp-json\/wp\/v2\/product\/18060","targetHints":{"allow":["GET"]}}],"collection":[{"href":"https:\/\/www.benevolenti.com\/de\/wp-json\/wp\/v2\/product"}],"about":[{"href":"https:\/\/www.benevolenti.com\/de\/wp-json\/wp\/v2\/types\/product"}],"replies":[{"embeddable":true,"href":"https:\/\/www.benevolenti.com\/de\/wp-json\/wp\/v2\/comments?post=18060"}],"wp:featuredmedia":[{"embeddable":true,"href":"https:\/\/www.benevolenti.com\/de\/wp-json\/wp\/v2\/media\/18156"}],"wp:attachment":[{"href":"https:\/\/www.benevolenti.com\/de\/wp-json\/wp\/v2\/media?parent=18060"}],"wp:term":[{"taxonomy":"product_brand","embeddable":true,"href":"https:\/\/www.benevolenti.com\/de\/wp-json\/wp\/v2\/product_brand?post=18060"},{"taxonomy":"product_cat","embeddable":true,"href":"https:\/\/www.benevolenti.com\/de\/wp-json\/wp\/v2\/product_cat?post=18060"},{"taxonomy":"product_tag","embeddable":true,"href":"https:\/\/www.benevolenti.com\/de\/wp-json\/wp\/v2\/product_tag?post=18060"}],"curies":[{"name":"wp","href":"https:\/\/api.w.org\/{rel}","templated":true}]}}