{"id":18036,"date":"2021-11-11T08:06:02","date_gmt":"2021-11-11T07:06:02","guid":{"rendered":"https:\/\/www.benevolenti.com\/?post_type=product&#038;p=18036"},"modified":"2022-10-22T16:44:44","modified_gmt":"2022-10-22T14:44:44","slug":"charm-sugilith","status":"publish","type":"product","link":"https:\/\/www.benevolenti.com\/de\/produkt\/charm-sugilith\/","title":{"rendered":"CHARM Sugilith"},"content":{"rendered":"<p><span>Sugilith geh\u00f6rt zu den wertvollsten Edelsteinen, er soll ein ganz besonderer und extrem kr\u00e4ftiger Stein sein. Um ihn ranken sich die wildesten Geschichten, er soll auch bei schweren Krankheiten ein starker Helfer sein.<\/span><\/p>\n<p>Dieser Anh\u00e4nger, in seltener grosser Kugelform und exzellenter Qualit\u00e4t, l\u00e4sst sich in bestehenden Schmuck einf\u00e4deln, in Verschl\u00fcsse h\u00e4ngen oder auf ein Band ziehen &#8211; so dass er perfekt mit Lieblingsst\u00fccken kombiniert werden kann.<\/p>\n<p>Sugilith 8mm. Passend zu BENEVOLENTI Kreolen.<br \/>\n925 Silber\u00f6se, vergoldet.<\/p>\n","protected":false},"excerpt":{"rendered":"<p>Sugilith geh\u00f6rt zu den wertvollsten Edelsteinen, er soll ein ganz besonderer und extrem kr\u00e4ftiger Stein sein. Um ihn ranken sich die wildesten Geschichten, er soll auch bei schweren Krankheiten ein starker Helfer sein. Dieser Anh\u00e4nger, in seltener grosser Kugelform und exzellenter Qualit\u00e4t, l\u00e4sst sich in bestehenden Schmuck einf\u00e4deln, in Verschl\u00fcsse&#8230; <a class=\"more-link\" href=\"https:\/\/www.benevolenti.com\/de\/produkt\/charm-sugilith\/\">Mehr<\/a><\/p>\n","protected":false},"featured_media":18042,"comment_status":"open","ping_status":"closed","template":"","meta":[],"product_brand":[],"product_cat":[39,591,590],"product_tag":[],"class_list":{"0":"post-18036","1":"product","2":"type-product","3":"status-publish","4":"has-post-thumbnail","6":"product_cat-accessories-de","7":"product_cat-gesundheit-vitalitaet","8":"product_cat-hoffnungzuversicht","10":"first","11":"instock","12":"shipping-taxable","13":"purchasable","14":"product-type-variable","15":"has-default-attributes"},"jetpack_sharing_enabled":true,"_links":{"self":[{"href":"https:\/\/www.benevolenti.com\/de\/wp-json\/wp\/v2\/product\/18036","targetHints":{"allow":["GET"]}}],"collection":[{"href":"https:\/\/www.benevolenti.com\/de\/wp-json\/wp\/v2\/product"}],"about":[{"href":"https:\/\/www.benevolenti.com\/de\/wp-json\/wp\/v2\/types\/product"}],"replies":[{"embeddable":true,"href":"https:\/\/www.benevolenti.com\/de\/wp-json\/wp\/v2\/comments?post=18036"}],"wp:featuredmedia":[{"embeddable":true,"href":"https:\/\/www.benevolenti.com\/de\/wp-json\/wp\/v2\/media\/18042"}],"wp:attachment":[{"href":"https:\/\/www.benevolenti.com\/de\/wp-json\/wp\/v2\/media?parent=18036"}],"wp:term":[{"taxonomy":"product_brand","embeddable":true,"href":"https:\/\/www.benevolenti.com\/de\/wp-json\/wp\/v2\/product_brand?post=18036"},{"taxonomy":"product_cat","embeddable":true,"href":"https:\/\/www.benevolenti.com\/de\/wp-json\/wp\/v2\/product_cat?post=18036"},{"taxonomy":"product_tag","embeddable":true,"href":"https:\/\/www.benevolenti.com\/de\/wp-json\/wp\/v2\/product_tag?post=18036"}],"curies":[{"name":"wp","href":"https:\/\/api.w.org\/{rel}","templated":true}]}}