{"id":18016,"date":"2021-11-09T21:38:54","date_gmt":"2021-11-09T20:38:54","guid":{"rendered":"https:\/\/www.benevolenti.com\/?post_type=product&#038;p=18016"},"modified":"2024-11-12T17:41:17","modified_gmt":"2024-11-12T16:41:17","slug":"hals-arm-wrap","status":"publish","type":"product","link":"https:\/\/www.benevolenti.com\/de\/produkt\/hals-arm-wrap\/","title":{"rendered":"HALS ARM Wrap"},"content":{"rendered":"<p>Entworfen mit meinem Teenager im Hinterkopf, aber genauso als t\u00e4glicher Begleiter f\u00fcr Frauen, die mitten im Leben stehen.<\/p>\n<p>Halskette aus Edelsteinen, die auch doppelt gef\u00fchrt am Handgelenk getragen werden kann. Super Preis, weil ich die Steine zu einem super Preis erstehen konnte.<\/p>\n<p>(Vergoldetes) 925 Silber.<br \/>\nUnbehandelte Edelsteine.<br \/>\nBaumwoll Sachet mit Steinbeschreibung.<\/p>\n<p>Gr\u00f6sse:<br \/>\n<span>14-15cm: XS<\/span><br \/>\n<span>15-16cm: S<\/span><br \/>\n<span>16-17cm: M<\/span><br \/>\n<span>&gt;17cm: L<\/span><br \/>\n<span><\/span><\/p>\n","protected":false},"excerpt":{"rendered":"<p>Entworfen mit meinem Teenager im Hinterkopf, aber genauso als t\u00e4glicher Begleiter f\u00fcr Frauen, die mitten im Leben stehen. Halskette aus Edelsteinen, die auch doppelt gef\u00fchrt am Handgelenk getragen werden kann. Super Preis, weil ich die Steine zu einem super Preis erstehen konnte. (Vergoldetes) 925 Silber. Unbehandelte Edelsteine. Baumwoll Sachet mit&#8230; <a class=\"more-link\" href=\"https:\/\/www.benevolenti.com\/de\/produkt\/hals-arm-wrap\/\">Mehr<\/a><\/p>\n","protected":false},"featured_media":18018,"comment_status":"open","ping_status":"closed","template":"","meta":[],"product_brand":[],"product_cat":[741,742,139,593,335,729],"product_tag":[609,620,637,610],"class_list":{"0":"post-18016","1":"product","2":"type-product","3":"status-publish","4":"has-post-thumbnail","6":"product_cat-kinderarm","7":"product_cat-kinderhals-2","8":"product_cat-kommunion-geburi","9":"product_cat-lernen-konzentration","10":"product_cat-steine","11":"product_cat-steinketten","12":"product_tag-aquamarin","13":"product_tag-calcit","14":"product_tag-fluorit","15":"product_tag-rosenquarz","17":"first","18":"instock","19":"shipping-taxable","20":"purchasable","21":"product-type-variable"},"jetpack_sharing_enabled":true,"_links":{"self":[{"href":"https:\/\/www.benevolenti.com\/de\/wp-json\/wp\/v2\/product\/18016","targetHints":{"allow":["GET"]}}],"collection":[{"href":"https:\/\/www.benevolenti.com\/de\/wp-json\/wp\/v2\/product"}],"about":[{"href":"https:\/\/www.benevolenti.com\/de\/wp-json\/wp\/v2\/types\/product"}],"replies":[{"embeddable":true,"href":"https:\/\/www.benevolenti.com\/de\/wp-json\/wp\/v2\/comments?post=18016"}],"wp:featuredmedia":[{"embeddable":true,"href":"https:\/\/www.benevolenti.com\/de\/wp-json\/wp\/v2\/media\/18018"}],"wp:attachment":[{"href":"https:\/\/www.benevolenti.com\/de\/wp-json\/wp\/v2\/media?parent=18016"}],"wp:term":[{"taxonomy":"product_brand","embeddable":true,"href":"https:\/\/www.benevolenti.com\/de\/wp-json\/wp\/v2\/product_brand?post=18016"},{"taxonomy":"product_cat","embeddable":true,"href":"https:\/\/www.benevolenti.com\/de\/wp-json\/wp\/v2\/product_cat?post=18016"},{"taxonomy":"product_tag","embeddable":true,"href":"https:\/\/www.benevolenti.com\/de\/wp-json\/wp\/v2\/product_tag?post=18016"}],"curies":[{"name":"wp","href":"https:\/\/api.w.org\/{rel}","templated":true}]}}