{"id":17989,"date":"2021-11-09T20:38:04","date_gmt":"2021-11-09T19:38:04","guid":{"rendered":"https:\/\/www.benevolenti.com\/?post_type=product&#038;p=17989"},"modified":"2024-10-15T18:46:37","modified_gmt":"2024-10-15T16:46:37","slug":"armband-steineibenbeere","status":"publish","type":"product","link":"https:\/\/www.benevolenti.com\/de\/produkt\/armband-steineibenbeere\/","title":{"rendered":"ARMBAND SteinEibe"},"content":{"rendered":"<p>Frei interpretiert nach einem eurer Lieblingsarmb\u00e4nder, aber mit einer kleinen Eibenbeere als starken Begleiter. Auch alle Steine des Armbandes <a href=\"https:\/\/www.benevolenti.com\/de\/produkt\/stargem-bracelet\/\">SteinStern<\/a> k\u00f6nnen mit der Eibenbeere kombiniert werden. Ganz nach deinen pers\u00f6nlichen W\u00fcnschen.<\/p>\n<p class=\"p1\"><span class=\"s1\">BENEVOLENTI Geschenkverpackung mit Steinbeschreibungen und Wunschk\u00e4rtchen.<\/span><\/p>\n<p>Spezialanfertigungen und andere Innovationen sehr gerne per\u00a0 <a href=\"https:\/\/www.benevolenti.com\/de\/kontakt\/\">Mail<\/a>.<\/p>\n","protected":false},"excerpt":{"rendered":"<p>Frei interpretiert nach einem eurer Lieblingsarmb\u00e4nder, aber mit einer kleinen Eibenbeere als starken Begleiter. Auch alle Steine des Armbandes SteinStern k\u00f6nnen mit der Eibenbeere kombiniert werden. Ganz nach deinen pers\u00f6nlichen W\u00fcnschen. BENEVOLENTI Geschenkverpackung mit Steinbeschreibungen und Wunschk\u00e4rtchen. Spezialanfertigungen und andere Innovationen sehr gerne per\u00a0 Mail.<\/p>\n","protected":false},"featured_media":18000,"comment_status":"open","ping_status":"closed","template":"","meta":[],"product_brand":[],"product_cat":[335],"product_tag":[217,653],"class_list":{"0":"post-17989","1":"product","2":"type-product","3":"status-publish","4":"has-post-thumbnail","6":"product_cat-steine","7":"product_tag-mondstein","8":"product_tag-rutilquarz","10":"first","11":"instock","12":"shipping-taxable","13":"purchasable","14":"product-type-variable"},"jetpack_sharing_enabled":true,"_links":{"self":[{"href":"https:\/\/www.benevolenti.com\/de\/wp-json\/wp\/v2\/product\/17989","targetHints":{"allow":["GET"]}}],"collection":[{"href":"https:\/\/www.benevolenti.com\/de\/wp-json\/wp\/v2\/product"}],"about":[{"href":"https:\/\/www.benevolenti.com\/de\/wp-json\/wp\/v2\/types\/product"}],"replies":[{"embeddable":true,"href":"https:\/\/www.benevolenti.com\/de\/wp-json\/wp\/v2\/comments?post=17989"}],"wp:featuredmedia":[{"embeddable":true,"href":"https:\/\/www.benevolenti.com\/de\/wp-json\/wp\/v2\/media\/18000"}],"wp:attachment":[{"href":"https:\/\/www.benevolenti.com\/de\/wp-json\/wp\/v2\/media?parent=17989"}],"wp:term":[{"taxonomy":"product_brand","embeddable":true,"href":"https:\/\/www.benevolenti.com\/de\/wp-json\/wp\/v2\/product_brand?post=17989"},{"taxonomy":"product_cat","embeddable":true,"href":"https:\/\/www.benevolenti.com\/de\/wp-json\/wp\/v2\/product_cat?post=17989"},{"taxonomy":"product_tag","embeddable":true,"href":"https:\/\/www.benevolenti.com\/de\/wp-json\/wp\/v2\/product_tag?post=17989"}],"curies":[{"name":"wp","href":"https:\/\/api.w.org\/{rel}","templated":true}]}}