{"id":17986,"date":"2023-09-11T20:08:26","date_gmt":"2023-09-11T18:08:26","guid":{"rendered":"https:\/\/www.benevolenti.com\/?post_type=product&#038;p=17986"},"modified":"2025-11-02T08:06:25","modified_gmt":"2025-11-02T07:06:25","slug":"wunscharmband-liebe-2","status":"publish","type":"product","link":"https:\/\/www.benevolenti.com\/de\/produkt\/wunscharmband-liebe-2\/","title":{"rendered":"WUNSCH ARMBAND Liebe"},"content":{"rendered":"<p>Ein luxuri\u00f6ser, edler Feueropal und ein Herz in munterer Kombination. Mit einem vielsagenden Wunsch, gerne auch personifiziert. Auf dass die Liebe ins Leben kommt oder bleibt<\/p>\n<p><em>Feueropal macht spontan und impulsiv, facht schnell das Feuer der Begeisterung an und animiert dazu, Ideen und Beschl\u00fcsse sofort umzusetzen. Er muntert auf, macht fr\u00f6hlich und vergn\u00fcgt und befreit die Emotionen.<br \/>\n<\/em><em>K\u00f6rperlich regt Feueropal die Hormonproduktion an und steigert das ganze Energieniveau des K\u00f6rpers.<\/em><\/p>\n<p>925 Silber, top Vergoldung , 100% Seide, Edelstein.<br \/>\nAuf handgeschriebener und -gestempelter Karte.<br \/>\nGerne auch mit personalisiertem Wunsch.<\/p>\n","protected":false},"excerpt":{"rendered":"<p>Ein luxuri\u00f6ser, edler Feueropal und ein Herz in munterer Kombination. Mit einem vielsagenden Wunsch, gerne auch personifiziert. Auf dass die Liebe ins Leben kommt oder bleibt Feueropal macht spontan und impulsiv, facht schnell das Feuer der Begeisterung an und animiert dazu, Ideen und Beschl\u00fcsse sofort umzusetzen. Er muntert auf, macht&#8230; <a class=\"more-link\" href=\"https:\/\/www.benevolenti.com\/de\/produkt\/wunscharmband-liebe-2\/\">Mehr<\/a><\/p>\n","protected":false},"featured_media":20193,"comment_status":"open","ping_status":"closed","template":"","meta":[],"product_brand":[],"product_cat":[708,648,588,336],"product_tag":[730],"class_list":{"0":"post-17986","1":"product","2":"type-product","3":"status-publish","4":"has-post-thumbnail","6":"product_cat-weihnachten-2","7":"product_cat-schwangerschaft","8":"product_cat-liebe-glueck","9":"product_cat-seide","10":"product_tag-opal","12":"first","13":"instock","14":"shipping-taxable","15":"purchasable","16":"product-type-variable"},"jetpack_sharing_enabled":true,"_links":{"self":[{"href":"https:\/\/www.benevolenti.com\/de\/wp-json\/wp\/v2\/product\/17986","targetHints":{"allow":["GET"]}}],"collection":[{"href":"https:\/\/www.benevolenti.com\/de\/wp-json\/wp\/v2\/product"}],"about":[{"href":"https:\/\/www.benevolenti.com\/de\/wp-json\/wp\/v2\/types\/product"}],"replies":[{"embeddable":true,"href":"https:\/\/www.benevolenti.com\/de\/wp-json\/wp\/v2\/comments?post=17986"}],"wp:featuredmedia":[{"embeddable":true,"href":"https:\/\/www.benevolenti.com\/de\/wp-json\/wp\/v2\/media\/20193"}],"wp:attachment":[{"href":"https:\/\/www.benevolenti.com\/de\/wp-json\/wp\/v2\/media?parent=17986"}],"wp:term":[{"taxonomy":"product_brand","embeddable":true,"href":"https:\/\/www.benevolenti.com\/de\/wp-json\/wp\/v2\/product_brand?post=17986"},{"taxonomy":"product_cat","embeddable":true,"href":"https:\/\/www.benevolenti.com\/de\/wp-json\/wp\/v2\/product_cat?post=17986"},{"taxonomy":"product_tag","embeddable":true,"href":"https:\/\/www.benevolenti.com\/de\/wp-json\/wp\/v2\/product_tag?post=17986"}],"curies":[{"name":"wp","href":"https:\/\/api.w.org\/{rel}","templated":true}]}}