{"id":17977,"date":"2021-11-09T19:44:13","date_gmt":"2021-11-09T18:44:13","guid":{"rendered":"https:\/\/www.benevolenti.com\/?post_type=product&#038;p=17977"},"modified":"2026-03-05T11:19:27","modified_gmt":"2026-03-05T10:19:27","slug":"pure-partnerschmuck","status":"publish","type":"product","link":"https:\/\/www.benevolenti.com\/de\/produkt\/pure-partnerschmuck\/","title":{"rendered":"PURE Partnerschmuck"},"content":{"rendered":"<p>Reduziert aufs Maximum: duftendes Sandelholz oder edles Ebenholz und nat\u00fcrliche Edelsteine bilden die Basis f\u00fcr diese beiden Partnerschmuckst\u00fccke. In einer Geschenkbox mit Beschreibung der Steinwirkung und einer Karte mit der Aufschrift VERBUNDEN.<\/p>\n<p>Folgende Steine stehen zur Auswahl:<br \/>\nLandschaftsjaspis \u2013 Sandelholz<br \/>\nBronzit \u2013 Palisanderholz<br \/>\nObsidian \u2013 Ebenholz<\/p>\n<p><em>Stein und Holz. 6mm Kugeln f\u00fcr SIE, 8mm Kugeln f\u00fcr IHN. In der klassischen BENEVOLENTI Geschenkverpackung.<\/em><\/p>\n<p>Frau<br \/>\n<span>14-15cm: XS<\/span><br \/>\n<span>15-16cm: S<\/span><br \/>\n<span>16-17cm: M<\/span><br \/>\n<span>&gt;17cm: L<\/span><\/p>\n<p>Mann<br \/>\n19-21 cm: S<br \/>\n21-23 cm: M<br \/>\n23-25 cm: L<br \/>\n&gt; 25 cm: XL<\/p>\n<p>&nbsp;<\/p>\n","protected":false},"excerpt":{"rendered":"<p>Reduziert aufs Maximum: duftendes Sandelholz oder edles Ebenholz und nat\u00fcrliche Edelsteine bilden die Basis f\u00fcr diese beiden Partnerschmuckst\u00fccke. In einer Geschenkbox mit Beschreibung der Steinwirkung und einer Karte mit der Aufschrift VERBUNDEN. Folgende Steine stehen zur Auswahl: Landschaftsjaspis \u2013 Sandelholz Bronzit \u2013 Palisanderholz Obsidian \u2013 Ebenholz Stein und Holz. 6mm&#8230; <a class=\"more-link\" href=\"https:\/\/www.benevolenti.com\/de\/produkt\/pure-partnerschmuck\/\">Mehr<\/a><\/p>\n","protected":false},"featured_media":17982,"comment_status":"open","ping_status":"closed","template":"","meta":[],"product_brand":[],"product_cat":[708,588,124,335],"product_tag":[452,632],"class_list":{"0":"post-17977","1":"product","2":"type-product","3":"status-publish","4":"has-post-thumbnail","6":"product_cat-weihnachten-2","7":"product_cat-liebe-glueck","8":"product_cat-fur-ihn","9":"product_cat-steine","10":"product_tag-bronzit","11":"product_tag-landschaftsjaspis","13":"first","14":"instock","15":"shipping-taxable","16":"purchasable","17":"product-type-variable"},"jetpack_sharing_enabled":true,"_links":{"self":[{"href":"https:\/\/www.benevolenti.com\/de\/wp-json\/wp\/v2\/product\/17977","targetHints":{"allow":["GET"]}}],"collection":[{"href":"https:\/\/www.benevolenti.com\/de\/wp-json\/wp\/v2\/product"}],"about":[{"href":"https:\/\/www.benevolenti.com\/de\/wp-json\/wp\/v2\/types\/product"}],"replies":[{"embeddable":true,"href":"https:\/\/www.benevolenti.com\/de\/wp-json\/wp\/v2\/comments?post=17977"}],"wp:featuredmedia":[{"embeddable":true,"href":"https:\/\/www.benevolenti.com\/de\/wp-json\/wp\/v2\/media\/17982"}],"wp:attachment":[{"href":"https:\/\/www.benevolenti.com\/de\/wp-json\/wp\/v2\/media?parent=17977"}],"wp:term":[{"taxonomy":"product_brand","embeddable":true,"href":"https:\/\/www.benevolenti.com\/de\/wp-json\/wp\/v2\/product_brand?post=17977"},{"taxonomy":"product_cat","embeddable":true,"href":"https:\/\/www.benevolenti.com\/de\/wp-json\/wp\/v2\/product_cat?post=17977"},{"taxonomy":"product_tag","embeddable":true,"href":"https:\/\/www.benevolenti.com\/de\/wp-json\/wp\/v2\/product_tag?post=17977"}],"curies":[{"name":"wp","href":"https:\/\/api.w.org\/{rel}","templated":true}]}}