{"id":17830,"date":"2021-10-05T15:30:33","date_gmt":"2021-10-05T13:30:33","guid":{"rendered":"https:\/\/www.benevolenti.com\/?post_type=product&#038;p=17830"},"modified":"2023-08-30T20:11:31","modified_gmt":"2023-08-30T18:11:31","slug":"charm-rhodonit","status":"publish","type":"product","link":"https:\/\/www.benevolenti.com\/de\/produkt\/charm-rhodonit\/","title":{"rendered":"CHARM Rhodonit"},"content":{"rendered":"<p>Das Leben pr\u00fcft immer wieder liebe Menschen. Mit einem Rhodonit, dem klassischen 1. Hilfe-Stein, der hilft zu verzeihen und zu heilen, k\u00f6nnen wir ein Zeichen setzen und unsere Unterst\u00fctzung ausdr\u00fccken.<\/p>\n<p>Dieser Anh\u00e4nger l\u00e4sst sich in bestehenden Schmuck einf\u00e4deln, in Verschl\u00fcsse h\u00e4ngen oder auf ein Band ziehen &#8211; so dass er perfekt mit Lieblingsst\u00fccken kombiniert werden kann.<\/p>\n<p>Rhodonit 6mm.<br \/>\n925 Silber\u00f6se, vergoldet.<\/p>\n","protected":false},"excerpt":{"rendered":"<p>Das Leben pr\u00fcft immer wieder liebe Menschen. Mit einem Rhodonit, dem klassischen 1. Hilfe-Stein, der hilft zu verzeihen und zu heilen, k\u00f6nnen wir ein Zeichen setzen und unsere Unterst\u00fctzung ausdr\u00fccken. Dieser Anh\u00e4nger l\u00e4sst sich in bestehenden Schmuck einf\u00e4deln, in Verschl\u00fcsse h\u00e4ngen oder auf ein Band ziehen &#8211; so dass er&#8230; <a class=\"more-link\" href=\"https:\/\/www.benevolenti.com\/de\/produkt\/charm-rhodonit\/\">Mehr<\/a><\/p>\n","protected":false},"featured_media":17831,"comment_status":"open","ping_status":"closed","template":"","meta":[],"product_brand":[],"product_cat":[39,590],"product_tag":[669],"class_list":{"0":"post-17830","1":"product","2":"type-product","3":"status-publish","4":"has-post-thumbnail","6":"product_cat-accessories-de","7":"product_cat-hoffnungzuversicht","8":"product_tag-rhodonit","10":"first","11":"instock","12":"shipping-taxable","13":"purchasable","14":"product-type-variable","15":"has-default-attributes"},"jetpack_sharing_enabled":true,"_links":{"self":[{"href":"https:\/\/www.benevolenti.com\/de\/wp-json\/wp\/v2\/product\/17830","targetHints":{"allow":["GET"]}}],"collection":[{"href":"https:\/\/www.benevolenti.com\/de\/wp-json\/wp\/v2\/product"}],"about":[{"href":"https:\/\/www.benevolenti.com\/de\/wp-json\/wp\/v2\/types\/product"}],"replies":[{"embeddable":true,"href":"https:\/\/www.benevolenti.com\/de\/wp-json\/wp\/v2\/comments?post=17830"}],"wp:featuredmedia":[{"embeddable":true,"href":"https:\/\/www.benevolenti.com\/de\/wp-json\/wp\/v2\/media\/17831"}],"wp:attachment":[{"href":"https:\/\/www.benevolenti.com\/de\/wp-json\/wp\/v2\/media?parent=17830"}],"wp:term":[{"taxonomy":"product_brand","embeddable":true,"href":"https:\/\/www.benevolenti.com\/de\/wp-json\/wp\/v2\/product_brand?post=17830"},{"taxonomy":"product_cat","embeddable":true,"href":"https:\/\/www.benevolenti.com\/de\/wp-json\/wp\/v2\/product_cat?post=17830"},{"taxonomy":"product_tag","embeddable":true,"href":"https:\/\/www.benevolenti.com\/de\/wp-json\/wp\/v2\/product_tag?post=17830"}],"curies":[{"name":"wp","href":"https:\/\/api.w.org\/{rel}","templated":true}]}}