{"id":17802,"date":"2021-09-22T08:42:07","date_gmt":"2021-09-22T06:42:07","guid":{"rendered":"https:\/\/www.benevolenti.com\/?post_type=product&#038;p=17802"},"modified":"2025-01-28T10:59:34","modified_gmt":"2025-01-28T09:59:34","slug":"wunsch-armband-freundschaftsbande","status":"publish","type":"product","link":"https:\/\/www.benevolenti.com\/de\/produkt\/wunsch-armband-freundschaftsbande\/","title":{"rendered":"WUNSCH ARMBAND Freundschaftsbande"},"content":{"rendered":"<p>&#8222;FRIENDS ARE FAMILY WE CHOOSE.&#8220;<\/p>\n<p>Freundschaftsarmb\u00e4nder. Kleine H\u00e4matit-Sterne oder Herzen auf reiner Seide f\u00fcrs ganze Dream Team.<\/p>\n<p>Ich schreibe jede Karte von Hand, daher kann ich den Text gerne personalisieren. Auch spezielle, gemischte Farbw\u00fcnsche &#8211; kein Problem!<\/p>\n<p>&nbsp;<\/p>\n","protected":false},"excerpt":{"rendered":"<p>&#8222;FRIENDS ARE FAMILY WE CHOOSE.&#8220; Freundschaftsarmb\u00e4nder. Kleine H\u00e4matit-Sterne oder Herzen auf reiner Seide f\u00fcrs ganze Dream Team. Ich schreibe jede Karte von Hand, daher kann ich den Text gerne personalisieren. Auch spezielle, gemischte Farbw\u00fcnsche &#8211; kein Problem! &nbsp;<\/p>\n","protected":false},"featured_media":22157,"comment_status":"closed","ping_status":"closed","template":"","meta":[],"product_brand":[],"product_cat":[320,588,336,642],"product_tag":[614],"class_list":{"0":"post-17802","1":"product","2":"type-product","3":"status-publish","4":"has-post-thumbnail","6":"product_cat-familie","7":"product_cat-liebe-glueck","8":"product_cat-seide","9":"product_cat-mitbringsel","10":"product_tag-haematit","12":"first","13":"instock","14":"sold-individually","15":"shipping-taxable","16":"purchasable","17":"product-type-variable"},"jetpack_sharing_enabled":true,"_links":{"self":[{"href":"https:\/\/www.benevolenti.com\/de\/wp-json\/wp\/v2\/product\/17802","targetHints":{"allow":["GET"]}}],"collection":[{"href":"https:\/\/www.benevolenti.com\/de\/wp-json\/wp\/v2\/product"}],"about":[{"href":"https:\/\/www.benevolenti.com\/de\/wp-json\/wp\/v2\/types\/product"}],"replies":[{"embeddable":true,"href":"https:\/\/www.benevolenti.com\/de\/wp-json\/wp\/v2\/comments?post=17802"}],"wp:featuredmedia":[{"embeddable":true,"href":"https:\/\/www.benevolenti.com\/de\/wp-json\/wp\/v2\/media\/22157"}],"wp:attachment":[{"href":"https:\/\/www.benevolenti.com\/de\/wp-json\/wp\/v2\/media?parent=17802"}],"wp:term":[{"taxonomy":"product_brand","embeddable":true,"href":"https:\/\/www.benevolenti.com\/de\/wp-json\/wp\/v2\/product_brand?post=17802"},{"taxonomy":"product_cat","embeddable":true,"href":"https:\/\/www.benevolenti.com\/de\/wp-json\/wp\/v2\/product_cat?post=17802"},{"taxonomy":"product_tag","embeddable":true,"href":"https:\/\/www.benevolenti.com\/de\/wp-json\/wp\/v2\/product_tag?post=17802"}],"curies":[{"name":"wp","href":"https:\/\/api.w.org\/{rel}","templated":true}]}}