{"id":17745,"date":"2021-08-31T13:32:39","date_gmt":"2021-08-31T11:32:39","guid":{"rendered":"https:\/\/www.benevolenti.com\/?post_type=product&#038;p=17745"},"modified":"2026-03-11T09:45:35","modified_gmt":"2026-03-11T08:45:35","slug":"ring-gem-spheres","status":"publish","type":"product","link":"https:\/\/www.benevolenti.com\/de\/produkt\/ring-gem-spheres\/","title":{"rendered":"RING &#8211; Gem Spheres"},"content":{"rendered":"<p>Ein filigraner, wundersch\u00f6n verarbeiteter Fingerring mit funkelndem Edelstein sch\u00f6nster Qualit\u00e4t.<\/p>\n<p>Gr\u00fcn: Peridot &#8211; Tatkraft, Selbstbestimmung, Reinigung<br \/>\nGrau: Labradorit &#8211; Wahrheit, Intuition, Kreativit\u00e4t<br \/>\nBlau: Iolith &#8211; Kraft, Durchhalteverm\u00f6gen, Selbstsicherheit<br \/>\nRot: Granat &#8211; Mut, Hoffnung, Widerstandskraft, Ausdauer<br \/>\nGelb: Citrin &#8211; Selbstsicherheit, Lebensmut, Offenheit<br \/>\nWeiss: Mondstein &#8211; Intuition, Harmonie, Gef\u00fchlstiefe<\/p>\n<p>Peridot vergoldet in Gr\u00f6sse 56 leider nicht mehr erh\u00e4ltlich.<\/p>\n<p>Die Fingerringe werden fair, exklusiv f\u00fcr BENEVOLENTI, in Indien produziert.<\/p>\n<p>925 Silber.<br \/>\nVergoldet mit 2 micron Vergoldung.<br \/>\nAuf handgeschriebener Karte.<br \/>\nVerpackung und Versand \u00fcbernimmt BENEVOLENTI.<\/p>\n","protected":false},"excerpt":{"rendered":"<p>Ein filigraner, wundersch\u00f6n verarbeiteter Fingerring mit funkelndem Edelstein sch\u00f6nster Qualit\u00e4t. Gr\u00fcn: Peridot &#8211; Tatkraft, Selbstbestimmung, Reinigung Grau: Labradorit &#8211; Wahrheit, Intuition, Kreativit\u00e4t Blau: Iolith &#8211; Kraft, Durchhalteverm\u00f6gen, Selbstsicherheit Rot: Granat &#8211; Mut, Hoffnung, Widerstandskraft, Ausdauer Gelb: Citrin &#8211; Selbstsicherheit, Lebensmut, Offenheit Weiss: Mondstein &#8211; Intuition, Harmonie, Gef\u00fchlstiefe Peridot vergoldet in&#8230; <a class=\"more-link\" href=\"https:\/\/www.benevolenti.com\/de\/produkt\/ring-gem-spheres\/\">Mehr<\/a><\/p>\n","protected":false},"featured_media":17724,"comment_status":"open","ping_status":"closed","template":"","meta":[],"product_brand":[],"product_cat":[726],"product_tag":[601,599,627,634,217,626],"class_list":{"0":"post-17745","1":"product","2":"type-product","3":"status-publish","4":"has-post-thumbnail","6":"product_cat-fingerringe","7":"product_tag-citrin","8":"product_tag-granat","9":"product_tag-iolith","10":"product_tag-labradorit","11":"product_tag-mondstein","12":"product_tag-peridot","14":"first","15":"instock","16":"shipping-taxable","17":"purchasable","18":"product-type-variable","19":"has-default-attributes"},"jetpack_sharing_enabled":true,"_links":{"self":[{"href":"https:\/\/www.benevolenti.com\/de\/wp-json\/wp\/v2\/product\/17745","targetHints":{"allow":["GET"]}}],"collection":[{"href":"https:\/\/www.benevolenti.com\/de\/wp-json\/wp\/v2\/product"}],"about":[{"href":"https:\/\/www.benevolenti.com\/de\/wp-json\/wp\/v2\/types\/product"}],"replies":[{"embeddable":true,"href":"https:\/\/www.benevolenti.com\/de\/wp-json\/wp\/v2\/comments?post=17745"}],"wp:featuredmedia":[{"embeddable":true,"href":"https:\/\/www.benevolenti.com\/de\/wp-json\/wp\/v2\/media\/17724"}],"wp:attachment":[{"href":"https:\/\/www.benevolenti.com\/de\/wp-json\/wp\/v2\/media?parent=17745"}],"wp:term":[{"taxonomy":"product_brand","embeddable":true,"href":"https:\/\/www.benevolenti.com\/de\/wp-json\/wp\/v2\/product_brand?post=17745"},{"taxonomy":"product_cat","embeddable":true,"href":"https:\/\/www.benevolenti.com\/de\/wp-json\/wp\/v2\/product_cat?post=17745"},{"taxonomy":"product_tag","embeddable":true,"href":"https:\/\/www.benevolenti.com\/de\/wp-json\/wp\/v2\/product_tag?post=17745"}],"curies":[{"name":"wp","href":"https:\/\/api.w.org\/{rel}","templated":true}]}}