{"id":17615,"date":"2021-06-05T18:57:38","date_gmt":"2021-06-05T16:57:38","guid":{"rendered":"https:\/\/www.benevolenti.com\/?post_type=product&#038;p=17615"},"modified":"2026-03-05T11:45:50","modified_gmt":"2026-03-05T10:45:50","slug":"anhaenger-rosenquarz","status":"publish","type":"product","link":"https:\/\/www.benevolenti.com\/de\/produkt\/anhaenger-rosenquarz\/","title":{"rendered":"ANH\u00c4NGER Rosenquarz"},"content":{"rendered":"<p>Rosenquarz macht sanft, aber bestimmt und f\u00f6rdert Selbstliebe, Herzenskraft, Romantik und Liebesf\u00e4higkeit. Er befreit von Sorgen und st\u00e4rkt Einf\u00fchlungsverm\u00f6gen und Empfindsamkeit. Auf k\u00f6rperlicher Ebene regt Rosenquarz die Gewebsdurchblutung an, st\u00e4rkt Herz und Fruchtbarkeit.<\/p>\n<p>Das K\u00e4rtchen mit dem Wunsch \u201eDo what you LOVE!\u201c sowie der Stein-Beschreibung bekr\u00e4ftigt die Wirkung dieses BENEVOLENTI.<\/p>\n<p>Anh\u00e4nger aus Rosenquarz, Gr\u00f6sse ca. 4 cm kombiniert mit kleiner Kugel am Verschluss. Beide k\u00f6nnen an beliebige Kette geh\u00e4ngt werden, an Schl\u00fcsselanh\u00e4nger oder Armband.<\/p>\n<p>Versandkostenfrei geliefert im Baumwoll-Sachet.<\/p>\n<p>&nbsp;<\/p>\n","protected":false},"excerpt":{"rendered":"<p>Rosenquarz macht sanft, aber bestimmt und f\u00f6rdert Selbstliebe, Herzenskraft, Romantik und Liebesf\u00e4higkeit. Er befreit von Sorgen und st\u00e4rkt Einf\u00fchlungsverm\u00f6gen und Empfindsamkeit. Auf k\u00f6rperlicher Ebene regt Rosenquarz die Gewebsdurchblutung an, st\u00e4rkt Herz und Fruchtbarkeit. Das K\u00e4rtchen mit dem Wunsch \u201eDo what you LOVE!\u201c sowie der Stein-Beschreibung bekr\u00e4ftigt die Wirkung dieses BENEVOLENTI&#8230;. <a class=\"more-link\" href=\"https:\/\/www.benevolenti.com\/de\/produkt\/anhaenger-rosenquarz\/\">Mehr<\/a><\/p>\n","protected":false},"featured_media":17632,"comment_status":"open","ping_status":"closed","template":"","meta":[],"product_brand":[],"product_cat":[334,707,648,588],"product_tag":[610],"class_list":{"0":"post-17615","1":"product","2":"type-product","3":"status-publish","4":"has-post-thumbnail","6":"product_cat-anhanger","7":"product_cat-freude-zufriedenheit","8":"product_cat-schwangerschaft","9":"product_cat-liebe-glueck","10":"product_tag-rosenquarz","12":"first","13":"instock","14":"shipping-taxable","15":"purchasable","16":"product-type-variable"},"jetpack_sharing_enabled":true,"_links":{"self":[{"href":"https:\/\/www.benevolenti.com\/de\/wp-json\/wp\/v2\/product\/17615","targetHints":{"allow":["GET"]}}],"collection":[{"href":"https:\/\/www.benevolenti.com\/de\/wp-json\/wp\/v2\/product"}],"about":[{"href":"https:\/\/www.benevolenti.com\/de\/wp-json\/wp\/v2\/types\/product"}],"replies":[{"embeddable":true,"href":"https:\/\/www.benevolenti.com\/de\/wp-json\/wp\/v2\/comments?post=17615"}],"wp:featuredmedia":[{"embeddable":true,"href":"https:\/\/www.benevolenti.com\/de\/wp-json\/wp\/v2\/media\/17632"}],"wp:attachment":[{"href":"https:\/\/www.benevolenti.com\/de\/wp-json\/wp\/v2\/media?parent=17615"}],"wp:term":[{"taxonomy":"product_brand","embeddable":true,"href":"https:\/\/www.benevolenti.com\/de\/wp-json\/wp\/v2\/product_brand?post=17615"},{"taxonomy":"product_cat","embeddable":true,"href":"https:\/\/www.benevolenti.com\/de\/wp-json\/wp\/v2\/product_cat?post=17615"},{"taxonomy":"product_tag","embeddable":true,"href":"https:\/\/www.benevolenti.com\/de\/wp-json\/wp\/v2\/product_tag?post=17615"}],"curies":[{"name":"wp","href":"https:\/\/api.w.org\/{rel}","templated":true}]}}