{"id":17584,"date":"2021-06-06T18:05:42","date_gmt":"2021-06-06T16:05:42","guid":{"rendered":"https:\/\/www.benevolenti.com\/?post_type=product&#038;p=17584"},"modified":"2024-10-15T18:46:44","modified_gmt":"2024-10-15T16:46:44","slug":"herz-iolith","status":"publish","type":"product","link":"https:\/\/www.benevolenti.com\/de\/produkt\/herz-iolith\/","title":{"rendered":"HERZ Iolith"},"content":{"rendered":"<p><span style=\"font-family: georgia, times, times new roman, serif;\"><span>Dieser facettierte Iolith gl\u00e4nzt auf einem massiven Silberherz,<br \/>\ndas sich mit einer gestempelten Botschaft auf der R\u00fcckseite personalisieren l\u00e4sst.\u00a0<\/span><\/span><\/p>\n<p>925 Silber, Kette 45cm lang.<\/p>\n","protected":false},"excerpt":{"rendered":"<p>Dieser facettierte Iolith gl\u00e4nzt auf einem massiven Silberherz, das sich mit einer gestempelten Botschaft auf der R\u00fcckseite personalisieren l\u00e4sst.\u00a0 925 Silber, Kette 45cm lang.<\/p>\n","protected":false},"featured_media":18257,"comment_status":"open","ping_status":"closed","template":"","meta":[],"product_brand":[],"product_cat":[594,728],"product_tag":[627],"class_list":{"0":"post-17584","1":"product","2":"type-product","3":"status-publish","4":"has-post-thumbnail","6":"product_cat-erfolg-selbstvertrauen","7":"product_cat-symbolketten","8":"product_tag-iolith","10":"first","11":"instock","12":"shipping-taxable","13":"purchasable","14":"product-type-simple"},"jetpack_sharing_enabled":true,"_links":{"self":[{"href":"https:\/\/www.benevolenti.com\/de\/wp-json\/wp\/v2\/product\/17584","targetHints":{"allow":["GET"]}}],"collection":[{"href":"https:\/\/www.benevolenti.com\/de\/wp-json\/wp\/v2\/product"}],"about":[{"href":"https:\/\/www.benevolenti.com\/de\/wp-json\/wp\/v2\/types\/product"}],"replies":[{"embeddable":true,"href":"https:\/\/www.benevolenti.com\/de\/wp-json\/wp\/v2\/comments?post=17584"}],"wp:featuredmedia":[{"embeddable":true,"href":"https:\/\/www.benevolenti.com\/de\/wp-json\/wp\/v2\/media\/18257"}],"wp:attachment":[{"href":"https:\/\/www.benevolenti.com\/de\/wp-json\/wp\/v2\/media?parent=17584"}],"wp:term":[{"taxonomy":"product_brand","embeddable":true,"href":"https:\/\/www.benevolenti.com\/de\/wp-json\/wp\/v2\/product_brand?post=17584"},{"taxonomy":"product_cat","embeddable":true,"href":"https:\/\/www.benevolenti.com\/de\/wp-json\/wp\/v2\/product_cat?post=17584"},{"taxonomy":"product_tag","embeddable":true,"href":"https:\/\/www.benevolenti.com\/de\/wp-json\/wp\/v2\/product_tag?post=17584"}],"curies":[{"name":"wp","href":"https:\/\/api.w.org\/{rel}","templated":true}]}}