{"id":17384,"date":"2021-03-31T08:17:46","date_gmt":"2021-03-31T06:17:46","guid":{"rendered":"https:\/\/www.benevolenti.com\/?post_type=product&#038;p=17384"},"modified":"2024-05-31T18:13:19","modified_gmt":"2024-05-31T16:13:19","slug":"anhaenger-fruehling-2","status":"publish","type":"product","link":"https:\/\/www.benevolenti.com\/de\/produkt\/anhaenger-fruehling-2\/","title":{"rendered":"ANH\u00c4NGER Fr\u00fchling"},"content":{"rendered":"<p>Endlich Fr\u00fchling!<\/p>\n<p><em><b>Aventurin<\/b><b> (gr\u00fcn) <\/b>Selbstbestimmung, Unbeschwertheit, Entspannung\u00a0<\/em><br \/>\n<em><b>Calcit<\/b> <strong>(gelb)<\/strong> Selbstwert, Standfestigkeit, Lebensfreude\u00a0<\/em><br \/>\n<em><b>Lepidolith<\/b> <strong>(lila)<\/strong> Abgrenzung, Innerer Friede, Fokus<br \/>\n<\/em><\/p>\n<p>Das K\u00e4rtchen mit dem Wunsch \u201eBleib so wunderbar, wie du bist!\u201c, die passenden Stein-Beschreibungen und ein Baumwoll-Sachet begleiten dieses BENEVOLENTI.<\/p>\n<p>Die Steine k\u00f6nnen an eine beliebige Kette geh\u00e4ngt werden, an Schl\u00fcsselanh\u00e4nger oder Armband.<\/p>\n","protected":false},"excerpt":{"rendered":"<p>Endlich Fr\u00fchling! Aventurin (gr\u00fcn) Selbstbestimmung, Unbeschwertheit, Entspannung\u00a0 Calcit (gelb) Selbstwert, Standfestigkeit, Lebensfreude\u00a0 Lepidolith (lila) Abgrenzung, Innerer Friede, Fokus Das K\u00e4rtchen mit dem Wunsch \u201eBleib so wunderbar, wie du bist!\u201c, die passenden Stein-Beschreibungen und ein Baumwoll-Sachet begleiten dieses BENEVOLENTI. Die Steine k\u00f6nnen an eine beliebige Kette geh\u00e4ngt werden, an Schl\u00fcsselanh\u00e4nger oder&#8230; <a class=\"more-link\" href=\"https:\/\/www.benevolenti.com\/de\/produkt\/anhaenger-fruehling-2\/\">Mehr<\/a><\/p>\n","protected":false},"featured_media":17380,"comment_status":"open","ping_status":"closed","template":"","meta":[],"product_brand":[],"product_cat":[334,707,642],"product_tag":[619,620,636],"class_list":{"0":"post-17384","1":"product","2":"type-product","3":"status-publish","4":"has-post-thumbnail","6":"product_cat-anhanger","7":"product_cat-freude-zufriedenheit","8":"product_cat-mitbringsel","9":"product_tag-aventurin","10":"product_tag-calcit","11":"product_tag-lepidolith","13":"first","14":"instock","15":"shipping-taxable","16":"purchasable","17":"product-type-variable"},"jetpack_sharing_enabled":true,"_links":{"self":[{"href":"https:\/\/www.benevolenti.com\/de\/wp-json\/wp\/v2\/product\/17384","targetHints":{"allow":["GET"]}}],"collection":[{"href":"https:\/\/www.benevolenti.com\/de\/wp-json\/wp\/v2\/product"}],"about":[{"href":"https:\/\/www.benevolenti.com\/de\/wp-json\/wp\/v2\/types\/product"}],"replies":[{"embeddable":true,"href":"https:\/\/www.benevolenti.com\/de\/wp-json\/wp\/v2\/comments?post=17384"}],"wp:featuredmedia":[{"embeddable":true,"href":"https:\/\/www.benevolenti.com\/de\/wp-json\/wp\/v2\/media\/17380"}],"wp:attachment":[{"href":"https:\/\/www.benevolenti.com\/de\/wp-json\/wp\/v2\/media?parent=17384"}],"wp:term":[{"taxonomy":"product_brand","embeddable":true,"href":"https:\/\/www.benevolenti.com\/de\/wp-json\/wp\/v2\/product_brand?post=17384"},{"taxonomy":"product_cat","embeddable":true,"href":"https:\/\/www.benevolenti.com\/de\/wp-json\/wp\/v2\/product_cat?post=17384"},{"taxonomy":"product_tag","embeddable":true,"href":"https:\/\/www.benevolenti.com\/de\/wp-json\/wp\/v2\/product_tag?post=17384"}],"curies":[{"name":"wp","href":"https:\/\/api.w.org\/{rel}","templated":true}]}}