{"id":17337,"date":"2021-03-29T09:21:16","date_gmt":"2021-03-29T07:21:16","guid":{"rendered":"https:\/\/www.benevolenti.com\/?post_type=product&#038;p=17337"},"modified":"2024-09-18T04:09:50","modified_gmt":"2024-09-18T02:09:50","slug":"wunsch-armband-mut","status":"publish","type":"product","link":"https:\/\/www.benevolenti.com\/de\/produkt\/wunsch-armband-mut\/","title":{"rendered":"WUNSCH ARMBAND Mut"},"content":{"rendered":"<p>Endlich auch klitzeklein und f\u00fcrs Handgelenk erh\u00e4ltlich.<\/p>\n<p><span>Die Feder ist bei den Indianern ein klassisches Symbol f\u00fcr Mut und Tapferkeit.<\/span><br \/>\n<span>H\u00e4matit unterst\u00fctzt diese Symbolwirkung und macht aus diesem Schmuckst\u00fcck einen starken Talisman.<\/span><\/p>\n<p>100% Naturseide.<br \/>\n925 Silber, vergoldet oder ros\u00e9-vergoldet.<br \/>\nFacettierter H\u00e4matit.<\/p>\n","protected":false},"excerpt":{"rendered":"<p>Endlich auch klitzeklein und f\u00fcrs Handgelenk erh\u00e4ltlich. Die Feder ist bei den Indianern ein klassisches Symbol f\u00fcr Mut und Tapferkeit. H\u00e4matit unterst\u00fctzt diese Symbolwirkung und macht aus diesem Schmuckst\u00fcck einen starken Talisman. 100% Naturseide. 925 Silber, vergoldet oder ros\u00e9-vergoldet. Facettierter H\u00e4matit.<\/p>\n","protected":false},"featured_media":17364,"comment_status":"open","ping_status":"closed","template":"","meta":[],"product_brand":[],"product_cat":[643,336,594,642],"product_tag":[614],"class_list":{"0":"post-17337","1":"product","2":"type-product","3":"status-publish","4":"has-post-thumbnail","6":"product_cat-geschenke-fuer-sie","7":"product_cat-seide","8":"product_cat-erfolg-selbstvertrauen","9":"product_cat-mitbringsel","10":"product_tag-haematit","12":"first","13":"instock","14":"shipping-taxable","15":"purchasable","16":"product-type-variable"},"jetpack_sharing_enabled":true,"_links":{"self":[{"href":"https:\/\/www.benevolenti.com\/de\/wp-json\/wp\/v2\/product\/17337","targetHints":{"allow":["GET"]}}],"collection":[{"href":"https:\/\/www.benevolenti.com\/de\/wp-json\/wp\/v2\/product"}],"about":[{"href":"https:\/\/www.benevolenti.com\/de\/wp-json\/wp\/v2\/types\/product"}],"replies":[{"embeddable":true,"href":"https:\/\/www.benevolenti.com\/de\/wp-json\/wp\/v2\/comments?post=17337"}],"wp:featuredmedia":[{"embeddable":true,"href":"https:\/\/www.benevolenti.com\/de\/wp-json\/wp\/v2\/media\/17364"}],"wp:attachment":[{"href":"https:\/\/www.benevolenti.com\/de\/wp-json\/wp\/v2\/media?parent=17337"}],"wp:term":[{"taxonomy":"product_brand","embeddable":true,"href":"https:\/\/www.benevolenti.com\/de\/wp-json\/wp\/v2\/product_brand?post=17337"},{"taxonomy":"product_cat","embeddable":true,"href":"https:\/\/www.benevolenti.com\/de\/wp-json\/wp\/v2\/product_cat?post=17337"},{"taxonomy":"product_tag","embeddable":true,"href":"https:\/\/www.benevolenti.com\/de\/wp-json\/wp\/v2\/product_tag?post=17337"}],"curies":[{"name":"wp","href":"https:\/\/api.w.org\/{rel}","templated":true}]}}