{"id":17291,"date":"2021-03-25T06:05:22","date_gmt":"2021-03-25T05:05:22","guid":{"rendered":"https:\/\/www.benevolenti.com\/?post_type=product&#038;p=17291"},"modified":"2021-11-07T07:56:14","modified_gmt":"2021-11-07T06:56:14","slug":"boutonniere","status":"publish","type":"product","link":"https:\/\/www.benevolenti.com\/de\/produkt\/boutonniere\/","title":{"rendered":"BUTTONHOLE Boutonni\u00e8re"},"content":{"rendered":"<p>Ein Hingucker f\u00fcrs Knopfloch &#8211; aus reiner Seide und einem Edelstein im Zentrum.<\/p>\n<p><em>&#8222;Jeder Tag ist ein Tag zum Feiern.&#8220;\u00a0\u00a0<\/em><\/p>\n<p>Die Zeiten sind vorbei, als f\u00fcr ein Statement im Knopfloch eine Hochzeit n\u00f6tig war. Nun, da der Schlips auf der Strecke bleibt, warum nicht ein Zeichen setzen und das Buttonhole f\u00fcr ein stylishes Zwinkern nutzen?<\/p>\n<p>Handgemacht bei mir im Atelier (oder irgendwo unterwegs).<br \/>\n100% Seide, nat\u00fcrlicher Edelstein.<br \/>\nKarte handgeschrieben und sehr gerne mit Wunsch und Namen personalisiert.<\/p>\n<p>Design your own: Seidenfarbe, Stein und Wunsch ins Checkout Feld schreiben und schofertig.<\/p>\n<p>&nbsp;<\/p>\n<p>&nbsp;<\/p>\n","protected":false},"excerpt":{"rendered":"<p>Ein Hingucker f\u00fcrs Knopfloch &#8211; aus reiner Seide und einem Edelstein im Zentrum. &#8222;Jeder Tag ist ein Tag zum Feiern.&#8220;\u00a0\u00a0 Die Zeiten sind vorbei, als f\u00fcr ein Statement im Knopfloch eine Hochzeit n\u00f6tig war. Nun, da der Schlips auf der Strecke bleibt, warum nicht ein Zeichen setzen und das Buttonhole&#8230; <a class=\"more-link\" href=\"https:\/\/www.benevolenti.com\/de\/produkt\/boutonniere\/\">Mehr<\/a><\/p>\n","protected":false},"featured_media":17296,"comment_status":"open","ping_status":"closed","template":"","meta":[],"product_brand":[],"product_cat":[644],"product_tag":[609,452,621,622,599,602,245,711,598,660,242,610,453,667],"class_list":{"0":"post-17291","1":"product","2":"type-product","3":"status-publish","4":"has-post-thumbnail","6":"product_cat-geschenke-fuer-ihn","7":"product_tag-aquamarin","8":"product_tag-bronzit","9":"product_tag-dumortierit","10":"product_tag-flint","11":"product_tag-granat","12":"product_tag-heliotrop","13":"product_tag-jade-de","14":"product_tag-jaspis","15":"product_tag-lapislazuli","16":"product_tag-magnesit","17":"product_tag-pyrit","18":"product_tag-rosenquarz","19":"product_tag-turmalin","20":"product_tag-versteinertes-holz","22":"first","23":"instock","24":"shipping-taxable","25":"purchasable","26":"product-type-variable"},"jetpack_sharing_enabled":true,"_links":{"self":[{"href":"https:\/\/www.benevolenti.com\/de\/wp-json\/wp\/v2\/product\/17291","targetHints":{"allow":["GET"]}}],"collection":[{"href":"https:\/\/www.benevolenti.com\/de\/wp-json\/wp\/v2\/product"}],"about":[{"href":"https:\/\/www.benevolenti.com\/de\/wp-json\/wp\/v2\/types\/product"}],"replies":[{"embeddable":true,"href":"https:\/\/www.benevolenti.com\/de\/wp-json\/wp\/v2\/comments?post=17291"}],"wp:featuredmedia":[{"embeddable":true,"href":"https:\/\/www.benevolenti.com\/de\/wp-json\/wp\/v2\/media\/17296"}],"wp:attachment":[{"href":"https:\/\/www.benevolenti.com\/de\/wp-json\/wp\/v2\/media?parent=17291"}],"wp:term":[{"taxonomy":"product_brand","embeddable":true,"href":"https:\/\/www.benevolenti.com\/de\/wp-json\/wp\/v2\/product_brand?post=17291"},{"taxonomy":"product_cat","embeddable":true,"href":"https:\/\/www.benevolenti.com\/de\/wp-json\/wp\/v2\/product_cat?post=17291"},{"taxonomy":"product_tag","embeddable":true,"href":"https:\/\/www.benevolenti.com\/de\/wp-json\/wp\/v2\/product_tag?post=17291"}],"curies":[{"name":"wp","href":"https:\/\/api.w.org\/{rel}","templated":true}]}}