{"id":17113,"date":"2022-09-20T09:37:07","date_gmt":"2022-09-20T07:37:07","guid":{"rendered":"https:\/\/www.benevolenti.com\/?post_type=product&#038;p=17113"},"modified":"2026-04-15T07:36:35","modified_gmt":"2026-04-15T05:36:35","slug":"doublegem-stuermische-zeiten","status":"publish","type":"product","link":"https:\/\/www.benevolenti.com\/de\/produkt\/doublegem-stuermische-zeiten\/","title":{"rendered":"DoubleGem St\u00fcrmische Zeiten"},"content":{"rendered":"<p>Die Extra-Power f\u00fcr st\u00fcrmische Zeiten.<\/p>\n<p><em>Granat (gr\u00fcn) f\u00f6rdert Selbstvertrauen, Willensst\u00e4rke und Lebensfreude. Er schenkt Mut, Hoffnung und Zuversicht \u2013 Widerst\u00e4nde werden zu Herausforderungen. Granat bringt eine Ausdauer, die seinen Tr\u00e4ger selbst verwundert, auch in Extremsituationen.<\/em><\/p>\n<p><em>Pietersit (bl\u00e4ulich) gibt innere Stabilit\u00e4t bei schnellen und st\u00fcrmischen Ver\u00e4nderungen im Leben \u2013 ob deren Ursachen pers\u00f6nlicher oder kollektiver Natur sind. Er h\u00e4lt den Kopf frei f\u00fcr das Wesentliche und kann Krisensituationen gelassen meistern. Dadurch schafft er eine tiefe innere Ruhe.<\/em><\/p>\n<p><em>Versteinertes Holz (br\u00e4unlich) hilft, sich zu erden, bei der Sache zu bleiben und Begonnenes zu vollenden. Es wirkt erholsam, zentrierend und sammelnd und ist eine hervorragende Meditationshilfe.<\/em><\/p>\n<p><em>Ozeanchalcedon (gr\u00fcnlich) wirkt erw\u00e4rmend, entgiftend, auf allen k\u00f6rperlichen Ebenen regenerierend und erneuernd. Er st\u00e4rkt die spezifische Immunabwehr. Er gibt eine positive Lebenshaltung, steigert die Belastbarkeit und hilft, mit Problemen konstruktiv umzugehen.<\/em><\/p>\n<p>&nbsp;<\/p>\n<p>BENEVOLENTI Geschenkverpackung mit Steinbeschreibung und Wunschk\u00e4rtchen.<br \/>\nEibenbeere in 925 Silber oder vergoldetem 925 Silber.<\/p>\n","protected":false},"excerpt":{"rendered":"<p>Die Extra-Power f\u00fcr st\u00fcrmische Zeiten. Granat (gr\u00fcn) f\u00f6rdert Selbstvertrauen, Willensst\u00e4rke und Lebensfreude. Er schenkt Mut, Hoffnung und Zuversicht \u2013 Widerst\u00e4nde werden zu Herausforderungen. Granat bringt eine Ausdauer, die seinen Tr\u00e4ger selbst verwundert, auch in Extremsituationen. Pietersit (bl\u00e4ulich) gibt innere Stabilit\u00e4t bei schnellen und st\u00fcrmischen Ver\u00e4nderungen im Leben \u2013 ob deren&#8230; <a class=\"more-link\" href=\"https:\/\/www.benevolenti.com\/de\/produkt\/doublegem-stuermische-zeiten\/\">Mehr<\/a><\/p>\n","protected":false},"featured_media":17119,"comment_status":"open","ping_status":"closed","template":"","meta":[],"product_brand":[],"product_cat":[146,595,590,335],"product_tag":[599,722,667],"class_list":{"0":"post-17113","1":"product","2":"type-product","3":"status-publish","4":"has-post-thumbnail","6":"product_cat-armbaender","7":"product_cat-kraft-energie","8":"product_cat-hoffnungzuversicht","9":"product_cat-steine","10":"product_tag-granat","11":"product_tag-pietersit","12":"product_tag-versteinertes-holz","14":"first","15":"instock","16":"shipping-taxable","17":"purchasable","18":"product-type-variable"},"jetpack_sharing_enabled":true,"_links":{"self":[{"href":"https:\/\/www.benevolenti.com\/de\/wp-json\/wp\/v2\/product\/17113","targetHints":{"allow":["GET"]}}],"collection":[{"href":"https:\/\/www.benevolenti.com\/de\/wp-json\/wp\/v2\/product"}],"about":[{"href":"https:\/\/www.benevolenti.com\/de\/wp-json\/wp\/v2\/types\/product"}],"replies":[{"embeddable":true,"href":"https:\/\/www.benevolenti.com\/de\/wp-json\/wp\/v2\/comments?post=17113"}],"wp:featuredmedia":[{"embeddable":true,"href":"https:\/\/www.benevolenti.com\/de\/wp-json\/wp\/v2\/media\/17119"}],"wp:attachment":[{"href":"https:\/\/www.benevolenti.com\/de\/wp-json\/wp\/v2\/media?parent=17113"}],"wp:term":[{"taxonomy":"product_brand","embeddable":true,"href":"https:\/\/www.benevolenti.com\/de\/wp-json\/wp\/v2\/product_brand?post=17113"},{"taxonomy":"product_cat","embeddable":true,"href":"https:\/\/www.benevolenti.com\/de\/wp-json\/wp\/v2\/product_cat?post=17113"},{"taxonomy":"product_tag","embeddable":true,"href":"https:\/\/www.benevolenti.com\/de\/wp-json\/wp\/v2\/product_tag?post=17113"}],"curies":[{"name":"wp","href":"https:\/\/api.w.org\/{rel}","templated":true}]}}