{"id":17037,"date":"2020-03-12T08:00:50","date_gmt":"2020-03-12T07:00:50","guid":{"rendered":"https:\/\/www.benevolenti.com\/?post_type=product&#038;p=17037"},"modified":"2022-04-04T09:18:35","modified_gmt":"2022-04-04T07:18:35","slug":"halskette-lebensblume","status":"publish","type":"product","link":"https:\/\/www.benevolenti.com\/de\/produkt\/halskette-lebensblume\/","title":{"rendered":"HALSKETTE Lebensblume"},"content":{"rendered":"<p>Die Blume des Lebens findet sich seit Jahrtausenden als Ornament an den verschiedensten Orten und historischen Bauwerken. Dem Symbol wird eine harmonisierende, sch\u00fctzende Wirkung zugeschrieben und oft wird das Muster als heilige Geometrie bezeichnet, auch weil alle Platonischen K\u00f6rper damit gebildet werden k\u00f6nnen.<\/p>\n<p>Ein kleiner nat\u00fcrlich gewachsener BergKRISTALL begleitet die Lebensblume.<\/p>\n<p>L\u00e4nge 45cm.<br \/>\n925 Silber und 925 Silber (ros\u00e9) vergoldet.<\/p>\n<p>&nbsp;<\/p>\n<p>&nbsp;<\/p>\n","protected":false},"excerpt":{"rendered":"<p>Die Blume des Lebens findet sich seit Jahrtausenden als Ornament an den verschiedensten Orten und historischen Bauwerken. Dem Symbol wird eine harmonisierende, sch\u00fctzende Wirkung zugeschrieben und oft wird das Muster als heilige Geometrie bezeichnet, auch weil alle Platonischen K\u00f6rper damit gebildet werden k\u00f6nnen. Ein kleiner nat\u00fcrlich gewachsener BergKRISTALL begleitet die&#8230; <a class=\"more-link\" href=\"https:\/\/www.benevolenti.com\/de\/produkt\/halskette-lebensblume\/\">Mehr<\/a><\/p>\n","protected":false},"featured_media":17042,"comment_status":"open","ping_status":"closed","template":"","meta":[],"product_brand":[],"product_cat":[595,728,642],"product_tag":[670],"class_list":{"0":"post-17037","1":"product","2":"type-product","3":"status-publish","4":"has-post-thumbnail","6":"product_cat-kraft-energie","7":"product_cat-symbolketten","8":"product_cat-mitbringsel","9":"product_tag-pinkopal","11":"first","12":"instock","13":"shipping-taxable","14":"purchasable","15":"product-type-variable"},"jetpack_sharing_enabled":true,"_links":{"self":[{"href":"https:\/\/www.benevolenti.com\/de\/wp-json\/wp\/v2\/product\/17037","targetHints":{"allow":["GET"]}}],"collection":[{"href":"https:\/\/www.benevolenti.com\/de\/wp-json\/wp\/v2\/product"}],"about":[{"href":"https:\/\/www.benevolenti.com\/de\/wp-json\/wp\/v2\/types\/product"}],"replies":[{"embeddable":true,"href":"https:\/\/www.benevolenti.com\/de\/wp-json\/wp\/v2\/comments?post=17037"}],"wp:featuredmedia":[{"embeddable":true,"href":"https:\/\/www.benevolenti.com\/de\/wp-json\/wp\/v2\/media\/17042"}],"wp:attachment":[{"href":"https:\/\/www.benevolenti.com\/de\/wp-json\/wp\/v2\/media?parent=17037"}],"wp:term":[{"taxonomy":"product_brand","embeddable":true,"href":"https:\/\/www.benevolenti.com\/de\/wp-json\/wp\/v2\/product_brand?post=17037"},{"taxonomy":"product_cat","embeddable":true,"href":"https:\/\/www.benevolenti.com\/de\/wp-json\/wp\/v2\/product_cat?post=17037"},{"taxonomy":"product_tag","embeddable":true,"href":"https:\/\/www.benevolenti.com\/de\/wp-json\/wp\/v2\/product_tag?post=17037"}],"curies":[{"name":"wp","href":"https:\/\/api.w.org\/{rel}","templated":true}]}}