{"id":16915,"date":"2020-10-29T15:21:49","date_gmt":"2020-10-29T14:21:49","guid":{"rendered":"https:\/\/www.benevolenti.com\/?post_type=product&#038;p=16915"},"modified":"2024-10-15T18:39:55","modified_gmt":"2024-10-15T16:39:55","slug":"anhaenger-erdung","status":"publish","type":"product","link":"https:\/\/www.benevolenti.com\/de\/produkt\/anhaenger-erdung\/","title":{"rendered":"ANH\u00c4NGER Erdung"},"content":{"rendered":"<p>Versteinertes Holz hilft, sich zu erden, wenn man dazu neigt, sich in Gedanken zu verlieren, unkonzentriert abzuschweifen oder Begonnenes unvollendet zu lassen. Es wirkt erholsam, zentrierend und sammelnd und regt an, sich Musse und Zeit zum Nachdenken zu nehmen.<\/p>\n<p>Das K\u00e4rtchen mit dem Wunsch \u201eI am grounded.\u201c sowie der Stein-Beschreibung bekr\u00e4ftigt die Wirkung dieses BENEVOLENTI.<\/p>\n<p>Anh\u00e4nger aus versteinertem Holz, Gr\u00f6sse ca. 4-5cm kombiniert mit kleiner Kugel am Verschluss. Beide k\u00f6nnen an beliebige Kette geh\u00e4ngt werden, an Schl\u00fcsselanh\u00e4nger oder Armband.<\/p>\n<p>Achtung, jeder Stein ist anders, weil ein Naturprodukt. Wenn kein Wunsch im Kommentarfeld beim Check-out steht, w\u00e4hle ich einfach den Sch\u00f6nsten aus.<\/p>\n","protected":false},"excerpt":{"rendered":"<p>Versteinertes Holz hilft, sich zu erden, wenn man dazu neigt, sich in Gedanken zu verlieren, unkonzentriert abzuschweifen oder Begonnenes unvollendet zu lassen. Es wirkt erholsam, zentrierend und sammelnd und regt an, sich Musse und Zeit zum Nachdenken zu nehmen. Das K\u00e4rtchen mit dem Wunsch \u201eI am grounded.\u201c sowie der Stein-Beschreibung&#8230; <a class=\"more-link\" href=\"https:\/\/www.benevolenti.com\/de\/produkt\/anhaenger-erdung\/\">Mehr<\/a><\/p>\n","protected":false},"featured_media":16930,"comment_status":"open","ping_status":"closed","template":"","meta":[],"product_brand":[],"product_cat":[334,589],"product_tag":[667],"class_list":{"0":"post-16915","1":"product","2":"type-product","3":"status-publish","4":"has-post-thumbnail","6":"product_cat-anhanger","7":"product_cat-schutz","8":"product_tag-versteinertes-holz","10":"first","11":"instock","12":"shipping-taxable","13":"purchasable","14":"product-type-variable"},"jetpack_sharing_enabled":true,"_links":{"self":[{"href":"https:\/\/www.benevolenti.com\/de\/wp-json\/wp\/v2\/product\/16915","targetHints":{"allow":["GET"]}}],"collection":[{"href":"https:\/\/www.benevolenti.com\/de\/wp-json\/wp\/v2\/product"}],"about":[{"href":"https:\/\/www.benevolenti.com\/de\/wp-json\/wp\/v2\/types\/product"}],"replies":[{"embeddable":true,"href":"https:\/\/www.benevolenti.com\/de\/wp-json\/wp\/v2\/comments?post=16915"}],"wp:featuredmedia":[{"embeddable":true,"href":"https:\/\/www.benevolenti.com\/de\/wp-json\/wp\/v2\/media\/16930"}],"wp:attachment":[{"href":"https:\/\/www.benevolenti.com\/de\/wp-json\/wp\/v2\/media?parent=16915"}],"wp:term":[{"taxonomy":"product_brand","embeddable":true,"href":"https:\/\/www.benevolenti.com\/de\/wp-json\/wp\/v2\/product_brand?post=16915"},{"taxonomy":"product_cat","embeddable":true,"href":"https:\/\/www.benevolenti.com\/de\/wp-json\/wp\/v2\/product_cat?post=16915"},{"taxonomy":"product_tag","embeddable":true,"href":"https:\/\/www.benevolenti.com\/de\/wp-json\/wp\/v2\/product_tag?post=16915"}],"curies":[{"name":"wp","href":"https:\/\/api.w.org\/{rel}","templated":true}]}}