{"id":16889,"date":"2020-10-28T17:54:27","date_gmt":"2020-10-28T16:54:27","guid":{"rendered":"https:\/\/www.benevolenti.com\/?post_type=product&#038;p=16889"},"modified":"2024-10-15T18:40:25","modified_gmt":"2024-10-15T16:40:25","slug":"set-lebensfreude","status":"publish","type":"product","link":"https:\/\/www.benevolenti.com\/de\/produkt\/set-lebensfreude\/","title":{"rendered":"SET Rhodochrosit"},"content":{"rendered":"<p>Du bist Partnerin, immer Tochter, oft Schwester und manchmal Mutter \u2013<br \/>\nFachfrau, Unternehmerin oder Mitarbeiterin, manchmal Chefin \u2013<br \/>\nimmer Haush\u00e4lterin, oft K\u00f6chin und manchmal Krankenpflegerin \u2013<br \/>\nmanchmal auch Lerncoach, Vorbild und Ordnungsh\u00fcterin,<br \/>\nund zum Gl\u00fcck auch Sportlerin, Sprachsch\u00fclerin, Kreative und Freundin.<\/p>\n<p><strong>Du bist eine HELDIN.<\/strong><\/p>\n<p>SET aus Kreolen und Halskette &#8211; Seidenarmband bitte separat <a href=\"https:\/\/www.benevolenti.com\/de\/produkt\/seide-stein\/\">bestellen<\/a>.<br \/>\nNaturbelassener Rhodochrosit.<\/p>\n<p><em>Rhodochrosit regt Lebendigkeit, Aktivit\u00e4t, Erotik und Leistungsf\u00e4higkeit an und hilft, sich gen\u00fcgend eigenen Raum und Zeit f\u00fcr sich selbst zuzugestehen. Er regt Kreislauf, Nierent\u00e4tigkeit und Blutdruck an.<\/em><\/p>\n<p>Das K\u00e4rtchen mit dem Wunsch \u201eHer mit dem sch\u00f6nen Leben!\u201c sowie die Stein-Beschreibungen im Sch\u00e4chtelchen bekr\u00e4ftigen die Wirkung dieses BENEVOLENTI.<\/p>\n<p>Anh\u00e4nger aus Rhodochrosit, Gr\u00f6sse ca. 2cm kombiniert mit kleiner Rhodochrosit-Kugel.<br \/>\nKreolen aus 925 Silber oder 925 Silber vergoldet, 1.5cm im Durchmesser mit zwei Rhodochrositen.<\/p>\n<p>&nbsp;<\/p>\n","protected":false},"excerpt":{"rendered":"<p>Du bist Partnerin, immer Tochter, oft Schwester und manchmal Mutter \u2013 Fachfrau, Unternehmerin oder Mitarbeiterin, manchmal Chefin \u2013 immer Haush\u00e4lterin, oft K\u00f6chin und manchmal Krankenpflegerin \u2013 manchmal auch Lerncoach, Vorbild und Ordnungsh\u00fcterin, und zum Gl\u00fcck auch Sportlerin, Sprachsch\u00fclerin, Kreative und Freundin. Du bist eine HELDIN. SET aus Kreolen und Halskette&#8230; <a class=\"more-link\" href=\"https:\/\/www.benevolenti.com\/de\/produkt\/set-lebensfreude\/\">Mehr<\/a><\/p>\n","protected":false},"featured_media":16914,"comment_status":"open","ping_status":"closed","template":"","meta":[],"product_brand":[],"product_cat":[332,725],"product_tag":[688],"class_list":{"0":"post-16889","1":"product","2":"type-product","3":"status-publish","4":"has-post-thumbnail","6":"product_cat-ketten","7":"product_cat-set","8":"product_tag-rhodochrosit","10":"first","11":"instock","12":"shipping-taxable","13":"purchasable","14":"product-type-variable"},"jetpack_sharing_enabled":true,"_links":{"self":[{"href":"https:\/\/www.benevolenti.com\/de\/wp-json\/wp\/v2\/product\/16889","targetHints":{"allow":["GET"]}}],"collection":[{"href":"https:\/\/www.benevolenti.com\/de\/wp-json\/wp\/v2\/product"}],"about":[{"href":"https:\/\/www.benevolenti.com\/de\/wp-json\/wp\/v2\/types\/product"}],"replies":[{"embeddable":true,"href":"https:\/\/www.benevolenti.com\/de\/wp-json\/wp\/v2\/comments?post=16889"}],"wp:featuredmedia":[{"embeddable":true,"href":"https:\/\/www.benevolenti.com\/de\/wp-json\/wp\/v2\/media\/16914"}],"wp:attachment":[{"href":"https:\/\/www.benevolenti.com\/de\/wp-json\/wp\/v2\/media?parent=16889"}],"wp:term":[{"taxonomy":"product_brand","embeddable":true,"href":"https:\/\/www.benevolenti.com\/de\/wp-json\/wp\/v2\/product_brand?post=16889"},{"taxonomy":"product_cat","embeddable":true,"href":"https:\/\/www.benevolenti.com\/de\/wp-json\/wp\/v2\/product_cat?post=16889"},{"taxonomy":"product_tag","embeddable":true,"href":"https:\/\/www.benevolenti.com\/de\/wp-json\/wp\/v2\/product_tag?post=16889"}],"curies":[{"name":"wp","href":"https:\/\/api.w.org\/{rel}","templated":true}]}}