{"id":16845,"date":"2020-10-28T16:50:23","date_gmt":"2020-10-28T15:50:23","guid":{"rendered":"https:\/\/www.benevolenti.com\/?post_type=product&#038;p=16845"},"modified":"2024-05-07T14:21:02","modified_gmt":"2024-05-07T12:21:02","slug":"freundschafts-armband-dream-team","status":"publish","type":"product","link":"https:\/\/www.benevolenti.com\/de\/produkt\/freundschafts-armband-dream-team\/","title":{"rendered":"FREUNDSCHAFTS ARMBAND Dream Team"},"content":{"rendered":"<p>Eines Eurer Lieblings-BENEVOLENTI wird farbig! Die H\u00e4matit Sterne werden ersetzt durch Euren Lieblingsstein und auf Naturseide gezogen.<\/p>\n<p>Zwei Armb\u00e4nder mit je drei Steinen, gerne auch mit Eurem ganz pers\u00f6nlichen Wunsch, sehr gerne auch mit Vornamen.<\/p>\n<p>Zur Auswahl stehen alle Steine der SuperSeven Armb\u00e4nder:<br \/>\n<em>Amazonit, Amethyst, Apatit, Aquamarin, Aventurin, Bronzit, Chalcedon, Citrin, Dumortierit, Fluorit, Granat, H\u00e4matit, Heliotrop, Jade, Jaspis, Karneol, Labradorit, Lapislazuli, Lepidolith, Magnesit, Moosachat, Morganit, Muskovit, Opalith, Ozeanchalcedon, Pyrit, Rauchquarz, Rhodonit, Rosenquarz, Schwarzer Turmalin, Sodalith und Turitella Jaspis.<\/em><\/p>\n<p>Handgemacht in meinem Atelier in Z\u00fcrich!<\/p>\n<p>&nbsp;<\/p>\n","protected":false},"excerpt":{"rendered":"<p>Eines Eurer Lieblings-BENEVOLENTI wird farbig! Die H\u00e4matit Sterne werden ersetzt durch Euren Lieblingsstein und auf Naturseide gezogen. Zwei Armb\u00e4nder mit je drei Steinen, gerne auch mit Eurem ganz pers\u00f6nlichen Wunsch, sehr gerne auch mit Vornamen. Zur Auswahl stehen alle Steine der SuperSeven Armb\u00e4nder: Amazonit, Amethyst, Apatit, Aquamarin, Aventurin, Bronzit, Chalcedon,&#8230; <a class=\"more-link\" href=\"https:\/\/www.benevolenti.com\/de\/produkt\/freundschafts-armband-dream-team\/\">Mehr<\/a><\/p>\n","protected":false},"featured_media":16881,"comment_status":"open","ping_status":"closed","template":"","meta":[],"product_brand":[],"product_cat":[336,642],"product_tag":[600,448,612,609,619,452,689,601,621,637,599,614,602,245,711,596,634,598,636,660,617,658,605,718,701,242,631,669,610,604,616],"class_list":{"0":"post-16845","1":"product","2":"type-product","3":"status-publish","4":"has-post-thumbnail","6":"product_cat-seide","7":"product_cat-mitbringsel","8":"product_tag-amazonit","9":"product_tag-amethyst","10":"product_tag-apatit","11":"product_tag-aquamarin","12":"product_tag-aventurin","13":"product_tag-bronzit","14":"product_tag-chalcedon","15":"product_tag-citrin","16":"product_tag-dumortierit","17":"product_tag-fluorit","18":"product_tag-granat","19":"product_tag-haematit","20":"product_tag-heliotrop","21":"product_tag-jade-de","22":"product_tag-jaspis","23":"product_tag-karneol","24":"product_tag-labradorit","25":"product_tag-lapislazuli","26":"product_tag-lepidolith","27":"product_tag-magnesit","28":"product_tag-moosachat","29":"product_tag-morganit","30":"product_tag-muskovit","31":"product_tag-opalith","32":"product_tag-ozeanchalcedon","33":"product_tag-pyrit","34":"product_tag-rauchquarz","35":"product_tag-rhodonit","36":"product_tag-rosenquarz","37":"product_tag-schwarzer-turmalin","38":"product_tag-sodalith","40":"first","41":"instock","42":"shipping-taxable","43":"purchasable","44":"product-type-variable"},"jetpack_sharing_enabled":true,"_links":{"self":[{"href":"https:\/\/www.benevolenti.com\/de\/wp-json\/wp\/v2\/product\/16845","targetHints":{"allow":["GET"]}}],"collection":[{"href":"https:\/\/www.benevolenti.com\/de\/wp-json\/wp\/v2\/product"}],"about":[{"href":"https:\/\/www.benevolenti.com\/de\/wp-json\/wp\/v2\/types\/product"}],"replies":[{"embeddable":true,"href":"https:\/\/www.benevolenti.com\/de\/wp-json\/wp\/v2\/comments?post=16845"}],"wp:featuredmedia":[{"embeddable":true,"href":"https:\/\/www.benevolenti.com\/de\/wp-json\/wp\/v2\/media\/16881"}],"wp:attachment":[{"href":"https:\/\/www.benevolenti.com\/de\/wp-json\/wp\/v2\/media?parent=16845"}],"wp:term":[{"taxonomy":"product_brand","embeddable":true,"href":"https:\/\/www.benevolenti.com\/de\/wp-json\/wp\/v2\/product_brand?post=16845"},{"taxonomy":"product_cat","embeddable":true,"href":"https:\/\/www.benevolenti.com\/de\/wp-json\/wp\/v2\/product_cat?post=16845"},{"taxonomy":"product_tag","embeddable":true,"href":"https:\/\/www.benevolenti.com\/de\/wp-json\/wp\/v2\/product_tag?post=16845"}],"curies":[{"name":"wp","href":"https:\/\/api.w.org\/{rel}","templated":true}]}}