{"id":16826,"date":"2020-10-28T09:35:29","date_gmt":"2020-10-28T08:35:29","guid":{"rendered":"https:\/\/www.benevolenti.com\/?post_type=product&#038;p=16826"},"modified":"2024-10-24T11:30:08","modified_gmt":"2024-10-24T09:30:08","slug":"wunsch-armband-fatima-hand","status":"publish","type":"product","link":"https:\/\/www.benevolenti.com\/de\/produkt\/wunsch-armband-fatima-hand\/","title":{"rendered":"WUNSCH ARMBAND Fatima Hand"},"content":{"rendered":"<p>Ein Amulett f\u00fcr unser Handgelenk.<\/p>\n<p>Die traditionelle Schutzhand f\u00fcr unseren ganz pers\u00f6nlichen Schutz.<br \/>\nOder f\u00fcr die Freundin, Schwester oder Mutter.<\/p>\n<p>925 Silber vergoldet oder 925 Silber ros\u00e9-vergoldet.<br \/>\n100% Naturseide.<br \/>\nVerstellbarer Verschluss.<\/p>\n","protected":false},"excerpt":{"rendered":"<p>Ein Amulett f\u00fcr unser Handgelenk. Die traditionelle Schutzhand f\u00fcr unseren ganz pers\u00f6nlichen Schutz. Oder f\u00fcr die Freundin, Schwester oder Mutter. 925 Silber vergoldet oder 925 Silber ros\u00e9-vergoldet. 100% Naturseide. Verstellbarer Verschluss.<\/p>\n","protected":false},"featured_media":16831,"comment_status":"open","ping_status":"closed","template":"","meta":[],"product_brand":[],"product_cat":[589,336,592],"product_tag":[],"class_list":{"0":"post-16826","1":"product","2":"type-product","3":"status-publish","4":"has-post-thumbnail","6":"product_cat-schutz","7":"product_cat-seide","8":"product_cat-meditation-yoga","10":"first","11":"instock","12":"shipping-taxable","13":"purchasable","14":"product-type-variable"},"jetpack_sharing_enabled":true,"_links":{"self":[{"href":"https:\/\/www.benevolenti.com\/de\/wp-json\/wp\/v2\/product\/16826","targetHints":{"allow":["GET"]}}],"collection":[{"href":"https:\/\/www.benevolenti.com\/de\/wp-json\/wp\/v2\/product"}],"about":[{"href":"https:\/\/www.benevolenti.com\/de\/wp-json\/wp\/v2\/types\/product"}],"replies":[{"embeddable":true,"href":"https:\/\/www.benevolenti.com\/de\/wp-json\/wp\/v2\/comments?post=16826"}],"wp:featuredmedia":[{"embeddable":true,"href":"https:\/\/www.benevolenti.com\/de\/wp-json\/wp\/v2\/media\/16831"}],"wp:attachment":[{"href":"https:\/\/www.benevolenti.com\/de\/wp-json\/wp\/v2\/media?parent=16826"}],"wp:term":[{"taxonomy":"product_brand","embeddable":true,"href":"https:\/\/www.benevolenti.com\/de\/wp-json\/wp\/v2\/product_brand?post=16826"},{"taxonomy":"product_cat","embeddable":true,"href":"https:\/\/www.benevolenti.com\/de\/wp-json\/wp\/v2\/product_cat?post=16826"},{"taxonomy":"product_tag","embeddable":true,"href":"https:\/\/www.benevolenti.com\/de\/wp-json\/wp\/v2\/product_tag?post=16826"}],"curies":[{"name":"wp","href":"https:\/\/api.w.org\/{rel}","templated":true}]}}