{"id":16759,"date":"2020-10-26T09:03:48","date_gmt":"2020-10-26T08:03:48","guid":{"rendered":"https:\/\/www.benevolenti.com\/?post_type=product&#038;p=16759"},"modified":"2022-03-23T06:14:39","modified_gmt":"2022-03-23T05:14:39","slug":"anhaenger-citrin","status":"publish","type":"product","link":"https:\/\/www.benevolenti.com\/de\/produkt\/anhaenger-citrin\/","title":{"rendered":"ANH\u00c4NGER Citrin"},"content":{"rendered":"<p>Naturbelassene Citrine in freier Form. Jeder Stein ist anders, so wird jede Kette zum Unikat.<\/p>\n<p><em>Citrin st\u00e4rkt Selbstsicherheit, Nerven und Lebensmut. Er macht extrovertiert, aktiv und dynamisch.<\/em><\/p>\n<p>Das K\u00e4rtchen mit dem Wunsch \u201eLet your light SHINE!\u201c, die passenden Stein-Beschreibungen und ein Baumwoll-Sachet begleiten dieses BENEVOLENTI.<\/p>\n<p>Die beiden Citrine k\u00f6nnen an eine beliebige Kette geh\u00e4ngt werden, an Schl\u00fcsselanh\u00e4nger oder Armband.<\/p>\n","protected":false},"excerpt":{"rendered":"<p>Naturbelassene Citrine in freier Form. Jeder Stein ist anders, so wird jede Kette zum Unikat. Citrin st\u00e4rkt Selbstsicherheit, Nerven und Lebensmut. Er macht extrovertiert, aktiv und dynamisch. Das K\u00e4rtchen mit dem Wunsch \u201eLet your light SHINE!\u201c, die passenden Stein-Beschreibungen und ein Baumwoll-Sachet begleiten dieses BENEVOLENTI. Die beiden Citrine k\u00f6nnen an&#8230; <a class=\"more-link\" href=\"https:\/\/www.benevolenti.com\/de\/produkt\/anhaenger-citrin\/\">Mehr<\/a><\/p>\n","protected":false},"featured_media":16773,"comment_status":"open","ping_status":"closed","template":"","meta":[],"product_brand":[],"product_cat":[334,707],"product_tag":[601],"class_list":{"0":"post-16759","1":"product","2":"type-product","3":"status-publish","4":"has-post-thumbnail","6":"product_cat-anhanger","7":"product_cat-freude-zufriedenheit","8":"product_tag-citrin","10":"first","11":"instock","12":"shipping-taxable","13":"purchasable","14":"product-type-variable"},"jetpack_sharing_enabled":true,"_links":{"self":[{"href":"https:\/\/www.benevolenti.com\/de\/wp-json\/wp\/v2\/product\/16759","targetHints":{"allow":["GET"]}}],"collection":[{"href":"https:\/\/www.benevolenti.com\/de\/wp-json\/wp\/v2\/product"}],"about":[{"href":"https:\/\/www.benevolenti.com\/de\/wp-json\/wp\/v2\/types\/product"}],"replies":[{"embeddable":true,"href":"https:\/\/www.benevolenti.com\/de\/wp-json\/wp\/v2\/comments?post=16759"}],"wp:featuredmedia":[{"embeddable":true,"href":"https:\/\/www.benevolenti.com\/de\/wp-json\/wp\/v2\/media\/16773"}],"wp:attachment":[{"href":"https:\/\/www.benevolenti.com\/de\/wp-json\/wp\/v2\/media?parent=16759"}],"wp:term":[{"taxonomy":"product_brand","embeddable":true,"href":"https:\/\/www.benevolenti.com\/de\/wp-json\/wp\/v2\/product_brand?post=16759"},{"taxonomy":"product_cat","embeddable":true,"href":"https:\/\/www.benevolenti.com\/de\/wp-json\/wp\/v2\/product_cat?post=16759"},{"taxonomy":"product_tag","embeddable":true,"href":"https:\/\/www.benevolenti.com\/de\/wp-json\/wp\/v2\/product_tag?post=16759"}],"curies":[{"name":"wp","href":"https:\/\/api.w.org\/{rel}","templated":true}]}}