{"id":16727,"date":"2021-10-04T07:43:34","date_gmt":"2021-10-04T05:43:34","guid":{"rendered":"https:\/\/www.benevolenti.com\/?post_type=product&#038;p=16727"},"modified":"2023-08-30T20:44:20","modified_gmt":"2023-08-30T18:44:20","slug":"tropfenkette-citrin","status":"publish","type":"product","link":"https:\/\/www.benevolenti.com\/de\/produkt\/tropfenkette-citrin\/","title":{"rendered":"TROPFENKETTE Citrin"},"content":{"rendered":"<p>Ein wahrlich strahlender Fund. Champagner Citrin, AAA Qualit\u00e4t, nur 5 St\u00fcck erh\u00e4ltlich.<\/p>\n<p>Halskette 40cm, (vergoldetes) 925 Silber.<\/p>\n","protected":false},"excerpt":{"rendered":"<p>Ein wahrlich strahlender Fund. Champagner Citrin, AAA Qualit\u00e4t, nur 5 St\u00fcck erh\u00e4ltlich. Halskette 40cm, (vergoldetes) 925 Silber.<\/p>\n","protected":false},"featured_media":17924,"comment_status":"open","ping_status":"closed","template":"","meta":[],"product_brand":[],"product_cat":[707,727],"product_tag":[601],"class_list":{"0":"post-16727","1":"product","2":"type-product","3":"status-publish","4":"has-post-thumbnail","6":"product_cat-freude-zufriedenheit","7":"product_cat-tropfenketten","8":"product_tag-citrin","10":"first","11":"instock","12":"shipping-taxable","13":"purchasable","14":"product-type-variable"},"jetpack_sharing_enabled":true,"_links":{"self":[{"href":"https:\/\/www.benevolenti.com\/de\/wp-json\/wp\/v2\/product\/16727","targetHints":{"allow":["GET"]}}],"collection":[{"href":"https:\/\/www.benevolenti.com\/de\/wp-json\/wp\/v2\/product"}],"about":[{"href":"https:\/\/www.benevolenti.com\/de\/wp-json\/wp\/v2\/types\/product"}],"replies":[{"embeddable":true,"href":"https:\/\/www.benevolenti.com\/de\/wp-json\/wp\/v2\/comments?post=16727"}],"wp:featuredmedia":[{"embeddable":true,"href":"https:\/\/www.benevolenti.com\/de\/wp-json\/wp\/v2\/media\/17924"}],"wp:attachment":[{"href":"https:\/\/www.benevolenti.com\/de\/wp-json\/wp\/v2\/media?parent=16727"}],"wp:term":[{"taxonomy":"product_brand","embeddable":true,"href":"https:\/\/www.benevolenti.com\/de\/wp-json\/wp\/v2\/product_brand?post=16727"},{"taxonomy":"product_cat","embeddable":true,"href":"https:\/\/www.benevolenti.com\/de\/wp-json\/wp\/v2\/product_cat?post=16727"},{"taxonomy":"product_tag","embeddable":true,"href":"https:\/\/www.benevolenti.com\/de\/wp-json\/wp\/v2\/product_tag?post=16727"}],"curies":[{"name":"wp","href":"https:\/\/api.w.org\/{rel}","templated":true}]}}