{"id":16674,"date":"2024-11-26T09:00:31","date_gmt":"2024-11-26T08:00:31","guid":{"rendered":"https:\/\/www.benevolenti.com\/?post_type=product&#038;p=16674"},"modified":"2025-11-02T08:07:23","modified_gmt":"2025-11-02T07:07:23","slug":"kreolen-perle","status":"publish","type":"product","link":"https:\/\/www.benevolenti.com\/de\/produkt\/kreolen-perle\/","title":{"rendered":"KREOLEN Perle"},"content":{"rendered":"<p>Zwei wundersch\u00f6ne Perlen in Tropfenform erg\u00e4nzen die klassischen BENEVOLENTI Kreolen.<\/p>\n<p>Kreolen in 925 Silber und vergoldetem 925 Silber, in Italien f\u00fcr BENEVOLENTI produziert. Sie haben eine tolle Qualit\u00e4t und sind gleichzeitig sehr leicht. Dazu lassen sie sich sehr einfach an- und ausziehen und eignen sich daher f\u00fcr fr\u00f6hliches, t\u00e4gliches Mix&#8217;n&#8217;Match.<\/p>\n<p>Durchmesser 1.5cm, 2.5cm, 4cm<br \/>\n925 Silber, 925 Silber vergoldet und 925 Silber ros\u00e9-vergoldet<br \/>\nBaumwollbeutel und Steinbeschreibung.<\/p>\n","protected":false},"excerpt":{"rendered":"<p>Zwei wundersch\u00f6ne Perlen in Tropfenform erg\u00e4nzen die klassischen BENEVOLENTI Kreolen. Kreolen in 925 Silber und vergoldetem 925 Silber, in Italien f\u00fcr BENEVOLENTI produziert. Sie haben eine tolle Qualit\u00e4t und sind gleichzeitig sehr leicht. Dazu lassen sie sich sehr einfach an- und ausziehen und eignen sich daher f\u00fcr fr\u00f6hliches, t\u00e4gliches Mix&#8217;n&#8217;Match&#8230;. <a class=\"more-link\" href=\"https:\/\/www.benevolenti.com\/de\/produkt\/kreolen-perle\/\">Mehr<\/a><\/p>\n","protected":false},"featured_media":22122,"comment_status":"open","ping_status":"closed","template":"","meta":[],"product_brand":[],"product_cat":[590,720,220,679],"product_tag":[630],"class_list":{"0":"post-16674","1":"product","2":"type-product","3":"status-publish","4":"has-post-thumbnail","6":"product_cat-hoffnungzuversicht","7":"product_cat-kreolen","8":"product_cat-ohrschmuck","9":"product_cat-hochzeit","10":"product_tag-perle","12":"first","13":"instock","14":"shipping-taxable","15":"purchasable","16":"product-type-variable","17":"has-default-attributes"},"jetpack_sharing_enabled":true,"_links":{"self":[{"href":"https:\/\/www.benevolenti.com\/de\/wp-json\/wp\/v2\/product\/16674","targetHints":{"allow":["GET"]}}],"collection":[{"href":"https:\/\/www.benevolenti.com\/de\/wp-json\/wp\/v2\/product"}],"about":[{"href":"https:\/\/www.benevolenti.com\/de\/wp-json\/wp\/v2\/types\/product"}],"replies":[{"embeddable":true,"href":"https:\/\/www.benevolenti.com\/de\/wp-json\/wp\/v2\/comments?post=16674"}],"wp:featuredmedia":[{"embeddable":true,"href":"https:\/\/www.benevolenti.com\/de\/wp-json\/wp\/v2\/media\/22122"}],"wp:attachment":[{"href":"https:\/\/www.benevolenti.com\/de\/wp-json\/wp\/v2\/media?parent=16674"}],"wp:term":[{"taxonomy":"product_brand","embeddable":true,"href":"https:\/\/www.benevolenti.com\/de\/wp-json\/wp\/v2\/product_brand?post=16674"},{"taxonomy":"product_cat","embeddable":true,"href":"https:\/\/www.benevolenti.com\/de\/wp-json\/wp\/v2\/product_cat?post=16674"},{"taxonomy":"product_tag","embeddable":true,"href":"https:\/\/www.benevolenti.com\/de\/wp-json\/wp\/v2\/product_tag?post=16674"}],"curies":[{"name":"wp","href":"https:\/\/api.w.org\/{rel}","templated":true}]}}