{"id":16542,"date":"2024-09-13T21:10:46","date_gmt":"2024-09-13T19:10:46","guid":{"rendered":"https:\/\/www.benevolenti.com\/?post_type=product&#038;p=16542"},"modified":"2025-11-02T08:03:33","modified_gmt":"2025-11-02T07:03:33","slug":"wunsch-armband-selbstverwirklichung","status":"publish","type":"product","link":"https:\/\/www.benevolenti.com\/de\/produkt\/wunsch-armband-selbstverwirklichung\/","title":{"rendered":"WUNSCH ARMBAND Selbstverwirklichung"},"content":{"rendered":"<p>Die Lotusblume w\u00e4chst im schlammigen Wasser und trotzdem erbl\u00fcht sie absolut rein. Das macht sie zu einem starken Symbol f\u00fcr die urspr\u00fcngliche Reinheit von K\u00f6rper und Geist und steht f\u00fcr das volle Erbl\u00fchen.<br \/>\nDer Goldtopas ist ein sehr wertvoller Edelstein, f\u00f6rdert die Selbstverwirklichung und nimmt Dich mit auf eine \u00fcberraschende Reise!<\/p>\n<p>(Vergoldetes) 925 Silber.<br \/>\nNaturbelassener Goldtopas &#8211; Achtung nicht facettierter Button, sondern Freeform.<br \/>\nAuf 100% Naturseide.<\/p>\n<p>Sehr gerne auch mit pers\u00f6nlichem Wunsch und Vornamen, ich schreibe die Karte von Hand.<\/p>\n","protected":false},"excerpt":{"rendered":"<p>Die Lotusblume w\u00e4chst im schlammigen Wasser und trotzdem erbl\u00fcht sie absolut rein. Das macht sie zu einem starken Symbol f\u00fcr die urspr\u00fcngliche Reinheit von K\u00f6rper und Geist und steht f\u00fcr das volle Erbl\u00fchen. Der Goldtopas ist ein sehr wertvoller Edelstein, f\u00f6rdert die Selbstverwirklichung und nimmt Dich mit auf eine \u00fcberraschende&#8230; <a class=\"more-link\" href=\"https:\/\/www.benevolenti.com\/de\/produkt\/wunsch-armband-selbstverwirklichung\/\">Mehr<\/a><\/p>\n","protected":false},"featured_media":21530,"comment_status":"closed","ping_status":"closed","template":"","meta":[],"product_brand":[],"product_cat":[643,336,592,642,650],"product_tag":[230],"class_list":{"0":"post-16542","1":"product","2":"type-product","3":"status-publish","4":"has-post-thumbnail","6":"product_cat-geschenke-fuer-sie","7":"product_cat-seide","8":"product_cat-meditation-yoga","9":"product_cat-mitbringsel","10":"product_cat-geburt-taufe-konf","11":"product_tag-topas","13":"first","14":"instock","15":"shipping-taxable","16":"purchasable","17":"product-type-variable","18":"has-default-attributes"},"jetpack_sharing_enabled":true,"_links":{"self":[{"href":"https:\/\/www.benevolenti.com\/de\/wp-json\/wp\/v2\/product\/16542","targetHints":{"allow":["GET"]}}],"collection":[{"href":"https:\/\/www.benevolenti.com\/de\/wp-json\/wp\/v2\/product"}],"about":[{"href":"https:\/\/www.benevolenti.com\/de\/wp-json\/wp\/v2\/types\/product"}],"replies":[{"embeddable":true,"href":"https:\/\/www.benevolenti.com\/de\/wp-json\/wp\/v2\/comments?post=16542"}],"wp:featuredmedia":[{"embeddable":true,"href":"https:\/\/www.benevolenti.com\/de\/wp-json\/wp\/v2\/media\/21530"}],"wp:attachment":[{"href":"https:\/\/www.benevolenti.com\/de\/wp-json\/wp\/v2\/media?parent=16542"}],"wp:term":[{"taxonomy":"product_brand","embeddable":true,"href":"https:\/\/www.benevolenti.com\/de\/wp-json\/wp\/v2\/product_brand?post=16542"},{"taxonomy":"product_cat","embeddable":true,"href":"https:\/\/www.benevolenti.com\/de\/wp-json\/wp\/v2\/product_cat?post=16542"},{"taxonomy":"product_tag","embeddable":true,"href":"https:\/\/www.benevolenti.com\/de\/wp-json\/wp\/v2\/product_tag?post=16542"}],"curies":[{"name":"wp","href":"https:\/\/api.w.org\/{rel}","templated":true}]}}