{"id":16522,"date":"2020-09-03T22:31:01","date_gmt":"2020-09-03T20:31:01","guid":{"rendered":"https:\/\/www.benevolenti.com\/?post_type=product&#038;p=16522"},"modified":"2023-03-23T02:47:15","modified_gmt":"2023-03-23T01:47:15","slug":"wunscharmband-mond","status":"publish","type":"product","link":"https:\/\/www.benevolenti.com\/de\/produkt\/wunscharmband-mond\/","title":{"rendered":"WUNSCH ARMBAND Mond"},"content":{"rendered":"<p>Zu Ehren von unserem Mondzyklus.<br \/>\nMit verschiebbarem Verschluss und somit immer zum Zyklus tragbar.<br \/>\nAls Erinnerung, uns immer dann besonders zu sch\u00e4tzen und verw\u00f6hnen.<\/p>\n<p>100% reine Naturseide.<br \/>\nMond aus 925 Sterling Silber.<br \/>\nNaturbelassener Mondstein, weiss, ros\u00e9 oder grau.<\/p>\n<p>Gerne auch mit anderem, pers\u00f6nlichem Wunsch.<br \/>\nEinfach beim Checkout angeben.<\/p>\n<p>&nbsp;<\/p>\n","protected":false},"excerpt":{"rendered":"<p>Zu Ehren von unserem Mondzyklus. Mit verschiebbarem Verschluss und somit immer zum Zyklus tragbar. Als Erinnerung, uns immer dann besonders zu sch\u00e4tzen und verw\u00f6hnen. 100% reine Naturseide. Mond aus 925 Sterling Silber. Naturbelassener Mondstein, weiss, ros\u00e9 oder grau. Gerne auch mit anderem, pers\u00f6nlichem Wunsch. Einfach beim Checkout angeben. &nbsp;<\/p>\n","protected":false},"featured_media":17336,"comment_status":"open","ping_status":"closed","template":"","meta":[],"product_brand":[],"product_cat":[648,591,336],"product_tag":[217],"class_list":{"0":"post-16522","1":"product","2":"type-product","3":"status-publish","4":"has-post-thumbnail","6":"product_cat-schwangerschaft","7":"product_cat-gesundheit-vitalitaet","8":"product_cat-seide","9":"product_tag-mondstein","11":"first","12":"instock","13":"shipping-taxable","14":"purchasable","15":"product-type-variable"},"jetpack_sharing_enabled":true,"_links":{"self":[{"href":"https:\/\/www.benevolenti.com\/de\/wp-json\/wp\/v2\/product\/16522","targetHints":{"allow":["GET"]}}],"collection":[{"href":"https:\/\/www.benevolenti.com\/de\/wp-json\/wp\/v2\/product"}],"about":[{"href":"https:\/\/www.benevolenti.com\/de\/wp-json\/wp\/v2\/types\/product"}],"replies":[{"embeddable":true,"href":"https:\/\/www.benevolenti.com\/de\/wp-json\/wp\/v2\/comments?post=16522"}],"wp:featuredmedia":[{"embeddable":true,"href":"https:\/\/www.benevolenti.com\/de\/wp-json\/wp\/v2\/media\/17336"}],"wp:attachment":[{"href":"https:\/\/www.benevolenti.com\/de\/wp-json\/wp\/v2\/media?parent=16522"}],"wp:term":[{"taxonomy":"product_brand","embeddable":true,"href":"https:\/\/www.benevolenti.com\/de\/wp-json\/wp\/v2\/product_brand?post=16522"},{"taxonomy":"product_cat","embeddable":true,"href":"https:\/\/www.benevolenti.com\/de\/wp-json\/wp\/v2\/product_cat?post=16522"},{"taxonomy":"product_tag","embeddable":true,"href":"https:\/\/www.benevolenti.com\/de\/wp-json\/wp\/v2\/product_tag?post=16522"}],"curies":[{"name":"wp","href":"https:\/\/api.w.org\/{rel}","templated":true}]}}