{"id":16362,"date":"2020-05-19T18:00:58","date_gmt":"2020-05-19T16:00:58","guid":{"rendered":"https:\/\/www.benevolenti.com\/?post_type=product&#038;p=16362"},"modified":"2022-04-04T09:18:03","modified_gmt":"2022-04-04T07:18:03","slug":"tropfenkette-chrysopras","status":"publish","type":"product","link":"https:\/\/www.benevolenti.com\/de\/produkt\/tropfenkette-chrysopras\/","title":{"rendered":"TROPFENKETTE Chrysopras"},"content":{"rendered":"<p>Ein wahrlich freudiger Hingucker, dieses satte Gr\u00fcn. Auf einer internationalen Mineralienb\u00f6rse in Frankreich f\u00fcr Euch gefunden.<\/p>\n<p><em>Chrysopras schenkt Vertrauen und Geborgenheit in sich selbst und f\u00f6rdert Unabh\u00e4ngigkeit von \u00e4usserer Zuwendung.<\/em><\/p>\n<p>Halskette 40cm, (vergoldetes) 925 Silber.<\/p>\n","protected":false},"excerpt":{"rendered":"<p>Ein wahrlich freudiger Hingucker, dieses satte Gr\u00fcn. Auf einer internationalen Mineralienb\u00f6rse in Frankreich f\u00fcr Euch gefunden. Chrysopras schenkt Vertrauen und Geborgenheit in sich selbst und f\u00f6rdert Unabh\u00e4ngigkeit von \u00e4usserer Zuwendung. Halskette 40cm, (vergoldetes) 925 Silber.<\/p>\n","protected":false},"featured_media":16368,"comment_status":"open","ping_status":"closed","template":"","meta":[],"product_brand":[],"product_cat":[595,643,727],"product_tag":[657],"class_list":{"0":"post-16362","1":"product","2":"type-product","3":"status-publish","4":"has-post-thumbnail","6":"product_cat-kraft-energie","7":"product_cat-geschenke-fuer-sie","8":"product_cat-tropfenketten","9":"product_tag-chrysopras","11":"first","12":"instock","13":"shipping-taxable","14":"purchasable","15":"product-type-variable"},"jetpack_sharing_enabled":true,"_links":{"self":[{"href":"https:\/\/www.benevolenti.com\/de\/wp-json\/wp\/v2\/product\/16362","targetHints":{"allow":["GET"]}}],"collection":[{"href":"https:\/\/www.benevolenti.com\/de\/wp-json\/wp\/v2\/product"}],"about":[{"href":"https:\/\/www.benevolenti.com\/de\/wp-json\/wp\/v2\/types\/product"}],"replies":[{"embeddable":true,"href":"https:\/\/www.benevolenti.com\/de\/wp-json\/wp\/v2\/comments?post=16362"}],"wp:featuredmedia":[{"embeddable":true,"href":"https:\/\/www.benevolenti.com\/de\/wp-json\/wp\/v2\/media\/16368"}],"wp:attachment":[{"href":"https:\/\/www.benevolenti.com\/de\/wp-json\/wp\/v2\/media?parent=16362"}],"wp:term":[{"taxonomy":"product_brand","embeddable":true,"href":"https:\/\/www.benevolenti.com\/de\/wp-json\/wp\/v2\/product_brand?post=16362"},{"taxonomy":"product_cat","embeddable":true,"href":"https:\/\/www.benevolenti.com\/de\/wp-json\/wp\/v2\/product_cat?post=16362"},{"taxonomy":"product_tag","embeddable":true,"href":"https:\/\/www.benevolenti.com\/de\/wp-json\/wp\/v2\/product_tag?post=16362"}],"curies":[{"name":"wp","href":"https:\/\/api.w.org\/{rel}","templated":true}]}}