{"id":16236,"date":"2020-04-20T21:25:42","date_gmt":"2020-04-20T19:25:42","guid":{"rendered":"https:\/\/www.benevolenti.com\/?post_type=product&#038;p=16236"},"modified":"2024-10-15T18:47:17","modified_gmt":"2024-10-15T16:47:17","slug":"5050-halsketten","status":"publish","type":"product","link":"https:\/\/www.benevolenti.com\/de\/produkt\/5050-halsketten\/","title":{"rendered":"5050 Halsketten"},"content":{"rendered":"<p style=\"text-align: left;\">Klug f\u00fcr jeden Tag,\u00a0minimalistisch f\u00fcr den grossen Auftritt.<\/p>\n<p style=\"text-align: left;\">Euer Lieblings 5050 Bracelet w\u00e4chst zur Halskette: 40cm facettierte Edelsteine in toller Qualit\u00e4t und 40cm Silberkette in 925 Sterlingsilber, auf Wunsch vergoldet oder ros\u00e9.<\/p>\n<p style=\"text-align: left;\">Von mir handgemacht in Z\u00fcrich, mit Steinen vom Schweizer H\u00e4ndler und Silber vom italienischen Produzenten.<\/p>\n<p>Folgende Steine stehen zur Auswahl:<\/p>\n<p>Peridot * hellgr\u00fcn * Stay positive!<br \/>\nTurmalin * olivgr\u00fcn * Stay happy &amp; healthy!<br \/>\nPyrit * golden * You were born to be real not perfect!<br \/>\nSpinell * schwarz * Just do it!<br \/>\nLapislazuli * k\u00f6nigsblau * You are a star!<br \/>\nT\u00fcrkis * t\u00fcrkis * Sei besch\u00fctzt!<br \/>\nApatit * t\u00fcrkis durchsichtig * Follow your passion!<br \/>\nAmazonit * Meer-t\u00fcrkis * Guide your own ship!<br \/>\nAmethyst * violett * Peace. Inside and out.<br \/>\nPinkopal * rosa * Stay amazing!<br \/>\nSonnenstein * orange * Viel Gl\u00fcck!<br \/>\nMondstein * beige-grau-rosa * Shoot for the moon!<br \/>\nTurmalin * farbig *\u00a0Stay happy &amp; healthy!<\/p>\n<p>In BENEVOLENTI Geschenkverpackung, mit Wunsch und Steinbeschreibung.<br \/>\nGerne auch mit pers\u00f6nlichem Gl\u00fcckwunsch, den ich aufs K\u00e4rtchen drucke.<\/p>\n<p>L\u00e4nge Halskette 80cm<br \/>\nGr\u00f6sse 3-4mm<\/p>\n","protected":false},"excerpt":{"rendered":"<p>Klug f\u00fcr jeden Tag,\u00a0minimalistisch f\u00fcr den grossen Auftritt. Euer Lieblings 5050 Bracelet w\u00e4chst zur Halskette: 40cm facettierte Edelsteine in toller Qualit\u00e4t und 40cm Silberkette in 925 Sterlingsilber, auf Wunsch vergoldet oder ros\u00e9. Von mir handgemacht in Z\u00fcrich, mit Steinen vom Schweizer H\u00e4ndler und Silber vom italienischen Produzenten. Folgende Steine stehen&#8230; <a class=\"more-link\" href=\"https:\/\/www.benevolenti.com\/de\/produkt\/5050-halsketten\/\">Mehr<\/a><\/p>\n","protected":false},"featured_media":17111,"comment_status":"open","ping_status":"closed","template":"","meta":[],"product_brand":[],"product_cat":[729],"product_tag":[600,448,612,598,217,626,670,242,625,671,453],"class_list":{"0":"post-16236","1":"product","2":"type-product","3":"status-publish","4":"has-post-thumbnail","6":"product_cat-steinketten","7":"product_tag-amazonit","8":"product_tag-amethyst","9":"product_tag-apatit","10":"product_tag-lapislazuli","11":"product_tag-mondstein","12":"product_tag-peridot","13":"product_tag-pinkopal","14":"product_tag-pyrit","15":"product_tag-spinell","16":"product_tag-tuerkis","17":"product_tag-turmalin","19":"first","20":"instock","21":"shipping-taxable","22":"purchasable","23":"product-type-variable"},"jetpack_sharing_enabled":true,"_links":{"self":[{"href":"https:\/\/www.benevolenti.com\/de\/wp-json\/wp\/v2\/product\/16236","targetHints":{"allow":["GET"]}}],"collection":[{"href":"https:\/\/www.benevolenti.com\/de\/wp-json\/wp\/v2\/product"}],"about":[{"href":"https:\/\/www.benevolenti.com\/de\/wp-json\/wp\/v2\/types\/product"}],"replies":[{"embeddable":true,"href":"https:\/\/www.benevolenti.com\/de\/wp-json\/wp\/v2\/comments?post=16236"}],"wp:featuredmedia":[{"embeddable":true,"href":"https:\/\/www.benevolenti.com\/de\/wp-json\/wp\/v2\/media\/17111"}],"wp:attachment":[{"href":"https:\/\/www.benevolenti.com\/de\/wp-json\/wp\/v2\/media?parent=16236"}],"wp:term":[{"taxonomy":"product_brand","embeddable":true,"href":"https:\/\/www.benevolenti.com\/de\/wp-json\/wp\/v2\/product_brand?post=16236"},{"taxonomy":"product_cat","embeddable":true,"href":"https:\/\/www.benevolenti.com\/de\/wp-json\/wp\/v2\/product_cat?post=16236"},{"taxonomy":"product_tag","embeddable":true,"href":"https:\/\/www.benevolenti.com\/de\/wp-json\/wp\/v2\/product_tag?post=16236"}],"curies":[{"name":"wp","href":"https:\/\/api.w.org\/{rel}","templated":true}]}}