{"id":16087,"date":"2019-12-03T14:53:32","date_gmt":"2019-12-03T13:53:32","guid":{"rendered":"https:\/\/www.benevolenti.com\/?post_type=product&#038;p=16087"},"modified":"2023-08-03T10:01:09","modified_gmt":"2023-08-03T08:01:09","slug":"halskette-glueck","status":"publish","type":"product","link":"https:\/\/www.benevolenti.com\/de\/produkt\/halskette-glueck\/","title":{"rendered":"HALSKETTE Perlmutt"},"content":{"rendered":"<p style=\"text-align: left;\">Ein Kleeblatt aus Perlmutt f\u00fcr Gl\u00fcck.<\/p>\n<p>Perlmutt<b>\u00a0<\/b>hat eine kr\u00e4ftigende und stabilisierende Wirkung auf die Gef\u00fchle, hebt das Selbstwertgef\u00fchl, gibt Selbstvertrauen, Leichtigkeit und Lachen.<\/p>\n<p>925 Silber, 925 Silber vergoldet oder 925 Silber ros\u00e9-vergoldet.<br \/>\nDie L\u00e4nge der Kette ist 40 cm.<br \/>\nGerne auch personalisiert \u2013 einfach beim Checkout Vornamen bzw. Wunsch angeben.<\/p>\n<p>&nbsp;<\/p>\n","protected":false},"excerpt":{"rendered":"<p>Ein Kleeblatt aus Perlmutt f\u00fcr Gl\u00fcck. Perlmutt\u00a0hat eine kr\u00e4ftigende und stabilisierende Wirkung auf die Gef\u00fchle, hebt das Selbstwertgef\u00fchl, gibt Selbstvertrauen, Leichtigkeit und Lachen. 925 Silber, 925 Silber vergoldet oder 925 Silber ros\u00e9-vergoldet. Die L\u00e4nge der Kette ist 40 cm. Gerne auch personalisiert \u2013 einfach beim Checkout Vornamen bzw. Wunsch angeben&#8230;. <a class=\"more-link\" href=\"https:\/\/www.benevolenti.com\/de\/produkt\/halskette-glueck\/\">Mehr<\/a><\/p>\n","protected":false},"featured_media":16093,"comment_status":"open","ping_status":"closed","template":"","meta":[],"product_brand":[],"product_cat":[332,588],"product_tag":[],"class_list":{"0":"post-16087","1":"product","2":"type-product","3":"status-publish","4":"has-post-thumbnail","6":"product_cat-ketten","7":"product_cat-liebe-glueck","9":"first","10":"instock","11":"shipping-taxable","12":"purchasable","13":"product-type-variable"},"jetpack_sharing_enabled":true,"_links":{"self":[{"href":"https:\/\/www.benevolenti.com\/de\/wp-json\/wp\/v2\/product\/16087","targetHints":{"allow":["GET"]}}],"collection":[{"href":"https:\/\/www.benevolenti.com\/de\/wp-json\/wp\/v2\/product"}],"about":[{"href":"https:\/\/www.benevolenti.com\/de\/wp-json\/wp\/v2\/types\/product"}],"replies":[{"embeddable":true,"href":"https:\/\/www.benevolenti.com\/de\/wp-json\/wp\/v2\/comments?post=16087"}],"wp:featuredmedia":[{"embeddable":true,"href":"https:\/\/www.benevolenti.com\/de\/wp-json\/wp\/v2\/media\/16093"}],"wp:attachment":[{"href":"https:\/\/www.benevolenti.com\/de\/wp-json\/wp\/v2\/media?parent=16087"}],"wp:term":[{"taxonomy":"product_brand","embeddable":true,"href":"https:\/\/www.benevolenti.com\/de\/wp-json\/wp\/v2\/product_brand?post=16087"},{"taxonomy":"product_cat","embeddable":true,"href":"https:\/\/www.benevolenti.com\/de\/wp-json\/wp\/v2\/product_cat?post=16087"},{"taxonomy":"product_tag","embeddable":true,"href":"https:\/\/www.benevolenti.com\/de\/wp-json\/wp\/v2\/product_tag?post=16087"}],"curies":[{"name":"wp","href":"https:\/\/api.w.org\/{rel}","templated":true}]}}