{"id":16074,"date":"2019-11-29T15:11:50","date_gmt":"2019-11-29T14:11:50","guid":{"rendered":"https:\/\/www.benevolenti.com\/?post_type=product&#038;p=16074"},"modified":"2020-10-25T07:05:31","modified_gmt":"2020-10-25T06:05:31","slug":"wunscharmband-om","status":"publish","type":"product","link":"https:\/\/www.benevolenti.com\/de\/produkt\/wunscharmband-om\/","title":{"rendered":"WUNSCH ARMBAND Om"},"content":{"rendered":"<p class=\"p1\"><span class=\"s2\">Ein Wunscharmband mit einer kleinen Jade und dem Om Zeichen auf Naturseide zum Zukn\u00f6pfen.<\/span><\/p>\n<p class=\"p1\"><span class=\"s2\">Wenn du Om wiederholst, wird dein gesamter K\u00f6rper in Schwingung gebracht, aktivierst du deine <span class=\"s1\">Chakren<\/span>, deine <span class=\"s1\">Energiezentren<\/span>. Wenn du Om wiederholst, \u00f6ffnet sich der <span class=\"s1\">Geist<\/span>. Das Om ist ein wundersch\u00f6nes Mantra.<\/span><\/p>\n<p class=\"p1\"><span class=\"s1\">Om<\/span><span class=\"s2\"> hat drei verschiedene Teile. Es besteht aus A-U-M und eigentlich z\u00e4hlt als vierter Teil die <span class=\"s1\">Stille<\/span> danach.\u00a0<\/span><span class=\"s2\">Der erste linke Teil sieht wie eine drei aus, der steht f\u00fcr A. Rechts, was wie eine Art Schwanz ist, ist das U, der liegende <span class=\"s1\">Halbmond<\/span> ist f\u00fcr das M und letztlich der Punkt dar\u00fcber ist die <span class=\"s1\">Stille<\/span> danach.<\/span><\/p>\n<p class=\"p1\"><span class=\"s2\">Und so symbolisiert Om die Einheit von allen Dreiheiten, z.B.<\/span><span class=\"s2\">\u00a0<span class=\"s1\">Vergangenheit<\/span>, <span class=\"s1\">Gegenwart<\/span> und <span class=\"s1\">Zukunft<\/span>. A ist wie die Vergangenheit, U wie die Gegenwart, M ist die Zukunft, die Stille ist die Ewigkeit.<\/span><\/p>\n<p class=\"p1\"><span class=\"s2\">Das Mantra Om beinhaltet alles in sich und wenn du Om wiederholst, sp\u00fcrst du die Verbindung zwischen <span class=\"s1\">K\u00f6rper<\/span>, <span class=\"s1\">Geist<\/span> und <span class=\"s1\">Seele<\/span> und die Einheit jenseits von allem.\u00a0<\/span><\/p>\n<p>100% nat\u00fcrliche Seide.<br \/>\n925 Silber, 025 Silber vergoldet.<br \/>\nHandgeschriebene und -gestempelte Karte, gerne personalisiert.<\/p>\n","protected":false},"excerpt":{"rendered":"<p>Ein Wunscharmband mit einer kleinen Jade und dem Om Zeichen auf Naturseide zum Zukn\u00f6pfen. Wenn du Om wiederholst, wird dein gesamter K\u00f6rper in Schwingung gebracht, aktivierst du deine Chakren, deine Energiezentren. Wenn du Om wiederholst, \u00f6ffnet sich der Geist. Das Om ist ein wundersch\u00f6nes Mantra. Om hat drei verschiedene Teile&#8230;. <a class=\"more-link\" href=\"https:\/\/www.benevolenti.com\/de\/produkt\/wunscharmband-om\/\">Mehr<\/a><\/p>\n","protected":false},"featured_media":16085,"comment_status":"open","ping_status":"closed","template":"","meta":[],"product_brand":[],"product_cat":[336,592],"product_tag":[245],"class_list":{"0":"post-16074","1":"product","2":"type-product","3":"status-publish","4":"has-post-thumbnail","6":"product_cat-seide","7":"product_cat-meditation-yoga","8":"product_tag-jade-de","10":"first","11":"instock","12":"shipping-taxable","13":"purchasable","14":"product-type-variable"},"jetpack_sharing_enabled":true,"_links":{"self":[{"href":"https:\/\/www.benevolenti.com\/de\/wp-json\/wp\/v2\/product\/16074","targetHints":{"allow":["GET"]}}],"collection":[{"href":"https:\/\/www.benevolenti.com\/de\/wp-json\/wp\/v2\/product"}],"about":[{"href":"https:\/\/www.benevolenti.com\/de\/wp-json\/wp\/v2\/types\/product"}],"replies":[{"embeddable":true,"href":"https:\/\/www.benevolenti.com\/de\/wp-json\/wp\/v2\/comments?post=16074"}],"wp:featuredmedia":[{"embeddable":true,"href":"https:\/\/www.benevolenti.com\/de\/wp-json\/wp\/v2\/media\/16085"}],"wp:attachment":[{"href":"https:\/\/www.benevolenti.com\/de\/wp-json\/wp\/v2\/media?parent=16074"}],"wp:term":[{"taxonomy":"product_brand","embeddable":true,"href":"https:\/\/www.benevolenti.com\/de\/wp-json\/wp\/v2\/product_brand?post=16074"},{"taxonomy":"product_cat","embeddable":true,"href":"https:\/\/www.benevolenti.com\/de\/wp-json\/wp\/v2\/product_cat?post=16074"},{"taxonomy":"product_tag","embeddable":true,"href":"https:\/\/www.benevolenti.com\/de\/wp-json\/wp\/v2\/product_tag?post=16074"}],"curies":[{"name":"wp","href":"https:\/\/api.w.org\/{rel}","templated":true}]}}