{"id":16055,"date":"2019-11-29T11:26:46","date_gmt":"2019-11-29T10:26:46","guid":{"rendered":"https:\/\/www.benevolenti.com\/?post_type=product&#038;p=16055"},"modified":"2024-11-10T12:34:34","modified_gmt":"2024-11-10T11:34:34","slug":"halsband-donut","status":"publish","type":"product","link":"https:\/\/www.benevolenti.com\/de\/produkt\/halsband-donut\/","title":{"rendered":"HALSBAND Donut"},"content":{"rendered":"<p>Ein Leder- oder Seidenband und ein Lieblingsstein &#8211; in einem Baumwollbeutel mit Steinbeschreibung und gutem Wunsch. Mehr braucht es nicht um zu zeigen, Du bist mir wichtig!<\/p>\n<p>Nat\u00fcrlich l\u00e4sst sich der Stein auch mit einem Lieblingsschmuckst\u00fcck oder mit einer Halskette von BENEVOLENTI (<a href=\"https:\/\/www.benevolenti.com\/de\/produkt\/silver-rolo-chain-necklace\/\">Rolo<\/a>\u00a0oder <a href=\"https:\/\/www.benevolenti.com\/de\/produkt\/kugelketten-925-silber-vergoldet\/\">Kugel Ketten,\u00a0<\/a>L\u00e4nge 40cm ideal) kombinieren.<\/p>\n<p>Folgende Steine stehen zur Wahl:<br \/>\nAmethyst (violett): Konzentration und Friede<br \/>\nAventurin (gr\u00fcn): Mut und Gelassenheit<br \/>\nBergkristall (durchsichtig): Klarheit und Energie<br \/>\nChalcedon (hellblau): Kommunikation und Flexibilit\u00e4t<br \/>\nKarneol (braun orange): Mut und gute Laune<br \/>\nLapislazuli (blau): Wahrheit und Freundschaft<br \/>\nMagnesit (weiss):\u00a0<span>Gelassenheit und Konzentration<\/span><br \/>\nRhodonit (rosa): Trost und Verzeihen<br \/>\nRosenquarz (rosa): Leidenschaft und Herzenskraft<br \/>\nTigerauge (gelb braun): Durchblick und Ruhe<\/p>\n<p>Gr\u00f6sse Donut ca. 2.3cm.<\/p>\n<p>&nbsp;<\/p>\n","protected":false},"excerpt":{"rendered":"<p>Ein Leder- oder Seidenband und ein Lieblingsstein &#8211; in einem Baumwollbeutel mit Steinbeschreibung und gutem Wunsch. Mehr braucht es nicht um zu zeigen, Du bist mir wichtig! Nat\u00fcrlich l\u00e4sst sich der Stein auch mit einem Lieblingsschmuckst\u00fcck oder mit einer Halskette von BENEVOLENTI (Rolo\u00a0oder Kugel Ketten,\u00a0L\u00e4nge 40cm ideal) kombinieren. Folgende Steine&#8230; <a class=\"more-link\" href=\"https:\/\/www.benevolenti.com\/de\/produkt\/halsband-donut\/\">Mehr<\/a><\/p>\n","protected":false},"featured_media":16064,"comment_status":"open","ping_status":"closed","template":"","meta":[],"product_brand":[],"product_cat":[742],"product_tag":[448,619,615,689,596,598,660,669,610,699],"class_list":{"0":"post-16055","1":"product","2":"type-product","3":"status-publish","4":"has-post-thumbnail","6":"product_cat-kinderhals-2","7":"product_tag-amethyst","8":"product_tag-aventurin","9":"product_tag-bergkristall","10":"product_tag-chalcedon","11":"product_tag-karneol","12":"product_tag-lapislazuli","13":"product_tag-magnesit","14":"product_tag-rhodonit","15":"product_tag-rosenquarz","16":"product_tag-tigerauge","18":"first","19":"instock","20":"shipping-taxable","21":"purchasable","22":"product-type-variable","23":"has-default-attributes"},"jetpack_sharing_enabled":true,"_links":{"self":[{"href":"https:\/\/www.benevolenti.com\/de\/wp-json\/wp\/v2\/product\/16055","targetHints":{"allow":["GET"]}}],"collection":[{"href":"https:\/\/www.benevolenti.com\/de\/wp-json\/wp\/v2\/product"}],"about":[{"href":"https:\/\/www.benevolenti.com\/de\/wp-json\/wp\/v2\/types\/product"}],"replies":[{"embeddable":true,"href":"https:\/\/www.benevolenti.com\/de\/wp-json\/wp\/v2\/comments?post=16055"}],"wp:featuredmedia":[{"embeddable":true,"href":"https:\/\/www.benevolenti.com\/de\/wp-json\/wp\/v2\/media\/16064"}],"wp:attachment":[{"href":"https:\/\/www.benevolenti.com\/de\/wp-json\/wp\/v2\/media?parent=16055"}],"wp:term":[{"taxonomy":"product_brand","embeddable":true,"href":"https:\/\/www.benevolenti.com\/de\/wp-json\/wp\/v2\/product_brand?post=16055"},{"taxonomy":"product_cat","embeddable":true,"href":"https:\/\/www.benevolenti.com\/de\/wp-json\/wp\/v2\/product_cat?post=16055"},{"taxonomy":"product_tag","embeddable":true,"href":"https:\/\/www.benevolenti.com\/de\/wp-json\/wp\/v2\/product_tag?post=16055"}],"curies":[{"name":"wp","href":"https:\/\/api.w.org\/{rel}","templated":true}]}}