{"id":16038,"date":"2019-11-29T10:23:47","date_gmt":"2019-11-29T09:23:47","guid":{"rendered":"https:\/\/www.benevolenti.com\/?post_type=product&#038;p=16038"},"modified":"2021-11-14T17:24:46","modified_gmt":"2021-11-14T16:24:46","slug":"anhaenger-optimismus","status":"publish","type":"product","link":"https:\/\/www.benevolenti.com\/de\/produkt\/anhaenger-optimismus\/","title":{"rendered":"ANH\u00c4NGER Gl\u00fcck"},"content":{"rendered":"<p>Sonnenstein hilft, das eigene Leben anzunehmen, den Wahrnehmungsfilter auf positive Ereignisse einzustellen und die eigenen St\u00e4rken und Sonnenseiten strahlen zu lassen. Er bringt den Glauben an das Gl\u00fcck zur\u00fcck, macht optimistisch und tatkr\u00e4ftig. Er bringt Lebensfreude, Selbstwertgef\u00fchl und Selbstvertrauen.<\/p>\n<p>Auf k\u00f6rperlicher Ebene regt Sonnenstein die Selbstheilkr\u00e4fte an. Er stimuliert das vegetative Nervensystem und sorgt f\u00fcr ein harmonisches Zusammenwirken aller Organe.<\/p>\n<p>Das K\u00e4rtchen mit dem Wunsch \u201eViel Gl\u00fcck!\u201c sowie die Stein-Beschreibungen im Sch\u00e4chtelchen bekr\u00e4ftigen die Wirkung dieses BENEVOLENTI.<\/p>\n<p>Anh\u00e4nger aus Sonnenstein, Gr\u00f6sse ca. 2cm kombiniert mit kleiner Sonnensteinkugel am Verschluss. Beide k\u00f6nnen an beliebige Kette geh\u00e4ngt werden, an Schl\u00fcsselanh\u00e4nger oder Armband.<\/p>\n<p>Achtung, jeder Stein ist ganz anders, weil ein Naturprodukt. Ich verwende immer den Allersch\u00f6nsten, den ich noch habe, f\u00fcr die Anfertigung einer Bestellung.<\/p>\n","protected":false},"excerpt":{"rendered":"<p>Sonnenstein hilft, das eigene Leben anzunehmen, den Wahrnehmungsfilter auf positive Ereignisse einzustellen und die eigenen St\u00e4rken und Sonnenseiten strahlen zu lassen. Er bringt den Glauben an das Gl\u00fcck zur\u00fcck, macht optimistisch und tatkr\u00e4ftig. Er bringt Lebensfreude, Selbstwertgef\u00fchl und Selbstvertrauen. Auf k\u00f6rperlicher Ebene regt Sonnenstein die Selbstheilkr\u00e4fte an. Er stimuliert das&#8230; <a class=\"more-link\" href=\"https:\/\/www.benevolenti.com\/de\/produkt\/anhaenger-optimismus\/\">Mehr<\/a><\/p>\n","protected":false},"featured_media":16948,"comment_status":"open","ping_status":"closed","template":"","meta":[],"product_brand":[],"product_cat":[334,643,588],"product_tag":[624],"class_list":{"0":"post-16038","1":"product","2":"type-product","3":"status-publish","4":"has-post-thumbnail","6":"product_cat-anhanger","7":"product_cat-geschenke-fuer-sie","8":"product_cat-liebe-glueck","9":"product_tag-sonnenstein","11":"first","12":"instock","13":"shipping-taxable","14":"purchasable","15":"product-type-variable"},"jetpack_sharing_enabled":true,"_links":{"self":[{"href":"https:\/\/www.benevolenti.com\/de\/wp-json\/wp\/v2\/product\/16038","targetHints":{"allow":["GET"]}}],"collection":[{"href":"https:\/\/www.benevolenti.com\/de\/wp-json\/wp\/v2\/product"}],"about":[{"href":"https:\/\/www.benevolenti.com\/de\/wp-json\/wp\/v2\/types\/product"}],"replies":[{"embeddable":true,"href":"https:\/\/www.benevolenti.com\/de\/wp-json\/wp\/v2\/comments?post=16038"}],"wp:featuredmedia":[{"embeddable":true,"href":"https:\/\/www.benevolenti.com\/de\/wp-json\/wp\/v2\/media\/16948"}],"wp:attachment":[{"href":"https:\/\/www.benevolenti.com\/de\/wp-json\/wp\/v2\/media?parent=16038"}],"wp:term":[{"taxonomy":"product_brand","embeddable":true,"href":"https:\/\/www.benevolenti.com\/de\/wp-json\/wp\/v2\/product_brand?post=16038"},{"taxonomy":"product_cat","embeddable":true,"href":"https:\/\/www.benevolenti.com\/de\/wp-json\/wp\/v2\/product_cat?post=16038"},{"taxonomy":"product_tag","embeddable":true,"href":"https:\/\/www.benevolenti.com\/de\/wp-json\/wp\/v2\/product_tag?post=16038"}],"curies":[{"name":"wp","href":"https:\/\/api.w.org\/{rel}","templated":true}]}}