{"id":15978,"date":"2020-02-13T14:05:13","date_gmt":"2020-02-13T13:05:13","guid":{"rendered":"https:\/\/www.benevolenti.com\/?post_type=product&#038;p=15978"},"modified":"2024-11-10T12:34:23","modified_gmt":"2024-11-10T11:34:23","slug":"halskette-donut","status":"publish","type":"product","link":"https:\/\/www.benevolenti.com\/de\/produkt\/halskette-donut\/","title":{"rendered":"HALSKETTE Donut"},"content":{"rendered":"<p>Trage jeden Tag den Stein, der Dich anspringt!<\/p>\n<p>Je \u00f6fter Du Deine Intuition f\u00fcr die Steinwahl nutzt, desto klarer wird sie mit der Zeit.<\/p>\n<p>Jedes St\u00fcck kommt mit Wunsch und Steinbeschreibung auf handgeschriebener Karte. Jeden weiteren Stein einfach im Checkout vermerken, pro zus\u00e4tzlichen Stein kommt CHF 8.- dazu.<\/p>\n<p>Folgende Steine stehen zur Wahl:<br \/>\nAmethyst (violett): Konzentration und Friede<br \/>\nAventurin (gr\u00fcn): Mut und Gelassenheit<br \/>\nBergkristall (durchsichtig): Klarheit und Energie<br \/>\nChrysopras (grasgr\u00fcn): Entgiftung und Alptr\u00e4ume loslassen<br \/>\nGranat (dunkelrot): Willenskraft und Widerstandskraft<br \/>\nKarneol (braun): Mut und gute Laune<br \/>\nLapislazuli (blau): Wahrheit und Freundschaft<br \/>\nMondstein (beige ros\u00e9): Ausgeglichenheit und Intuition<br \/>\nRhodonit (rosa): Trost und Verzeihen<br \/>\nRosenquarz (rosa): Leidenschaft und Herzenskraft<br \/>\nSchwarzer Turmalin: Energie und Schutz<\/p>\n<p>925 Silber (vergoldet oder ros\u00e9vergoldet).<br \/>\nL\u00e4nge frei w\u00e4hlbar.<br \/>\nF\u00fcr Kinder und Erwachsene.<br \/>\nGr\u00f6sse Donut 1.5cm.<\/p>\n<p>Nachbestellungen von einzelnen Steinen inkl. Beschreibung, Verpackung und Shipping kosten CHF 15.-<\/p>\n","protected":false},"excerpt":{"rendered":"<p>Trage jeden Tag den Stein, der Dich anspringt! Je \u00f6fter Du Deine Intuition f\u00fcr die Steinwahl nutzt, desto klarer wird sie mit der Zeit. Jedes St\u00fcck kommt mit Wunsch und Steinbeschreibung auf handgeschriebener Karte. Jeden weiteren Stein einfach im Checkout vermerken, pro zus\u00e4tzlichen Stein kommt CHF 8.- dazu. Folgende Steine&#8230; <a class=\"more-link\" href=\"https:\/\/www.benevolenti.com\/de\/produkt\/halskette-donut\/\">Mehr<\/a><\/p>\n","protected":false},"featured_media":15997,"comment_status":"open","ping_status":"closed","template":"","meta":[],"product_brand":[],"product_cat":[742,332],"product_tag":[448,619,615,657,599,596,598,217,610,604],"class_list":{"0":"post-15978","1":"product","2":"type-product","3":"status-publish","4":"has-post-thumbnail","6":"product_cat-kinderhals-2","7":"product_cat-ketten","8":"product_tag-amethyst","9":"product_tag-aventurin","10":"product_tag-bergkristall","11":"product_tag-chrysopras","12":"product_tag-granat","13":"product_tag-karneol","14":"product_tag-lapislazuli","15":"product_tag-mondstein","16":"product_tag-rosenquarz","17":"product_tag-schwarzer-turmalin","19":"first","20":"instock","21":"shipping-taxable","22":"purchasable","23":"product-type-variable"},"jetpack_sharing_enabled":true,"_links":{"self":[{"href":"https:\/\/www.benevolenti.com\/de\/wp-json\/wp\/v2\/product\/15978","targetHints":{"allow":["GET"]}}],"collection":[{"href":"https:\/\/www.benevolenti.com\/de\/wp-json\/wp\/v2\/product"}],"about":[{"href":"https:\/\/www.benevolenti.com\/de\/wp-json\/wp\/v2\/types\/product"}],"replies":[{"embeddable":true,"href":"https:\/\/www.benevolenti.com\/de\/wp-json\/wp\/v2\/comments?post=15978"}],"wp:featuredmedia":[{"embeddable":true,"href":"https:\/\/www.benevolenti.com\/de\/wp-json\/wp\/v2\/media\/15997"}],"wp:attachment":[{"href":"https:\/\/www.benevolenti.com\/de\/wp-json\/wp\/v2\/media?parent=15978"}],"wp:term":[{"taxonomy":"product_brand","embeddable":true,"href":"https:\/\/www.benevolenti.com\/de\/wp-json\/wp\/v2\/product_brand?post=15978"},{"taxonomy":"product_cat","embeddable":true,"href":"https:\/\/www.benevolenti.com\/de\/wp-json\/wp\/v2\/product_cat?post=15978"},{"taxonomy":"product_tag","embeddable":true,"href":"https:\/\/www.benevolenti.com\/de\/wp-json\/wp\/v2\/product_tag?post=15978"}],"curies":[{"name":"wp","href":"https:\/\/api.w.org\/{rel}","templated":true}]}}