{"id":15942,"date":"2024-11-11T13:32:26","date_gmt":"2024-11-11T12:32:26","guid":{"rendered":"https:\/\/www.benevolenti.com\/?post_type=product&#038;p=15942"},"modified":"2025-11-02T08:08:17","modified_gmt":"2025-11-02T07:08:17","slug":"wunscharmband-lebensblume","status":"publish","type":"product","link":"https:\/\/www.benevolenti.com\/de\/produkt\/wunscharmband-lebensblume\/","title":{"rendered":"WUNSCH ARMBAND Lebensblume Kristall"},"content":{"rendered":"<p>Ein wundersch\u00f6ner Silberanh\u00e4nger in Form der Blume des Lebens kombiniert mit einem kleinen, nat\u00fcrlich gewachsenen Bergkristall.<\/p>\n<p>100% Naturseide.<br \/>\n(Vergoldetes) 925 Silber.<br \/>\nBergkristall Doppelender, jeder ist anders.<br \/>\nHandgeschriebene und -gestempelte Karte.<\/p>\n","protected":false},"excerpt":{"rendered":"<p>Ein wundersch\u00f6ner Silberanh\u00e4nger in Form der Blume des Lebens kombiniert mit einem kleinen, nat\u00fcrlich gewachsenen Bergkristall. 100% Naturseide. (Vergoldetes) 925 Silber. Bergkristall Doppelender, jeder ist anders. Handgeschriebene und -gestempelte Karte.<\/p>\n","protected":false},"featured_media":22146,"comment_status":"open","ping_status":"closed","template":"","meta":[],"product_brand":[],"product_cat":[595,589,336],"product_tag":[605],"class_list":{"0":"post-15942","1":"product","2":"type-product","3":"status-publish","4":"has-post-thumbnail","6":"product_cat-kraft-energie","7":"product_cat-schutz","8":"product_cat-seide","9":"product_tag-muskovit","11":"first","12":"instock","13":"shipping-taxable","14":"purchasable","15":"product-type-variable"},"jetpack_sharing_enabled":true,"_links":{"self":[{"href":"https:\/\/www.benevolenti.com\/de\/wp-json\/wp\/v2\/product\/15942","targetHints":{"allow":["GET"]}}],"collection":[{"href":"https:\/\/www.benevolenti.com\/de\/wp-json\/wp\/v2\/product"}],"about":[{"href":"https:\/\/www.benevolenti.com\/de\/wp-json\/wp\/v2\/types\/product"}],"replies":[{"embeddable":true,"href":"https:\/\/www.benevolenti.com\/de\/wp-json\/wp\/v2\/comments?post=15942"}],"wp:featuredmedia":[{"embeddable":true,"href":"https:\/\/www.benevolenti.com\/de\/wp-json\/wp\/v2\/media\/22146"}],"wp:attachment":[{"href":"https:\/\/www.benevolenti.com\/de\/wp-json\/wp\/v2\/media?parent=15942"}],"wp:term":[{"taxonomy":"product_brand","embeddable":true,"href":"https:\/\/www.benevolenti.com\/de\/wp-json\/wp\/v2\/product_brand?post=15942"},{"taxonomy":"product_cat","embeddable":true,"href":"https:\/\/www.benevolenti.com\/de\/wp-json\/wp\/v2\/product_cat?post=15942"},{"taxonomy":"product_tag","embeddable":true,"href":"https:\/\/www.benevolenti.com\/de\/wp-json\/wp\/v2\/product_tag?post=15942"}],"curies":[{"name":"wp","href":"https:\/\/api.w.org\/{rel}","templated":true}]}}