{"id":15918,"date":"2019-11-08T11:54:35","date_gmt":"2019-11-08T10:54:35","guid":{"rendered":"https:\/\/www.benevolenti.com\/?post_type=product&#038;p=15918"},"modified":"2024-11-10T10:45:13","modified_gmt":"2024-11-10T09:45:13","slug":"partnerarmband-kreis","status":"publish","type":"product","link":"https:\/\/www.benevolenti.com\/de\/produkt\/partnerarmband-kreis\/","title":{"rendered":"PARTNER ARMBAND Kreis"},"content":{"rendered":"<p>F\u00fcr zwei Partner in Crime.<\/p>\n<p>Ob f\u00fcr M\u00e4nner oder Frauen, M\u00fctter und T\u00f6chter, Liebespaare oder Geschwister, ein wunderbar reduziertes, aber auch auff\u00e4lliges Armand &#8211; wenn der Kreis etwas \u00fcber dem Handgelenk eng anliegend getragen.<\/p>\n<p>Partnerarmband 925 Silber (vergoldet), auf Seide, mit verstellbarem Verschluss.<br \/>\nDer grosse Kreis hat einen Durchmesser von 1.8 cm.<\/p>\n<p>&nbsp;<\/p>\n","protected":false},"excerpt":{"rendered":"<p>F\u00fcr zwei Partner in Crime. Ob f\u00fcr M\u00e4nner oder Frauen, M\u00fctter und T\u00f6chter, Liebespaare oder Geschwister, ein wunderbar reduziertes, aber auch auff\u00e4lliges Armand &#8211; wenn der Kreis etwas \u00fcber dem Handgelenk eng anliegend getragen. Partnerarmband 925 Silber (vergoldet), auf Seide, mit verstellbarem Verschluss. Der grosse Kreis hat einen Durchmesser von&#8230; <a class=\"more-link\" href=\"https:\/\/www.benevolenti.com\/de\/produkt\/partnerarmband-kreis\/\">Mehr<\/a><\/p>\n","protected":false},"featured_media":15924,"comment_status":"open","ping_status":"closed","template":"","meta":[],"product_brand":[],"product_cat":[708,320,588,679],"product_tag":[],"class_list":{"0":"post-15918","1":"product","2":"type-product","3":"status-publish","4":"has-post-thumbnail","6":"product_cat-weihnachten-2","7":"product_cat-familie","8":"product_cat-liebe-glueck","9":"product_cat-hochzeit","11":"first","12":"instock","13":"shipping-taxable","14":"purchasable","15":"product-type-variable"},"jetpack_sharing_enabled":true,"_links":{"self":[{"href":"https:\/\/www.benevolenti.com\/de\/wp-json\/wp\/v2\/product\/15918","targetHints":{"allow":["GET"]}}],"collection":[{"href":"https:\/\/www.benevolenti.com\/de\/wp-json\/wp\/v2\/product"}],"about":[{"href":"https:\/\/www.benevolenti.com\/de\/wp-json\/wp\/v2\/types\/product"}],"replies":[{"embeddable":true,"href":"https:\/\/www.benevolenti.com\/de\/wp-json\/wp\/v2\/comments?post=15918"}],"wp:featuredmedia":[{"embeddable":true,"href":"https:\/\/www.benevolenti.com\/de\/wp-json\/wp\/v2\/media\/15924"}],"wp:attachment":[{"href":"https:\/\/www.benevolenti.com\/de\/wp-json\/wp\/v2\/media?parent=15918"}],"wp:term":[{"taxonomy":"product_brand","embeddable":true,"href":"https:\/\/www.benevolenti.com\/de\/wp-json\/wp\/v2\/product_brand?post=15918"},{"taxonomy":"product_cat","embeddable":true,"href":"https:\/\/www.benevolenti.com\/de\/wp-json\/wp\/v2\/product_cat?post=15918"},{"taxonomy":"product_tag","embeddable":true,"href":"https:\/\/www.benevolenti.com\/de\/wp-json\/wp\/v2\/product_tag?post=15918"}],"curies":[{"name":"wp","href":"https:\/\/api.w.org\/{rel}","templated":true}]}}