{"id":15812,"date":"2019-11-07T23:19:00","date_gmt":"2019-11-07T22:19:00","guid":{"rendered":"https:\/\/www.benevolenti.com\/?post_type=product&#038;p=15812"},"modified":"2025-01-05T14:04:45","modified_gmt":"2025-01-05T13:04:45","slug":"waage-sternzeichenschmuck","status":"publish","type":"product","link":"https:\/\/www.benevolenti.com\/de\/produkt\/waage-sternzeichenschmuck\/","title":{"rendered":"WAAGE &#8211; Sternzeichenschmuck"},"content":{"rendered":"<p>\u201eMit dem Zeichen Waage und der Tag- und Nachtgleiche beginnt der Herbst. So ist Waage vor alle das Zeichen des Ausgleichs. Das Ego verliert an Bedeutung und zwischenmenschliche und gemeinschaftliche Belange treten in den Vordergrund. Die Waage ist immer bestrebt, sich zu integrieren, in ihrer Umgebung und ihren zwischenmenschlichen Beziehungen Harmonie zu schaffe, Frieden zu stiften, zu vermitteln sowie Gegens\u00e4tze und Spannungen auszugleichen. Daf\u00fcr stellt sie ihre pers\u00f6nlichen Bed\u00fcrfnisse zur\u00fcck. Die Waage ist von Natur aus kontaktfreudig und ausgestattet mit diplomatischem Geschick. Sie ist bekannt f\u00fcr ihre Liebensw\u00fcrdigkeit, ihr taktvolles Vorgehen und ihren Gerechtigkeitssinn.\u201c<\/p>\n<p>Die BENEVOLENTI Sternzeichen Kollektion umfasst<\/p>\n<ul>\n<li>ein Armband<\/li>\n<li>eine Halskette<\/li>\n<li>ein Fingerring<\/li>\n<\/ul>\n<p>Widder (21.3. &#8211; 20.4.) * Stier (21.4. &#8211; 20.5.) * Zwillinge (21.5. &#8211; 21.6.) * Krebs (22.6. &#8211; 22.7.) * L\u00f6we (23.7. &#8211; 23.8.) * Jungfrau (24.8. &#8211; 23.9.) * Waage (24.9. &#8211; 23.10.) * Sch\u00fctze (23.11. &#8211; 21.12.) * Steinbock (22.12. &#8211; 20. Januar) * Wassermann (21.1. &#8211; 19.2.) * Fische (20.2. &#8211; 20.3.)<\/p>\n","protected":false},"excerpt":{"rendered":"<p>\u201eMit dem Zeichen Waage und der Tag- und Nachtgleiche beginnt der Herbst. So ist Waage vor alle das Zeichen des Ausgleichs. Das Ego verliert an Bedeutung und zwischenmenschliche und gemeinschaftliche Belange treten in den Vordergrund. Die Waage ist immer bestrebt, sich zu integrieren, in ihrer Umgebung und ihren zwischenmenschlichen Beziehungen&#8230; <a class=\"more-link\" href=\"https:\/\/www.benevolenti.com\/de\/produkt\/waage-sternzeichenschmuck\/\">Mehr<\/a><\/p>\n","protected":false},"featured_media":15559,"comment_status":"open","ping_status":"closed","template":"","meta":[],"product_brand":[],"product_cat":[165],"product_tag":[640],"class_list":{"0":"post-15812","1":"product","2":"type-product","3":"status-publish","4":"has-post-thumbnail","6":"product_cat-sternzeichen","7":"product_tag-smaragd","9":"first","10":"instock","11":"shipping-taxable","12":"purchasable","13":"product-type-variable","14":"has-default-attributes"},"jetpack_sharing_enabled":true,"_links":{"self":[{"href":"https:\/\/www.benevolenti.com\/de\/wp-json\/wp\/v2\/product\/15812","targetHints":{"allow":["GET"]}}],"collection":[{"href":"https:\/\/www.benevolenti.com\/de\/wp-json\/wp\/v2\/product"}],"about":[{"href":"https:\/\/www.benevolenti.com\/de\/wp-json\/wp\/v2\/types\/product"}],"replies":[{"embeddable":true,"href":"https:\/\/www.benevolenti.com\/de\/wp-json\/wp\/v2\/comments?post=15812"}],"wp:featuredmedia":[{"embeddable":true,"href":"https:\/\/www.benevolenti.com\/de\/wp-json\/wp\/v2\/media\/15559"}],"wp:attachment":[{"href":"https:\/\/www.benevolenti.com\/de\/wp-json\/wp\/v2\/media?parent=15812"}],"wp:term":[{"taxonomy":"product_brand","embeddable":true,"href":"https:\/\/www.benevolenti.com\/de\/wp-json\/wp\/v2\/product_brand?post=15812"},{"taxonomy":"product_cat","embeddable":true,"href":"https:\/\/www.benevolenti.com\/de\/wp-json\/wp\/v2\/product_cat?post=15812"},{"taxonomy":"product_tag","embeddable":true,"href":"https:\/\/www.benevolenti.com\/de\/wp-json\/wp\/v2\/product_tag?post=15812"}],"curies":[{"name":"wp","href":"https:\/\/api.w.org\/{rel}","templated":true}]}}