{"id":15802,"date":"2019-11-06T23:14:44","date_gmt":"2019-11-06T22:14:44","guid":{"rendered":"https:\/\/www.benevolenti.com\/?post_type=product&#038;p=15802"},"modified":"2025-01-05T14:05:20","modified_gmt":"2025-01-05T13:05:20","slug":"jungfrau-sternzeichenschmuck","status":"publish","type":"product","link":"https:\/\/www.benevolenti.com\/de\/produkt\/jungfrau-sternzeichenschmuck\/","title":{"rendered":"JUNGFRAU &#8211; Sternzeichenschmuck"},"content":{"rendered":"<p>\u201eJungfrau ist das Zeichen der Ernte. Der H\u00f6hepunkt des Sommers ist \u00fcberschritten, die Tage werden k\u00fcrzer, man bereitet sich auf den Winter vor. Jungfrau ist eine Zeit der Reflexion, man pr\u00fcft die bisherigen Resultate. Die Jungfrau ist eine Meisterin der Unterscheidungskraft und Kritikf\u00e4higkeit, der Anpassungsf\u00e4higkeit und Detailliebe. Dabei hilft ihr auch ihr ausgepr\u00e4gter Ordnungssinn und ihre klare, n\u00fcchterne Art zu denken.\u201c<\/p>\n<p>Die BENEVOLENTI Sternzeichen Kollektion umfasst<\/p>\n<ul>\n<li>ein Armband<\/li>\n<li>eine Halskette<\/li>\n<li>ein Fingerring<\/li>\n<\/ul>\n<p>Widder (21.3. &#8211; 20.4.) * Stier (21.4. &#8211; 20.5.) * Zwillinge (21.5. &#8211; 21.6.) * Krebs (22.6. &#8211; 22.7.) * L\u00f6we (23.7. &#8211; 23.8.) * Jungfrau (24.8. &#8211; 23.9.) * Waage (24.9. &#8211; 23.10.) * Sch\u00fctze (23.11. &#8211; 21.12.) * Steinbock (22.12. &#8211; 20. Januar) * Wassermann (21.1. &#8211; 19.2.) * Fische (20.2. &#8211; 20.3.)<\/p>\n","protected":false},"excerpt":{"rendered":"<p>\u201eJungfrau ist das Zeichen der Ernte. Der H\u00f6hepunkt des Sommers ist \u00fcberschritten, die Tage werden k\u00fcrzer, man bereitet sich auf den Winter vor. Jungfrau ist eine Zeit der Reflexion, man pr\u00fcft die bisherigen Resultate. Die Jungfrau ist eine Meisterin der Unterscheidungskraft und Kritikf\u00e4higkeit, der Anpassungsf\u00e4higkeit und Detailliebe. Dabei hilft ihr&#8230; <a class=\"more-link\" href=\"https:\/\/www.benevolenti.com\/de\/produkt\/jungfrau-sternzeichenschmuck\/\">Mehr<\/a><\/p>\n","protected":false},"featured_media":16017,"comment_status":"open","ping_status":"closed","template":"","meta":[],"product_brand":[],"product_cat":[165],"product_tag":[448],"class_list":{"0":"post-15802","1":"product","2":"type-product","3":"status-publish","4":"has-post-thumbnail","6":"product_cat-sternzeichen","7":"product_tag-amethyst","9":"first","10":"instock","11":"shipping-taxable","12":"purchasable","13":"product-type-variable","14":"has-default-attributes"},"jetpack_sharing_enabled":true,"_links":{"self":[{"href":"https:\/\/www.benevolenti.com\/de\/wp-json\/wp\/v2\/product\/15802","targetHints":{"allow":["GET"]}}],"collection":[{"href":"https:\/\/www.benevolenti.com\/de\/wp-json\/wp\/v2\/product"}],"about":[{"href":"https:\/\/www.benevolenti.com\/de\/wp-json\/wp\/v2\/types\/product"}],"replies":[{"embeddable":true,"href":"https:\/\/www.benevolenti.com\/de\/wp-json\/wp\/v2\/comments?post=15802"}],"wp:featuredmedia":[{"embeddable":true,"href":"https:\/\/www.benevolenti.com\/de\/wp-json\/wp\/v2\/media\/16017"}],"wp:attachment":[{"href":"https:\/\/www.benevolenti.com\/de\/wp-json\/wp\/v2\/media?parent=15802"}],"wp:term":[{"taxonomy":"product_brand","embeddable":true,"href":"https:\/\/www.benevolenti.com\/de\/wp-json\/wp\/v2\/product_brand?post=15802"},{"taxonomy":"product_cat","embeddable":true,"href":"https:\/\/www.benevolenti.com\/de\/wp-json\/wp\/v2\/product_cat?post=15802"},{"taxonomy":"product_tag","embeddable":true,"href":"https:\/\/www.benevolenti.com\/de\/wp-json\/wp\/v2\/product_tag?post=15802"}],"curies":[{"name":"wp","href":"https:\/\/api.w.org\/{rel}","templated":true}]}}