{"id":15782,"date":"2019-11-02T23:05:32","date_gmt":"2019-11-02T22:05:32","guid":{"rendered":"https:\/\/www.benevolenti.com\/?post_type=product&#038;p=15782"},"modified":"2025-01-05T14:07:17","modified_gmt":"2025-01-05T13:07:17","slug":"stier-sternzeichenschmuck","status":"publish","type":"product","link":"https:\/\/www.benevolenti.com\/de\/produkt\/stier-sternzeichenschmuck\/","title":{"rendered":"STIER &#8211; Sternzeichenschmuck"},"content":{"rendered":"<p>\u201eWas mit dem Widder mit Freisetzung von Energie und der eigenst\u00e4ndigen Identit\u00e4t begann, erf\u00e4hrt nun im fixen Erdzeichen Stier eine Festigung und Stabilisierung. Das Zeichen Stier liegt in der Natur in der Zeit des Wachstums, der Ausbildung von Bl\u00e4tter und Wurzelwerk und der Aufnahme von N\u00e4hrstoffen aus dem Boden. Die St\u00e4rken des Stiers sind ein logisches, vern\u00fcnftiges Vorgehen, eine starke, Vertrauen erweckende innere Kraft und Stabilit\u00e4t und haben Geduld, die Dinge wachsen und reifen zu lassen, um anschliessen die Fr\u00fcchte ihrer Arbeit in vollen Z\u00fcgen zu geniessen.\u201c<\/p>\n<p>Die BENEVOLENTI Sternzeichen Kollektion umfasst<\/p>\n<ul>\n<li>ein Armband<\/li>\n<li>eine Halskette<\/li>\n<li>ein Fingerring<\/li>\n<\/ul>\n<p>Widder (21.3. &#8211; 20.4.) * Stier (21.4. &#8211; 20.5.) * Zwillinge (21.5. &#8211; 21.6.) * Krebs (22.6. &#8211; 22.7.) * L\u00f6we (23.7. &#8211; 23.8.) * Jungfrau (24.8. &#8211; 23.9.) * Waage (24.9. &#8211; 23.10.) * Sch\u00fctze (23.11. &#8211; 21.12.) * Steinbock (22.12. &#8211; 20. Januar) * Wassermann (21.1. &#8211; 19.2.) * Fische (20.2. &#8211; 20.3.)<\/p>\n","protected":false},"excerpt":{"rendered":"<p>\u201eWas mit dem Widder mit Freisetzung von Energie und der eigenst\u00e4ndigen Identit\u00e4t begann, erf\u00e4hrt nun im fixen Erdzeichen Stier eine Festigung und Stabilisierung. Das Zeichen Stier liegt in der Natur in der Zeit des Wachstums, der Ausbildung von Bl\u00e4tter und Wurzelwerk und der Aufnahme von N\u00e4hrstoffen aus dem Boden. Die&#8230; <a class=\"more-link\" href=\"https:\/\/www.benevolenti.com\/de\/produkt\/stier-sternzeichenschmuck\/\">Mehr<\/a><\/p>\n","protected":false},"featured_media":16021,"comment_status":"open","ping_status":"closed","template":"","meta":[],"product_brand":[],"product_cat":[165],"product_tag":[631],"class_list":{"0":"post-15782","1":"product","2":"type-product","3":"status-publish","4":"has-post-thumbnail","6":"product_cat-sternzeichen","7":"product_tag-rauchquarz","9":"first","10":"instock","11":"shipping-taxable","12":"purchasable","13":"product-type-variable","14":"has-default-attributes"},"jetpack_sharing_enabled":true,"_links":{"self":[{"href":"https:\/\/www.benevolenti.com\/de\/wp-json\/wp\/v2\/product\/15782","targetHints":{"allow":["GET"]}}],"collection":[{"href":"https:\/\/www.benevolenti.com\/de\/wp-json\/wp\/v2\/product"}],"about":[{"href":"https:\/\/www.benevolenti.com\/de\/wp-json\/wp\/v2\/types\/product"}],"replies":[{"embeddable":true,"href":"https:\/\/www.benevolenti.com\/de\/wp-json\/wp\/v2\/comments?post=15782"}],"wp:featuredmedia":[{"embeddable":true,"href":"https:\/\/www.benevolenti.com\/de\/wp-json\/wp\/v2\/media\/16021"}],"wp:attachment":[{"href":"https:\/\/www.benevolenti.com\/de\/wp-json\/wp\/v2\/media?parent=15782"}],"wp:term":[{"taxonomy":"product_brand","embeddable":true,"href":"https:\/\/www.benevolenti.com\/de\/wp-json\/wp\/v2\/product_brand?post=15782"},{"taxonomy":"product_cat","embeddable":true,"href":"https:\/\/www.benevolenti.com\/de\/wp-json\/wp\/v2\/product_cat?post=15782"},{"taxonomy":"product_tag","embeddable":true,"href":"https:\/\/www.benevolenti.com\/de\/wp-json\/wp\/v2\/product_tag?post=15782"}],"curies":[{"name":"wp","href":"https:\/\/api.w.org\/{rel}","templated":true}]}}