{"id":15750,"date":"2019-11-10T22:43:47","date_gmt":"2019-11-10T21:43:47","guid":{"rendered":"https:\/\/www.benevolenti.com\/?post_type=product&#038;p=15750"},"modified":"2025-01-05T14:02:04","modified_gmt":"2025-01-05T13:02:04","slug":"wassermann-sternzeichenschmuck","status":"publish","type":"product","link":"https:\/\/www.benevolenti.com\/de\/produkt\/wassermann-sternzeichenschmuck\/","title":{"rendered":"WASSERMANN &#8211; Sternzeichenschmuck"},"content":{"rendered":"<p>\u201eDas Zeichen Wassermann steht f\u00fcr Erneuerung, das Aufbrechen der alten Ordnung. Der Wassermann ist ein Individualist und Original, unkonventionell und erfinderisch. Bei allem Streben nach Freiheit und Individualit\u00e4t besitzt der Wassermann doch einen starken Gemeinschaftssinn. Die Ideale des Wassermanns sind Freiheit, Gleichberechtigung und Br\u00fcderlichkeit, das Schaffen von freundschaftlichen Verbindungen, in denen jeder seine individuelle Eigenart bewahren kann und gerade dadurch zur Entwicklung und zum Funktionieren des Ganzen beitr\u00e4gt. Dabei stellt sich ihm dann auch die Aufgabe, sehr Gegens\u00e4tzliches miteinander zu verbinden: Individualit\u00e4t und Gemeinschaftssinn, Freiheit und Gebundenheit, Ordnung und Chaos.\u201c<\/p>\n<p>Die BENEVOLENTI Sternzeichen Kollektion umfasst<\/p>\n<ul>\n<li>ein Armband<\/li>\n<li>eine Halskette<\/li>\n<li>ein Fingerring<\/li>\n<\/ul>\n<p>Widder (21.3. &#8211; 20.4.) * Stier (21.4. &#8211; 20.5.) * Zwillinge (21.5. &#8211; 21.6.) * Krebs (22.6. &#8211; 22.7.) * L\u00f6we (23.7. &#8211; 23.8.) * Jungfrau (24.8. &#8211; 23.9.) * Waage (24.9. &#8211; 23.10.) * Sch\u00fctze (23.11. &#8211; 21.12.) * Steinbock (22.12. &#8211; 20. Januar) * Wassermann (21.1. &#8211; 19.2.) * Fische (20.2. &#8211; 20.3.)<\/p>\n","protected":false},"excerpt":{"rendered":"<p>\u201eDas Zeichen Wassermann steht f\u00fcr Erneuerung, das Aufbrechen der alten Ordnung. Der Wassermann ist ein Individualist und Original, unkonventionell und erfinderisch. Bei allem Streben nach Freiheit und Individualit\u00e4t besitzt der Wassermann doch einen starken Gemeinschaftssinn. Die Ideale des Wassermanns sind Freiheit, Gleichberechtigung und Br\u00fcderlichkeit, das Schaffen von freundschaftlichen Verbindungen, in&#8230; <a class=\"more-link\" href=\"https:\/\/www.benevolenti.com\/de\/produkt\/wassermann-sternzeichenschmuck\/\">Mehr<\/a><\/p>\n","protected":false},"featured_media":16029,"comment_status":"open","ping_status":"closed","template":"","meta":[],"product_brand":[],"product_cat":[165],"product_tag":[670],"class_list":{"0":"post-15750","1":"product","2":"type-product","3":"status-publish","4":"has-post-thumbnail","6":"product_cat-sternzeichen","7":"product_tag-pinkopal","9":"first","10":"instock","11":"shipping-taxable","12":"purchasable","13":"product-type-variable","14":"has-default-attributes"},"jetpack_sharing_enabled":true,"_links":{"self":[{"href":"https:\/\/www.benevolenti.com\/de\/wp-json\/wp\/v2\/product\/15750","targetHints":{"allow":["GET"]}}],"collection":[{"href":"https:\/\/www.benevolenti.com\/de\/wp-json\/wp\/v2\/product"}],"about":[{"href":"https:\/\/www.benevolenti.com\/de\/wp-json\/wp\/v2\/types\/product"}],"replies":[{"embeddable":true,"href":"https:\/\/www.benevolenti.com\/de\/wp-json\/wp\/v2\/comments?post=15750"}],"wp:featuredmedia":[{"embeddable":true,"href":"https:\/\/www.benevolenti.com\/de\/wp-json\/wp\/v2\/media\/16029"}],"wp:attachment":[{"href":"https:\/\/www.benevolenti.com\/de\/wp-json\/wp\/v2\/media?parent=15750"}],"wp:term":[{"taxonomy":"product_brand","embeddable":true,"href":"https:\/\/www.benevolenti.com\/de\/wp-json\/wp\/v2\/product_brand?post=15750"},{"taxonomy":"product_cat","embeddable":true,"href":"https:\/\/www.benevolenti.com\/de\/wp-json\/wp\/v2\/product_cat?post=15750"},{"taxonomy":"product_tag","embeddable":true,"href":"https:\/\/www.benevolenti.com\/de\/wp-json\/wp\/v2\/product_tag?post=15750"}],"curies":[{"name":"wp","href":"https:\/\/api.w.org\/{rel}","templated":true}]}}