{"id":15740,"date":"2019-11-09T22:38:44","date_gmt":"2019-11-09T21:38:44","guid":{"rendered":"https:\/\/www.benevolenti.com\/?post_type=product&#038;p=15740"},"modified":"2025-01-05T14:03:10","modified_gmt":"2025-01-05T13:03:10","slug":"steinbock-sternzeichenschmuck","status":"publish","type":"product","link":"https:\/\/www.benevolenti.com\/de\/produkt\/steinbock-sternzeichenschmuck\/","title":{"rendered":"STEINBOCK &#8211; Sternzeichenschmuck"},"content":{"rendered":"<p>\u201eIm Zeichen Steinbock hat die Sonne ihren tiefsten Stand erreicht. Es ist eine Zeit der Pr\u00fcfung, ob die Ideen nun im realit\u00e4tsbezogenen Erdzeichen Steinbock innerhalb der materiellen Welt und des t\u00e4glichen Lebens umgesetzt werden k\u00f6nnen. Der Steinbock-Charakter zeigt Ausdauer, Disziplin, Willenskraft und Konsequenz und ist motiviert von seinem Pflichtbewusstsein und Verantwortungsgef\u00fchl der menschlichen Gemeinschaft und dem Leben gegen\u00fcber.\u201c<\/p>\n<p>Die BENEVOLENTI Sternzeichen Kollektion umfasst<\/p>\n<ul>\n<li>ein Armband<\/li>\n<li>eine Halskette<\/li>\n<li>ein Fingerring<\/li>\n<\/ul>\n<p>Widder (21.3. &#8211; 20.4.) * Stier (21.4. &#8211; 20.5.) * Zwillinge (21.5. &#8211; 21.6.) * Krebs (22.6. &#8211; 22.7.) * L\u00f6we (23.7. &#8211; 23.8.) * Jungfrau (24.8. &#8211; 23.9.) * Waage (24.9. &#8211; 23.10.) * Sch\u00fctze (23.11. &#8211; 21.12.) * Steinbock (22.12. &#8211; 20. Januar) * Wassermann (21.1. &#8211; 19.2.) * Fische (20.2. &#8211; 20.3.)<\/p>\n","protected":false},"excerpt":{"rendered":"<p>\u201eIm Zeichen Steinbock hat die Sonne ihren tiefsten Stand erreicht. Es ist eine Zeit der Pr\u00fcfung, ob die Ideen nun im realit\u00e4tsbezogenen Erdzeichen Steinbock innerhalb der materiellen Welt und des t\u00e4glichen Lebens umgesetzt werden k\u00f6nnen. Der Steinbock-Charakter zeigt Ausdauer, Disziplin, Willenskraft und Konsequenz und ist motiviert von seinem Pflichtbewusstsein und&#8230; <a class=\"more-link\" href=\"https:\/\/www.benevolenti.com\/de\/produkt\/steinbock-sternzeichenschmuck\/\">Mehr<\/a><\/p>\n","protected":false},"featured_media":15825,"comment_status":"open","ping_status":"closed","template":"","meta":[],"product_brand":[],"product_cat":[165],"product_tag":[611],"class_list":{"0":"post-15740","1":"product","2":"type-product","3":"status-publish","4":"has-post-thumbnail","6":"product_cat-sternzeichen","7":"product_tag-onyx","9":"first","10":"instock","11":"shipping-taxable","12":"purchasable","13":"product-type-variable","14":"has-default-attributes"},"jetpack_sharing_enabled":true,"_links":{"self":[{"href":"https:\/\/www.benevolenti.com\/de\/wp-json\/wp\/v2\/product\/15740","targetHints":{"allow":["GET"]}}],"collection":[{"href":"https:\/\/www.benevolenti.com\/de\/wp-json\/wp\/v2\/product"}],"about":[{"href":"https:\/\/www.benevolenti.com\/de\/wp-json\/wp\/v2\/types\/product"}],"replies":[{"embeddable":true,"href":"https:\/\/www.benevolenti.com\/de\/wp-json\/wp\/v2\/comments?post=15740"}],"wp:featuredmedia":[{"embeddable":true,"href":"https:\/\/www.benevolenti.com\/de\/wp-json\/wp\/v2\/media\/15825"}],"wp:attachment":[{"href":"https:\/\/www.benevolenti.com\/de\/wp-json\/wp\/v2\/media?parent=15740"}],"wp:term":[{"taxonomy":"product_brand","embeddable":true,"href":"https:\/\/www.benevolenti.com\/de\/wp-json\/wp\/v2\/product_brand?post=15740"},{"taxonomy":"product_cat","embeddable":true,"href":"https:\/\/www.benevolenti.com\/de\/wp-json\/wp\/v2\/product_cat?post=15740"},{"taxonomy":"product_tag","embeddable":true,"href":"https:\/\/www.benevolenti.com\/de\/wp-json\/wp\/v2\/product_tag?post=15740"}],"curies":[{"name":"wp","href":"https:\/\/api.w.org\/{rel}","templated":true}]}}